{"id":344935,"date":"2023-11-07T16:46:56","date_gmt":"2023-11-07T16:46:56","guid":{"rendered":"https:\/\/poccky.com\/?post_type=product&#038;p=344935"},"modified":"2023-11-07T16:47:09","modified_gmt":"2023-11-07T16:47:09","slug":"deboramexicaine-2","status":"publish","type":"product","link":"https:\/\/poccky.com\/index.php\/product\/deboramexicaine-2\/","title":{"rendered":"DeboraMexicaine"},"content":{"rendered":"","protected":false},"excerpt":{"rendered":"<p>BELLE FEMME ATTENTIVE ET SENSUELLE! PARIS 5 \u00c8ME Salut.je suis DEBORA Jeune et fra\u00eeche escorte.de origine MEXICAINE; Ma peau est velout\u00e9e.mes courbes d\u00e9licates&#8230;   Et surtout sexy \u00e0 souhait! Mon 1m65. mes 53 kg . mon 90C vous appartiendrons pour votre plus grand plaisir.Je vous offre un service exclusif et personnalis\u00e9!   Je suis \u00e0 l&#8217;\u00e9coute de tout les fantasmes.du plus classique au plus \u00e9rotique&#8230;   Instants p\u00e9tillants et raffin\u00e9s. massages de d\u00e9tente ou sensuel.vous l\u00e2cherez prise comme jamais.Une divine invitation \u00e0 l`\u00e9vasion.   Permettez moi de vous faire voyager dans le vice et la luxure. dans la h\u00e2te et la lenteur. dans l&#8217;action et la douceur&#8230;   Nous essaierons les plus sexy et acrobatiques positions.  Je fr\u00e9quente essentiellement les hommes gentlemen courtois. galants. de bonne \u00e9ducation et \u00e0 l&#8217;hygi\u00e8ne irr\u00e9prochable.M\u00caME MOI!   C&#8217;est dans mon appartement discret.propre.quartier agr\u00e9able que je vous re\u00e7ois \u00e0 partir de 9h jusqu&#8217;\u00e0 minuit 24h(Minuit).OU JE ME D\u00c8PLACE A VOTRE HOTEL SITU\u00c9 DANS PARIS!    Pas d&#8217;appels masqu\u00e9s et t\u00e9l\u00e9phones fixes.pas email. Merci de me contacter pour un \u00e9ventuel RDV par telephone:   BIZ DEBORA My details Below mentioned<\/p>\n<p>                Nationality:<br \/>\n                mexicaine <\/p>\n<p>                Languages:<br \/>\n                fran\u00e7aise- italienne &#8211; espagnol<\/p>\n<p>                Age:<br \/>\n                29<\/p>\n<p>                Height:<br \/>\n                165cm<\/p>\n<p>                Weight:<br \/>\n                53kg<\/p>\n<p>                Hair:<br \/>\n                longue.ch\u00e2tain <\/p>\n<p>                Eyes:<br \/>\n                bruns<\/p>\n<p>                Measurements:<br \/>\n                90-60-95<\/p>\n","protected":false},"featured_media":131003,"comment_status":"open","ping_status":"closed","template":"","meta":{"site-sidebar-layout":"default","site-content-layout":"","ast-site-content-layout":"","site-content-style":"default","site-sidebar-style":"default","ast-global-header-display":"","ast-banner-title-visibility":"","ast-main-header-display":"","ast-hfb-above-header-display":"","ast-hfb-below-header-display":"","ast-hfb-mobile-header-display":"","site-post-title":"","ast-breadcrumbs-content":"","ast-featured-img":"","footer-sml-layout":"","theme-transparent-header-meta":"","adv-header-id-meta":"","stick-header-meta":"","header-above-stick-meta":"","header-main-stick-meta":"","header-below-stick-meta":"","astra-migrate-meta-layouts":"default","ast-page-background-enabled":"default","ast-page-background-meta":{"desktop":{"background-color":"var(--ast-global-color-4)","background-image":"","background-repeat":"repeat","background-position":"center center","background-size":"auto","background-attachment":"scroll","background-type":"","background-media":"","overlay-type":"","overlay-color":"","overlay-opacity":"","overlay-gradient":""},"tablet":{"background-color":"","background-image":"","background-repeat":"repeat","background-position":"center center","background-size":"auto","background-attachment":"scroll","background-type":"","background-media":"","overlay-type":"","overlay-color":"","overlay-opacity":"","overlay-gradient":""},"mobile":{"background-color":"","background-image":"","background-repeat":"repeat","background-position":"center center","background-size":"auto","background-attachment":"scroll","background-type":"","background-media":"","overlay-type":"","overlay-color":"","overlay-opacity":"","overlay-gradient":""}},"ast-content-background-meta":{"desktop":{"background-color":"var(--ast-global-color-5)","background-image":"","background-repeat":"repeat","background-position":"center center","background-size":"auto","background-attachment":"scroll","background-type":"","background-media":"","overlay-type":"","overlay-color":"","overlay-opacity":"","overlay-gradient":""},"tablet":{"background-color":"var(--ast-global-color-5)","background-image":"","background-repeat":"repeat","background-position":"center center","background-size":"auto","background-attachment":"scroll","background-type":"","background-media":"","overlay-type":"","overlay-color":"","overlay-opacity":"","overlay-gradient":""},"mobile":{"background-color":"var(--ast-global-color-5)","background-image":"","background-repeat":"repeat","background-position":"center center","background-size":"auto","background-attachment":"scroll","background-type":"","background-media":"","overlay-type":"","overlay-color":"","overlay-opacity":"","overlay-gradient":""}}},"product_brand":[],"product_cat":[244,188,1118],"product_tag":[],"class_list":{"0":"post-344935","1":"product","2":"type-product","3":"status-publish","4":"has-post-thumbnail","6":"product_cat-france","7":"product_cat-freelancer","8":"product_cat-paris","9":"desktop-align-left","10":"tablet-align-left","11":"mobile-align-left","13":"first","14":"instock","15":"shipping-taxable","16":"product-type-simple"},"_links":{"self":[{"href":"https:\/\/poccky.com\/index.php\/wp-json\/wp\/v2\/product\/344935","targetHints":{"allow":["GET"]}}],"collection":[{"href":"https:\/\/poccky.com\/index.php\/wp-json\/wp\/v2\/product"}],"about":[{"href":"https:\/\/poccky.com\/index.php\/wp-json\/wp\/v2\/types\/product"}],"replies":[{"embeddable":true,"href":"https:\/\/poccky.com\/index.php\/wp-json\/wp\/v2\/comments?post=344935"}],"wp:featuredmedia":[{"embeddable":true,"href":"https:\/\/poccky.com\/index.php\/wp-json\/wp\/v2\/media\/131003"}],"wp:attachment":[{"href":"https:\/\/poccky.com\/index.php\/wp-json\/wp\/v2\/media?parent=344935"}],"wp:term":[{"taxonomy":"product_brand","embeddable":true,"href":"https:\/\/poccky.com\/index.php\/wp-json\/wp\/v2\/product_brand?post=344935"},{"taxonomy":"product_cat","embeddable":true,"href":"https:\/\/poccky.com\/index.php\/wp-json\/wp\/v2\/product_cat?post=344935"},{"taxonomy":"product_tag","embeddable":true,"href":"https:\/\/poccky.com\/index.php\/wp-json\/wp\/v2\/product_tag?post=344935"}],"curies":[{"name":"wp","href":"https:\/\/api.w.org\/{rel}","templated":true}]}}