{"id":344876,"date":"2023-11-07T16:33:32","date_gmt":"2023-11-07T16:33:32","guid":{"rendered":"https:\/\/poccky.com\/?post_type=product&#038;p=344876"},"modified":"2023-11-07T16:33:34","modified_gmt":"2023-11-07T16:33:34","slug":"canakkale-escort-bayan-vip-partner-naz-4","status":"publish","type":"product","link":"https:\/\/poccky.com\/index.php\/product\/canakkale-escort-bayan-vip-partner-naz-4\/","title":{"rendered":"CANAKKALE ESCORT BAYAN VIP PARTNER NAZ"},"content":{"rendered":"","protected":false},"excerpt":{"rendered":"<p>\u00c7ANAKKALE ESCORT BAYAN NAZ (\u00c7anakkale. Assos. K\u00fc\u00e7\u00fckkuyu. Ayvac?k. Bayrami\u00e7. Biga. Bozcaada. \u00c7an. Eceabat. Ezine. Geyikli. Gelibolu. G\u00f6k\u00e7eada Lapseki. Yenice) MERHABA EL?TE BEYLER\u2026 M\u00dcKEMMEL B?R F?Z?GE SAHIP. \u00c7EK?C? VE G\u00dcZEL. BAKIMLI VE HER ZAMAN ?\u00c7?N ?IK B?R BAYANIM\u2026 H?JYEN VE TEM?ZL?K BEN?M ?\u00c7?N \u00c7OK \u00d6NEML?D?R\u2026 ANAL ?L??K? YOKTUR\u2026 CONDOM KULLANMAK ?ARTTIR\u2026 ?L?SK?LER?MDE MEMNUN?YET VE G?ZL?L?K OLMAZSA OLMAZIMDIR\u2026 ?EH?RDI?I SEYAHAT ENGEL?M YOKTUR\u2026 EN KISA G\u00d6R\u00dc?ME S\u00dcRES? 2 SAATTEN BA?LAMAKTADIR\u2026 2 SAATL?K E?L?K \u00dcCRET?M 600 TL. 3 SAATL?K 800 TL. gecelik ise 1500 TL \u2019D?R\u2026. \u00dcCRET?M SAB?TT?R PAZARLIK ETMEY?N?Z\u2026 OTEL DI?INDA B?R MEKAN TEKL?F? ?STEM?YORUM\u2026 B?R G\u00dcN \u00d6NCEDEN RANDEVU ALMALISINIZ\u2026 C?DD? OLANLAR KEND?LER?N? TANITAN (?EH?R. MESLEK. TELEFON NUMARASI. UYGUN OLDUGU G\u00dcN VB. B?G?LER) MA?L ATSIN D\u00d6N\u00dc? YAPILACAKTIR\u2026 NOT: B?LG?LER? D?KKATL? OKUYUN PAZARLIK YAPMAYIN VE TEKRAR SORU SORMAYIN\u2026 mail:prenses482010.hotmail.com My details Below mentioned<\/p>\n<p>                Nationality:<br \/>\n                Melez  <\/p>\n<p>                Languages:<br \/>\n                Turkish-English<\/p>\n<p>                Age:<br \/>\n                29<\/p>\n<p>                Height:<br \/>\n                172<\/p>\n<p>                Weight:<br \/>\n                50<\/p>\n<p>                Hair:<br \/>\n                Long Blonde<\/p>\n<p>                Eyes:<br \/>\n                Blue<\/p>\n<p>                Measurements:<br \/>\n                90-60-90phone_android Phone:<br \/>\n          90286<\/p>\n","protected":false},"featured_media":127482,"comment_status":"open","ping_status":"closed","template":"","meta":{"site-sidebar-layout":"default","site-content-layout":"","ast-site-content-layout":"","site-content-style":"default","site-sidebar-style":"default","ast-global-header-display":"","ast-banner-title-visibility":"","ast-main-header-display":"","ast-hfb-above-header-display":"","ast-hfb-below-header-display":"","ast-hfb-mobile-header-display":"","site-post-title":"","ast-breadcrumbs-content":"","ast-featured-img":"","footer-sml-layout":"","theme-transparent-header-meta":"","adv-header-id-meta":"","stick-header-meta":"","header-above-stick-meta":"","header-main-stick-meta":"","header-below-stick-meta":"","astra-migrate-meta-layouts":"default","ast-page-background-enabled":"default","ast-page-background-meta":{"desktop":{"background-color":"var(--ast-global-color-4)","background-image":"","background-repeat":"repeat","background-position":"center center","background-size":"auto","background-attachment":"scroll","background-type":"","background-media":"","overlay-type":"","overlay-color":"","overlay-opacity":"","overlay-gradient":""},"tablet":{"background-color":"","background-image":"","background-repeat":"repeat","background-position":"center center","background-size":"auto","background-attachment":"scroll","background-type":"","background-media":"","overlay-type":"","overlay-color":"","overlay-opacity":"","overlay-gradient":""},"mobile":{"background-color":"","background-image":"","background-repeat":"repeat","background-position":"center center","background-size":"auto","background-attachment":"scroll","background-type":"","background-media":"","overlay-type":"","overlay-color":"","overlay-opacity":"","overlay-gradient":""}},"ast-content-background-meta":{"desktop":{"background-color":"var(--ast-global-color-5)","background-image":"","background-repeat":"repeat","background-position":"center center","background-size":"auto","background-attachment":"scroll","background-type":"","background-media":"","overlay-type":"","overlay-color":"","overlay-opacity":"","overlay-gradient":""},"tablet":{"background-color":"var(--ast-global-color-5)","background-image":"","background-repeat":"repeat","background-position":"center center","background-size":"auto","background-attachment":"scroll","background-type":"","background-media":"","overlay-type":"","overlay-color":"","overlay-opacity":"","overlay-gradient":""},"mobile":{"background-color":"var(--ast-global-color-5)","background-image":"","background-repeat":"repeat","background-position":"center center","background-size":"auto","background-attachment":"scroll","background-type":"","background-media":"","overlay-type":"","overlay-color":"","overlay-opacity":"","overlay-gradient":""}}},"product_brand":[],"product_cat":[188,260,991],"product_tag":[],"class_list":{"0":"post-344876","1":"product","2":"type-product","3":"status-publish","4":"has-post-thumbnail","6":"product_cat-freelancer","7":"product_cat-london","8":"product_cat-uk","9":"desktop-align-left","10":"tablet-align-left","11":"mobile-align-left","13":"first","14":"instock","15":"shipping-taxable","16":"product-type-simple"},"_links":{"self":[{"href":"https:\/\/poccky.com\/index.php\/wp-json\/wp\/v2\/product\/344876","targetHints":{"allow":["GET"]}}],"collection":[{"href":"https:\/\/poccky.com\/index.php\/wp-json\/wp\/v2\/product"}],"about":[{"href":"https:\/\/poccky.com\/index.php\/wp-json\/wp\/v2\/types\/product"}],"replies":[{"embeddable":true,"href":"https:\/\/poccky.com\/index.php\/wp-json\/wp\/v2\/comments?post=344876"}],"wp:featuredmedia":[{"embeddable":true,"href":"https:\/\/poccky.com\/index.php\/wp-json\/wp\/v2\/media\/127482"}],"wp:attachment":[{"href":"https:\/\/poccky.com\/index.php\/wp-json\/wp\/v2\/media?parent=344876"}],"wp:term":[{"taxonomy":"product_brand","embeddable":true,"href":"https:\/\/poccky.com\/index.php\/wp-json\/wp\/v2\/product_brand?post=344876"},{"taxonomy":"product_cat","embeddable":true,"href":"https:\/\/poccky.com\/index.php\/wp-json\/wp\/v2\/product_cat?post=344876"},{"taxonomy":"product_tag","embeddable":true,"href":"https:\/\/poccky.com\/index.php\/wp-json\/wp\/v2\/product_tag?post=344876"}],"curies":[{"name":"wp","href":"https:\/\/api.w.org\/{rel}","templated":true}]}}