{"id":344834,"date":"2023-11-07T16:24:57","date_gmt":"2023-11-07T16:24:57","guid":{"rendered":"https:\/\/poccky.com\/?post_type=product&#038;p=344834"},"modified":"2023-11-07T16:25:12","modified_gmt":"2023-11-07T16:25:12","slug":"sarah-56","status":"publish","type":"product","link":"https:\/\/poccky.com\/index.php\/product\/sarah-56\/","title":{"rendered":"Sarah"},"content":{"rendered":"","protected":false},"excerpt":{"rendered":"<p>bonjour. mon nom est Sarah. J\u2019ai un charme naturel. Je serais ravi de faire de notre exp\u00e9rience un moment inoubliable.J&#8217;aime partager les fantasmes et les plaisirs de mes partenaires qui non pas froid aux yeux et aime jouir des plaisirs de la vie.<\/p>\n<p>Mon service d&#8217;escorte de qualit\u00e9 est con\u00e7u pour r\u00e9pondre aux besoins des hommes les plus exigeants.<\/p>\n<p>Bien que fournissant une compagnie de luxe et de qualit\u00e9 cela n\u2019est pour moi pas qu\u2019une simple activit\u00e9 j\u2019appr\u00e9cie vraiment ce que je fais.Je suis une Geisha.une Courtisane.Je voie cela comme un mode de vie.J\u2019aime rencontrer de nouvelles personnes particuli\u00e8rement agr\u00e9able et bon. \u00abChaque homme est un univers&#8221; avoir la chance d&#8217;apprendre toujours quelque chose de nouveau \u00e0 propos des relations humaines. Je l&#8217;ai constat\u00e9 certains de mes amis r\u00e9guli\u00e8res selon leurs emploie du temps sont les gens les plus beaux et les plus int\u00e9ressants que j&#8217;ai rencontre c\u2019est un vrai r\u00e9gal \u00e0 les conna\u00eetre. My details Below mentioned<\/p>\n<p>                Nationality:<br \/>\n                Italian.Russian <\/p>\n<p>                Languages:<br \/>\n                Danish. Dutch. English. Finnish. French. Russian. Slovenian<\/p>\n<p>                Age:<br \/>\n                25<\/p>\n<p>                Height:<br \/>\n                165 cm<\/p>\n<p>                Weight:<br \/>\n                50 kg<\/p>\n<p>                Hair:<br \/>\n                BRUNET<\/p>\n<p>                Eyes:<br \/>\n                GRAY<\/p>\n<p>                Measurements:<br \/>\n                90-60-90Companionship rates:<\/p>\n<p>                  1 hour rate<br \/>\n                  250 EUR<\/p>\n<p>                  2 hours rate<br \/>\n                  450 EUR<\/p>\n<p>                  full night rate<br \/>\n                  1200 EUR<\/p>\n","protected":false},"featured_media":130262,"comment_status":"open","ping_status":"closed","template":"","meta":{"site-sidebar-layout":"default","site-content-layout":"","ast-site-content-layout":"","site-content-style":"default","site-sidebar-style":"default","ast-global-header-display":"","ast-banner-title-visibility":"","ast-main-header-display":"","ast-hfb-above-header-display":"","ast-hfb-below-header-display":"","ast-hfb-mobile-header-display":"","site-post-title":"","ast-breadcrumbs-content":"","ast-featured-img":"","footer-sml-layout":"","theme-transparent-header-meta":"","adv-header-id-meta":"","stick-header-meta":"","header-above-stick-meta":"","header-main-stick-meta":"","header-below-stick-meta":"","astra-migrate-meta-layouts":"default","ast-page-background-enabled":"default","ast-page-background-meta":{"desktop":{"background-color":"var(--ast-global-color-4)","background-image":"","background-repeat":"repeat","background-position":"center center","background-size":"auto","background-attachment":"scroll","background-type":"","background-media":"","overlay-type":"","overlay-color":"","overlay-opacity":"","overlay-gradient":""},"tablet":{"background-color":"","background-image":"","background-repeat":"repeat","background-position":"center center","background-size":"auto","background-attachment":"scroll","background-type":"","background-media":"","overlay-type":"","overlay-color":"","overlay-opacity":"","overlay-gradient":""},"mobile":{"background-color":"","background-image":"","background-repeat":"repeat","background-position":"center center","background-size":"auto","background-attachment":"scroll","background-type":"","background-media":"","overlay-type":"","overlay-color":"","overlay-opacity":"","overlay-gradient":""}},"ast-content-background-meta":{"desktop":{"background-color":"var(--ast-global-color-5)","background-image":"","background-repeat":"repeat","background-position":"center center","background-size":"auto","background-attachment":"scroll","background-type":"","background-media":"","overlay-type":"","overlay-color":"","overlay-opacity":"","overlay-gradient":""},"tablet":{"background-color":"var(--ast-global-color-5)","background-image":"","background-repeat":"repeat","background-position":"center center","background-size":"auto","background-attachment":"scroll","background-type":"","background-media":"","overlay-type":"","overlay-color":"","overlay-opacity":"","overlay-gradient":""},"mobile":{"background-color":"var(--ast-global-color-5)","background-image":"","background-repeat":"repeat","background-position":"center center","background-size":"auto","background-attachment":"scroll","background-type":"","background-media":"","overlay-type":"","overlay-color":"","overlay-opacity":"","overlay-gradient":""}}},"product_brand":[],"product_cat":[244,188,1118],"product_tag":[],"class_list":{"0":"post-344834","1":"product","2":"type-product","3":"status-publish","4":"has-post-thumbnail","6":"product_cat-france","7":"product_cat-freelancer","8":"product_cat-paris","9":"desktop-align-left","10":"tablet-align-left","11":"mobile-align-left","13":"first","14":"instock","15":"shipping-taxable","16":"product-type-simple"},"_links":{"self":[{"href":"https:\/\/poccky.com\/index.php\/wp-json\/wp\/v2\/product\/344834","targetHints":{"allow":["GET"]}}],"collection":[{"href":"https:\/\/poccky.com\/index.php\/wp-json\/wp\/v2\/product"}],"about":[{"href":"https:\/\/poccky.com\/index.php\/wp-json\/wp\/v2\/types\/product"}],"replies":[{"embeddable":true,"href":"https:\/\/poccky.com\/index.php\/wp-json\/wp\/v2\/comments?post=344834"}],"wp:featuredmedia":[{"embeddable":true,"href":"https:\/\/poccky.com\/index.php\/wp-json\/wp\/v2\/media\/130262"}],"wp:attachment":[{"href":"https:\/\/poccky.com\/index.php\/wp-json\/wp\/v2\/media?parent=344834"}],"wp:term":[{"taxonomy":"product_brand","embeddable":true,"href":"https:\/\/poccky.com\/index.php\/wp-json\/wp\/v2\/product_brand?post=344834"},{"taxonomy":"product_cat","embeddable":true,"href":"https:\/\/poccky.com\/index.php\/wp-json\/wp\/v2\/product_cat?post=344834"},{"taxonomy":"product_tag","embeddable":true,"href":"https:\/\/poccky.com\/index.php\/wp-json\/wp\/v2\/product_tag?post=344834"}],"curies":[{"name":"wp","href":"https:\/\/api.w.org\/{rel}","templated":true}]}}