{"id":344642,"date":"2023-11-07T15:42:13","date_gmt":"2023-11-07T15:42:13","guid":{"rendered":"https:\/\/poccky.com\/?post_type=product&#038;p=344642"},"modified":"2023-11-07T15:42:24","modified_gmt":"2023-11-07T15:42:24","slug":"alina-hot-3","status":"publish","type":"product","link":"https:\/\/poccky.com\/index.php\/product\/alina-hot-3\/","title":{"rendered":"Alina-Hot"},"content":{"rendered":"","protected":false},"excerpt":{"rendered":"<p>?. . .H???? Ihr Lieben ?<br \/>\nFreut mich. das meine Bilder Deine<br \/>\nNeugier geweckt haben!<br \/>\n\u2014<br \/>\n?Ich bin Alina<br \/>\nIch bin eine hei\u00dfe Lady und biete Dir einen fabelhaften Spitzenservice. der fast keine W\u00fcnsche offen l\u00e4sst. Zudem bin ich sehr z\u00e4rtlich und verschmust.<br \/>\n\u2014<br \/>\nEine aufgeschlossene. aufregende. junge und attraktive Frau. die Sex liebt und gerne auf Deine W\u00fcnsche und Bed\u00fcrfnisse ganz individuell eingeht.<br \/>\n\u2014<br \/>\nF\u00fcr mich bist Du die erste Priorit\u00e4t&#8230;.<br \/>\n\u2014<br \/>\nMein K\u00f6rper wird Dir die Sinne rauben und meine nat\u00fcrliche Ausstrahlung wird Dich vollkommen in den Wahnsinn treiben.<br \/>\nIch bin kein zerbrechliches Zuckerp\u00fcppchen sondern eine echte Frau aus Fleisch und Blut mit den Kurven an den richtigen Stellen. Bin f\u00fcr fast alles offen. was uns beiden Spa\u00df macht.<br \/>\n\u2014<br \/>\nLass uns gemeinsam Momente der Z\u00e4rtlichkeit und Leidenschaft in vollem Ma\u00dfe genie\u00dfen und dem Sorgen und Probleme entfliehen. Ich liebe es verw\u00f6hnt zu werden und zu verw\u00f6hnen so lass dich verf\u00fchren in eine erotische Welt und geniesse die Zeit abseits von Alltag und Hektik.<br \/>\n\u2014<br \/>\nUm meinen wohltuenden Service umfassend genie\u00dfen zu k\u00f6nnen. solltest Du viel Zeit mitbringen. dann sind wir vollkommen ungest\u00f6rt und k\u00f6nnen uns voller Leidenschaft unseren wilden Fantasien bis zur hei\u00dfen Extase hingeben.<br \/>\nIch warte schon ganz gespannt auf Dich !<br \/>\nDiskretion. Sauberkeit und Zuverl\u00e4ssigkeit werden geboten. sowie erwartet. Du wirst es toll finden. eine ungest\u00f6rte. sch\u00f6ne Zeit mit mir zu genie\u00dfen !<br \/>\n\u2014<br \/>\n?Ich bin besuchbar. Ruf mich gerne an ! viele K\u00fcsse ?<br \/>\n.\u00a1i|\u00b9i\u00a1\u00a1i\u00b9|i\u00a1..<br \/>\n`&#8217;\u00b9li\u00a1|\u00a1|\u00a1il\u00b9&#8217;` My details Below mentioned<\/p>\n<p>                Languages:<br \/>\n                Englisch.  Deutsch<\/p>\n<p>                Age:<br \/>\n                26<\/p>\n<p>                Height:<br \/>\n                173<\/p>\n<p>                Weight:<br \/>\n                61<\/p>\n<p>                Hair:<br \/>\n                Blond<\/p>\n<p>                Eyes:<br \/>\n                Braunphone_android Phone:<br \/>\n          0779186834<\/p>\n","protected":false},"featured_media":127437,"comment_status":"open","ping_status":"closed","template":"","meta":{"site-sidebar-layout":"default","site-content-layout":"","ast-site-content-layout":"","site-content-style":"default","site-sidebar-style":"default","ast-global-header-display":"","ast-banner-title-visibility":"","ast-main-header-display":"","ast-hfb-above-header-display":"","ast-hfb-below-header-display":"","ast-hfb-mobile-header-display":"","site-post-title":"","ast-breadcrumbs-content":"","ast-featured-img":"","footer-sml-layout":"","theme-transparent-header-meta":"","adv-header-id-meta":"","stick-header-meta":"","header-above-stick-meta":"","header-main-stick-meta":"","header-below-stick-meta":"","astra-migrate-meta-layouts":"default","ast-page-background-enabled":"default","ast-page-background-meta":{"desktop":{"background-color":"var(--ast-global-color-4)","background-image":"","background-repeat":"repeat","background-position":"center center","background-size":"auto","background-attachment":"scroll","background-type":"","background-media":"","overlay-type":"","overlay-color":"","overlay-opacity":"","overlay-gradient":""},"tablet":{"background-color":"","background-image":"","background-repeat":"repeat","background-position":"center center","background-size":"auto","background-attachment":"scroll","background-type":"","background-media":"","overlay-type":"","overlay-color":"","overlay-opacity":"","overlay-gradient":""},"mobile":{"background-color":"","background-image":"","background-repeat":"repeat","background-position":"center center","background-size":"auto","background-attachment":"scroll","background-type":"","background-media":"","overlay-type":"","overlay-color":"","overlay-opacity":"","overlay-gradient":""}},"ast-content-background-meta":{"desktop":{"background-color":"var(--ast-global-color-5)","background-image":"","background-repeat":"repeat","background-position":"center center","background-size":"auto","background-attachment":"scroll","background-type":"","background-media":"","overlay-type":"","overlay-color":"","overlay-opacity":"","overlay-gradient":""},"tablet":{"background-color":"var(--ast-global-color-5)","background-image":"","background-repeat":"repeat","background-position":"center center","background-size":"auto","background-attachment":"scroll","background-type":"","background-media":"","overlay-type":"","overlay-color":"","overlay-opacity":"","overlay-gradient":""},"mobile":{"background-color":"var(--ast-global-color-5)","background-image":"","background-repeat":"repeat","background-position":"center center","background-size":"auto","background-attachment":"scroll","background-type":"","background-media":"","overlay-type":"","overlay-color":"","overlay-opacity":"","overlay-gradient":""}}},"product_brand":[],"product_cat":[188,958,1127],"product_tag":[],"class_list":{"0":"post-344642","1":"product","2":"type-product","3":"status-publish","4":"has-post-thumbnail","6":"product_cat-freelancer","7":"product_cat-switzerland","8":"product_cat-zurich","9":"desktop-align-left","10":"tablet-align-left","11":"mobile-align-left","13":"first","14":"instock","15":"shipping-taxable","16":"product-type-simple"},"_links":{"self":[{"href":"https:\/\/poccky.com\/index.php\/wp-json\/wp\/v2\/product\/344642","targetHints":{"allow":["GET"]}}],"collection":[{"href":"https:\/\/poccky.com\/index.php\/wp-json\/wp\/v2\/product"}],"about":[{"href":"https:\/\/poccky.com\/index.php\/wp-json\/wp\/v2\/types\/product"}],"replies":[{"embeddable":true,"href":"https:\/\/poccky.com\/index.php\/wp-json\/wp\/v2\/comments?post=344642"}],"wp:featuredmedia":[{"embeddable":true,"href":"https:\/\/poccky.com\/index.php\/wp-json\/wp\/v2\/media\/127437"}],"wp:attachment":[{"href":"https:\/\/poccky.com\/index.php\/wp-json\/wp\/v2\/media?parent=344642"}],"wp:term":[{"taxonomy":"product_brand","embeddable":true,"href":"https:\/\/poccky.com\/index.php\/wp-json\/wp\/v2\/product_brand?post=344642"},{"taxonomy":"product_cat","embeddable":true,"href":"https:\/\/poccky.com\/index.php\/wp-json\/wp\/v2\/product_cat?post=344642"},{"taxonomy":"product_tag","embeddable":true,"href":"https:\/\/poccky.com\/index.php\/wp-json\/wp\/v2\/product_tag?post=344642"}],"curies":[{"name":"wp","href":"https:\/\/api.w.org\/{rel}","templated":true}]}}