{"id":344568,"date":"2023-11-07T15:24:23","date_gmt":"2023-11-07T15:24:23","guid":{"rendered":"https:\/\/poccky.com\/?post_type=product&#038;p=344568"},"modified":"2023-11-07T15:24:27","modified_gmt":"2023-11-07T15:24:27","slug":"james-2","status":"publish","type":"product","link":"https:\/\/poccky.com\/index.php\/product\/james-2\/","title":{"rendered":"James"},"content":{"rendered":"","protected":false},"excerpt":{"rendered":"<p>En erfarenhet Gigolo finnes nu i centrala Stockholm.<br \/>\n(Inga mail fr\u00e5n m\u00e4n Tack!!!)<\/p>\n<p>Jag \u00e4r en hetrosexuell man p\u00e5 ** \u00e5r som bor i centrala Stockholm. som erbjuder diskreta escorttj\u00e4nster f\u00f6r kvinnor\/tjejer. Jag \u00e4r din James f\u00f6r en kv\u00e4ll. fr\u00e5n &#8220;Boyfriend Experience&#8221; till din hemlige \u00e4lskare n\u00e4r du beh\u00f6ver.<\/p>\n<p>Jag \u00e4r en atletisk med asiatisk bakgrund. som g\u00f6r detta vid sidan om mitt andra jobb. Jag \u00e4lskar sp\u00e4nning och nya m\u00f6ten. Jag \u00e4r f\u00f6dd i Sverige.<\/p>\n<p>F\u00f6r mig \u00e4r personkemi och energier viktigt och d\u00e4rf\u00f6r f\u00f6redrar jag att vi h\u00f6rs p\u00e5 mailen eller kik f\u00f6rst. d\u00e4r du presenterar dig kort. Ber\u00e4tta g\u00e4rna vad du vill g\u00f6ra samt dina \u00f6nskem\u00e5l. Email: james.studio.mail.com. KIK: james.studio<br \/>\nJag \u00e4r tyv\u00e4rr v\u00e4ldigt kr\u00e4sen p\u00e5 personligheten (inte utseendet) och kan d\u00e4rf\u00f6r avb\u00f6ja om jag k\u00e4nner att det inte finns n\u00e5gon personkemi. Jag f\u00f6rv\u00e4ntar mig en \u00f6msesidig diskretion d\u00e4r vi b\u00e5da respekterar varandras privatliv. Vill ni ha en snabbare kontakt och h\u00f6ras p\u00e5 telefon. **********<\/p>\n<p>Mina arvoden g\u00e5r att diskuteras och jag ses g\u00e4rna f\u00f6r flera tillf\u00e4llen. N\u00e4r du bokar mig s\u00e5 \u00e4r tiden ov\u00e4sentlig f\u00f6r mig. Jag f\u00f6redrar personligen att man tr\u00e4ffas och v\u00e4rmer upp varandra med l\u00e5nga f\u00f6rspel. viktigare att du blir n\u00f6jd. Jag erbjuder oralsex utan skydd. men vid samlag med kondom.<\/p>\n<p>Maila mig s\u00e5 ber\u00e4ttar jag g\u00e4rna mer.<\/p>\n<p>Din<br \/>\n\/ James My details Below mentioned<\/p>\n<p>                Nationality:<br \/>\n                Swedish <\/p>\n<p>                Languages:<br \/>\n                Swedish<\/p>\n<p>                Age:<br \/>\n                35<\/p>\n<p>                Hair:<br \/>\n                black<\/p>\n<p>                Eyes:<br \/>\n                Brownphone_android Phone:<br \/>\n          0700270948<\/p>\n","protected":false},"featured_media":132372,"comment_status":"open","ping_status":"closed","template":"","meta":{"site-sidebar-layout":"default","site-content-layout":"","ast-site-content-layout":"","site-content-style":"default","site-sidebar-style":"default","ast-global-header-display":"","ast-banner-title-visibility":"","ast-main-header-display":"","ast-hfb-above-header-display":"","ast-hfb-below-header-display":"","ast-hfb-mobile-header-display":"","site-post-title":"","ast-breadcrumbs-content":"","ast-featured-img":"","footer-sml-layout":"","theme-transparent-header-meta":"","adv-header-id-meta":"","stick-header-meta":"","header-above-stick-meta":"","header-main-stick-meta":"","header-below-stick-meta":"","astra-migrate-meta-layouts":"default","ast-page-background-enabled":"default","ast-page-background-meta":{"desktop":{"background-color":"var(--ast-global-color-4)","background-image":"","background-repeat":"repeat","background-position":"center center","background-size":"auto","background-attachment":"scroll","background-type":"","background-media":"","overlay-type":"","overlay-color":"","overlay-opacity":"","overlay-gradient":""},"tablet":{"background-color":"","background-image":"","background-repeat":"repeat","background-position":"center center","background-size":"auto","background-attachment":"scroll","background-type":"","background-media":"","overlay-type":"","overlay-color":"","overlay-opacity":"","overlay-gradient":""},"mobile":{"background-color":"","background-image":"","background-repeat":"repeat","background-position":"center center","background-size":"auto","background-attachment":"scroll","background-type":"","background-media":"","overlay-type":"","overlay-color":"","overlay-opacity":"","overlay-gradient":""}},"ast-content-background-meta":{"desktop":{"background-color":"var(--ast-global-color-5)","background-image":"","background-repeat":"repeat","background-position":"center center","background-size":"auto","background-attachment":"scroll","background-type":"","background-media":"","overlay-type":"","overlay-color":"","overlay-opacity":"","overlay-gradient":""},"tablet":{"background-color":"var(--ast-global-color-5)","background-image":"","background-repeat":"repeat","background-position":"center center","background-size":"auto","background-attachment":"scroll","background-type":"","background-media":"","overlay-type":"","overlay-color":"","overlay-opacity":"","overlay-gradient":""},"mobile":{"background-color":"var(--ast-global-color-5)","background-image":"","background-repeat":"repeat","background-position":"center center","background-size":"auto","background-attachment":"scroll","background-type":"","background-media":"","overlay-type":"","overlay-color":"","overlay-opacity":"","overlay-gradient":""}}},"product_brand":[],"product_cat":[188,1115,957],"product_tag":[],"class_list":{"0":"post-344568","1":"product","2":"type-product","3":"status-publish","4":"has-post-thumbnail","6":"product_cat-freelancer","7":"product_cat-stockholm","8":"product_cat-sweden","9":"desktop-align-left","10":"tablet-align-left","11":"mobile-align-left","13":"first","14":"instock","15":"shipping-taxable","16":"product-type-simple"},"_links":{"self":[{"href":"https:\/\/poccky.com\/index.php\/wp-json\/wp\/v2\/product\/344568","targetHints":{"allow":["GET"]}}],"collection":[{"href":"https:\/\/poccky.com\/index.php\/wp-json\/wp\/v2\/product"}],"about":[{"href":"https:\/\/poccky.com\/index.php\/wp-json\/wp\/v2\/types\/product"}],"replies":[{"embeddable":true,"href":"https:\/\/poccky.com\/index.php\/wp-json\/wp\/v2\/comments?post=344568"}],"wp:featuredmedia":[{"embeddable":true,"href":"https:\/\/poccky.com\/index.php\/wp-json\/wp\/v2\/media\/132372"}],"wp:attachment":[{"href":"https:\/\/poccky.com\/index.php\/wp-json\/wp\/v2\/media?parent=344568"}],"wp:term":[{"taxonomy":"product_brand","embeddable":true,"href":"https:\/\/poccky.com\/index.php\/wp-json\/wp\/v2\/product_brand?post=344568"},{"taxonomy":"product_cat","embeddable":true,"href":"https:\/\/poccky.com\/index.php\/wp-json\/wp\/v2\/product_cat?post=344568"},{"taxonomy":"product_tag","embeddable":true,"href":"https:\/\/poccky.com\/index.php\/wp-json\/wp\/v2\/product_tag?post=344568"}],"curies":[{"name":"wp","href":"https:\/\/api.w.org\/{rel}","templated":true}]}}