{"id":344130,"date":"2023-11-07T13:55:25","date_gmt":"2023-11-07T13:55:25","guid":{"rendered":"https:\/\/poccky.com\/?post_type=product&#038;p=344130"},"modified":"2023-11-07T13:55:38","modified_gmt":"2023-11-07T13:55:38","slug":"malena-190-cm-3","status":"publish","type":"product","link":"https:\/\/poccky.com\/index.php\/product\/malena-190-cm-3\/","title":{"rendered":"MALENA 190 cm &#8211;"},"content":{"rendered":"","protected":false},"excerpt":{"rendered":"<p>Hej. jag heter Malena. 190 cm. h\u00f6.G mina foton. min vikt \u00e4r alla verkliga. kan komma och se. kommer du att se en riktig kvinna. du s\u00e4kert har aldrig varit med en kvinna som ja.G nu har du m\u00f6jlighet. nom miss. jag g\u00e5r var att se himlen. jag lovar. jag spanska. jag g\u00f6r alla typer av tj\u00e4nster. inklusive djupt anal. suga utan kondom. och jag domonacion Kom varit mi.G jag ska vara ett par dagar i Stockholm. bara jag talar spanska. italienska och franska. men med \u00f6vers\u00e4ttare f\u00f6rst\u00e5 mig perfekt. jag f\u00f6redrar att du kommunicerar med WhatsApp. om du kan. om inte genom sms. tack hoppas att se My details Below mentioned<\/p>\n<p>                Nationality:<br \/>\n                espa\u00f1ola <\/p>\n<p>                Languages:<br \/>\n                espa\u00f1ol. italiano y frances<\/p>\n<p>                Age:<br \/>\n                30<\/p>\n<p>                Height:<br \/>\n                190<\/p>\n<p>                Weight:<br \/>\n                72<\/p>\n<p>                Hair:<br \/>\n                Mediano<\/p>\n<p>                Eyes:<br \/>\n                verde<\/p>\n<p>                Measurements:<br \/>\n                102-70102phone_android Phone:<br \/>\n          +46701474387<\/p>\n","protected":false},"featured_media":130456,"comment_status":"open","ping_status":"closed","template":"","meta":{"site-sidebar-layout":"default","site-content-layout":"","ast-site-content-layout":"","site-content-style":"default","site-sidebar-style":"default","ast-global-header-display":"","ast-banner-title-visibility":"","ast-main-header-display":"","ast-hfb-above-header-display":"","ast-hfb-below-header-display":"","ast-hfb-mobile-header-display":"","site-post-title":"","ast-breadcrumbs-content":"","ast-featured-img":"","footer-sml-layout":"","theme-transparent-header-meta":"","adv-header-id-meta":"","stick-header-meta":"","header-above-stick-meta":"","header-main-stick-meta":"","header-below-stick-meta":"","astra-migrate-meta-layouts":"default","ast-page-background-enabled":"default","ast-page-background-meta":{"desktop":{"background-color":"var(--ast-global-color-4)","background-image":"","background-repeat":"repeat","background-position":"center center","background-size":"auto","background-attachment":"scroll","background-type":"","background-media":"","overlay-type":"","overlay-color":"","overlay-opacity":"","overlay-gradient":""},"tablet":{"background-color":"","background-image":"","background-repeat":"repeat","background-position":"center center","background-size":"auto","background-attachment":"scroll","background-type":"","background-media":"","overlay-type":"","overlay-color":"","overlay-opacity":"","overlay-gradient":""},"mobile":{"background-color":"","background-image":"","background-repeat":"repeat","background-position":"center center","background-size":"auto","background-attachment":"scroll","background-type":"","background-media":"","overlay-type":"","overlay-color":"","overlay-opacity":"","overlay-gradient":""}},"ast-content-background-meta":{"desktop":{"background-color":"var(--ast-global-color-5)","background-image":"","background-repeat":"repeat","background-position":"center center","background-size":"auto","background-attachment":"scroll","background-type":"","background-media":"","overlay-type":"","overlay-color":"","overlay-opacity":"","overlay-gradient":""},"tablet":{"background-color":"var(--ast-global-color-5)","background-image":"","background-repeat":"repeat","background-position":"center center","background-size":"auto","background-attachment":"scroll","background-type":"","background-media":"","overlay-type":"","overlay-color":"","overlay-opacity":"","overlay-gradient":""},"mobile":{"background-color":"var(--ast-global-color-5)","background-image":"","background-repeat":"repeat","background-position":"center center","background-size":"auto","background-attachment":"scroll","background-type":"","background-media":"","overlay-type":"","overlay-color":"","overlay-opacity":"","overlay-gradient":""}}},"product_brand":[],"product_cat":[188,1115,957],"product_tag":[],"class_list":{"0":"post-344130","1":"product","2":"type-product","3":"status-publish","4":"has-post-thumbnail","6":"product_cat-freelancer","7":"product_cat-stockholm","8":"product_cat-sweden","9":"desktop-align-left","10":"tablet-align-left","11":"mobile-align-left","13":"first","14":"instock","15":"shipping-taxable","16":"product-type-simple"},"_links":{"self":[{"href":"https:\/\/poccky.com\/index.php\/wp-json\/wp\/v2\/product\/344130","targetHints":{"allow":["GET"]}}],"collection":[{"href":"https:\/\/poccky.com\/index.php\/wp-json\/wp\/v2\/product"}],"about":[{"href":"https:\/\/poccky.com\/index.php\/wp-json\/wp\/v2\/types\/product"}],"replies":[{"embeddable":true,"href":"https:\/\/poccky.com\/index.php\/wp-json\/wp\/v2\/comments?post=344130"}],"wp:featuredmedia":[{"embeddable":true,"href":"https:\/\/poccky.com\/index.php\/wp-json\/wp\/v2\/media\/130456"}],"wp:attachment":[{"href":"https:\/\/poccky.com\/index.php\/wp-json\/wp\/v2\/media?parent=344130"}],"wp:term":[{"taxonomy":"product_brand","embeddable":true,"href":"https:\/\/poccky.com\/index.php\/wp-json\/wp\/v2\/product_brand?post=344130"},{"taxonomy":"product_cat","embeddable":true,"href":"https:\/\/poccky.com\/index.php\/wp-json\/wp\/v2\/product_cat?post=344130"},{"taxonomy":"product_tag","embeddable":true,"href":"https:\/\/poccky.com\/index.php\/wp-json\/wp\/v2\/product_tag?post=344130"}],"curies":[{"name":"wp","href":"https:\/\/api.w.org\/{rel}","templated":true}]}}