{"id":344128,"date":"2023-11-07T13:54:56","date_gmt":"2023-11-07T13:54:56","guid":{"rendered":"https:\/\/poccky.com\/?post_type=product&#038;p=344128"},"modified":"2023-11-07T13:55:09","modified_gmt":"2023-11-07T13:55:09","slug":"bah-esehir-gamze-2","status":"publish","type":"product","link":"https:\/\/poccky.com\/index.php\/product\/bah-esehir-gamze-2\/","title":{"rendered":"Bah -Esehir Gamze"},"content":{"rendered":"","protected":false},"excerpt":{"rendered":"<p>Selamlar beh\u00e7e?ehirin elit beyleri \u00f6ncelik ile profilime giren t\u00fcm beylere te?ekk\u00fcrlerimi sunarak Sizlere kendimi tan?tmaktan mutluluk duyar?m. Ben bah\u00e7e?ehir escort Gamze 20 ya??nda 165 boyunda 45 kiloda gen\u00e7 ince belli seksi v\u00fccut hatlar?na sahip olan G\u00fczel bir escort bayan?m. Seks yapmaktan b\u00fcy\u00fck mutluluk duyuyorum ili?kilerim sevgili tad?nda ge\u00e7erek hep zirvelerde tutmaya \u00f6nem g\u00f6steririm de?i?ik fantazilerim ile sizlerin akl?n?z? ba??ndan almak zevkten 4 k\u00f6?eye d\u00f6nd\u00fcrmek istiyorum. bunun i\u00e7in sizden k\u00fc\u00e7\u00fck bir ?ans istiyorum. Yanl?z ufak 2 kural?m var ili?kilerimde kesinlikle Anal ili?ki ve kondomsuz ili?kiyi sa?l?k a\u00e7?s?ndan uygun bulmuyorum bu konuda ?srarc? olmazsan?z sevinirim. G\u00f6r\u00fc?melerimi kendime ait bah\u00e7e?ehirde bulunan vip ultra l\u00fcks dairemde ger\u00e7ekle?tiriyorum My details Below mentioned<\/p>\n<p>                Nationality:<br \/>\n                T\u00fcrkiye  <\/p>\n<p>                Languages:<br \/>\n                T\u00fcrk\u00e7e ingilizce <\/p>\n<p>                Age:<br \/>\n                22<\/p>\n<p>                Height:<br \/>\n                164<\/p>\n<p>                Weight:<br \/>\n                43<\/p>\n<p>                Hair:<br \/>\n                Sar???n <\/p>\n<p>                Eyes:<br \/>\n                Ela<\/p>\n<p>                Measurements:<br \/>\n                80-60-90<\/p>\n","protected":false},"featured_media":130065,"comment_status":"open","ping_status":"closed","template":"","meta":{"site-sidebar-layout":"default","site-content-layout":"","ast-site-content-layout":"","site-content-style":"default","site-sidebar-style":"default","ast-global-header-display":"","ast-banner-title-visibility":"","ast-main-header-display":"","ast-hfb-above-header-display":"","ast-hfb-below-header-display":"","ast-hfb-mobile-header-display":"","site-post-title":"","ast-breadcrumbs-content":"","ast-featured-img":"","footer-sml-layout":"","theme-transparent-header-meta":"","adv-header-id-meta":"","stick-header-meta":"","header-above-stick-meta":"","header-main-stick-meta":"","header-below-stick-meta":"","astra-migrate-meta-layouts":"default","ast-page-background-enabled":"default","ast-page-background-meta":{"desktop":{"background-color":"var(--ast-global-color-4)","background-image":"","background-repeat":"repeat","background-position":"center center","background-size":"auto","background-attachment":"scroll","background-type":"","background-media":"","overlay-type":"","overlay-color":"","overlay-opacity":"","overlay-gradient":""},"tablet":{"background-color":"","background-image":"","background-repeat":"repeat","background-position":"center center","background-size":"auto","background-attachment":"scroll","background-type":"","background-media":"","overlay-type":"","overlay-color":"","overlay-opacity":"","overlay-gradient":""},"mobile":{"background-color":"","background-image":"","background-repeat":"repeat","background-position":"center center","background-size":"auto","background-attachment":"scroll","background-type":"","background-media":"","overlay-type":"","overlay-color":"","overlay-opacity":"","overlay-gradient":""}},"ast-content-background-meta":{"desktop":{"background-color":"var(--ast-global-color-5)","background-image":"","background-repeat":"repeat","background-position":"center center","background-size":"auto","background-attachment":"scroll","background-type":"","background-media":"","overlay-type":"","overlay-color":"","overlay-opacity":"","overlay-gradient":""},"tablet":{"background-color":"var(--ast-global-color-5)","background-image":"","background-repeat":"repeat","background-position":"center center","background-size":"auto","background-attachment":"scroll","background-type":"","background-media":"","overlay-type":"","overlay-color":"","overlay-opacity":"","overlay-gradient":""},"mobile":{"background-color":"var(--ast-global-color-5)","background-image":"","background-repeat":"repeat","background-position":"center center","background-size":"auto","background-attachment":"scroll","background-type":"","background-media":"","overlay-type":"","overlay-color":"","overlay-opacity":"","overlay-gradient":""}}},"product_brand":[],"product_cat":[188,1113,243],"product_tag":[],"class_list":{"0":"post-344128","1":"product","2":"type-product","3":"status-publish","4":"has-post-thumbnail","6":"product_cat-freelancer","7":"product_cat-istanbul","8":"product_cat-turky","9":"desktop-align-left","10":"tablet-align-left","11":"mobile-align-left","13":"first","14":"instock","15":"shipping-taxable","16":"product-type-simple"},"_links":{"self":[{"href":"https:\/\/poccky.com\/index.php\/wp-json\/wp\/v2\/product\/344128","targetHints":{"allow":["GET"]}}],"collection":[{"href":"https:\/\/poccky.com\/index.php\/wp-json\/wp\/v2\/product"}],"about":[{"href":"https:\/\/poccky.com\/index.php\/wp-json\/wp\/v2\/types\/product"}],"replies":[{"embeddable":true,"href":"https:\/\/poccky.com\/index.php\/wp-json\/wp\/v2\/comments?post=344128"}],"wp:featuredmedia":[{"embeddable":true,"href":"https:\/\/poccky.com\/index.php\/wp-json\/wp\/v2\/media\/130065"}],"wp:attachment":[{"href":"https:\/\/poccky.com\/index.php\/wp-json\/wp\/v2\/media?parent=344128"}],"wp:term":[{"taxonomy":"product_brand","embeddable":true,"href":"https:\/\/poccky.com\/index.php\/wp-json\/wp\/v2\/product_brand?post=344128"},{"taxonomy":"product_cat","embeddable":true,"href":"https:\/\/poccky.com\/index.php\/wp-json\/wp\/v2\/product_cat?post=344128"},{"taxonomy":"product_tag","embeddable":true,"href":"https:\/\/poccky.com\/index.php\/wp-json\/wp\/v2\/product_tag?post=344128"}],"curies":[{"name":"wp","href":"https:\/\/api.w.org\/{rel}","templated":true}]}}