{"id":343997,"date":"2023-11-07T13:27:06","date_gmt":"2023-11-07T13:27:06","guid":{"rendered":"https:\/\/poccky.com\/?post_type=product&#038;p=343997"},"modified":"2023-11-07T13:27:18","modified_gmt":"2023-11-07T13:27:18","slug":"annita-2","status":"publish","type":"product","link":"https:\/\/poccky.com\/index.php\/product\/annita-2\/","title":{"rendered":"Annita"},"content":{"rendered":"","protected":false},"excerpt":{"rendered":"<p>Hola cari\u00f1o. mi nombre es Annita. universitaria de 24 a\u00f1itos. Preciosa. encantadora. mis im\u00e1genes son 100x reales y actuales . soy una mezcla explosiva entre alegr\u00eda y sensualidad. de sangre latina para los amantes de las curvas excitantes. con unos ojos penetrantes. piel dorada y tersa. 125 de pechos naturales. piernas torneadas y unapreciosa sonrisa que seguro te enamorar\u00e1. y sin olvidar tengo un generoso culo de 125 que te encantar\u00e1. Soy una escort muy morbosa. divertida y cari\u00f1osa. en tus brazos ser\u00e9 puro erotismo. Adem\u00e1s de una excelente amante. mi educaci\u00f3n y saber estar hacen de m\u00ed la acompa\u00f1ante ideal con una m\u00e1xima discreci\u00f3n en cualquier situaci\u00f3n. En la cama me comporto como una verdadera amante apasionada e implicada. adem\u00e1s de trato cercano y natural. S\u00f3lo atiendo caballeros educados. Preg\u00fantame por tu servicio personalizado. Si te apetece conocerme.<\/p>\n<p>pide ya tu cita<\/p>\n<p>lugar agradable acogedor completamente particular My details Below mentioned<\/p>\n<p>                Nationality:<br \/>\n                Venezuela <\/p>\n<p>                Languages:<br \/>\n                spahish english<\/p>\n<p>                Age:<br \/>\n                24<\/p>\n<p>                Height:<br \/>\n                165<\/p>\n<p>                Weight:<br \/>\n                55<\/p>\n<p>                Hair:<br \/>\n                long black<\/p>\n<p>                Eyes:<br \/>\n                honey<\/p>\n<p>                Measurements:<br \/>\n                110-65-110phone_android Phone:<br \/>\n          677681212<\/p>\n","protected":false},"featured_media":132252,"comment_status":"open","ping_status":"closed","template":"","meta":{"site-sidebar-layout":"default","site-content-layout":"","ast-site-content-layout":"","site-content-style":"default","site-sidebar-style":"default","ast-global-header-display":"","ast-banner-title-visibility":"","ast-main-header-display":"","ast-hfb-above-header-display":"","ast-hfb-below-header-display":"","ast-hfb-mobile-header-display":"","site-post-title":"","ast-breadcrumbs-content":"","ast-featured-img":"","footer-sml-layout":"","theme-transparent-header-meta":"","adv-header-id-meta":"","stick-header-meta":"","header-above-stick-meta":"","header-main-stick-meta":"","header-below-stick-meta":"","astra-migrate-meta-layouts":"default","ast-page-background-enabled":"default","ast-page-background-meta":{"desktop":{"background-color":"var(--ast-global-color-4)","background-image":"","background-repeat":"repeat","background-position":"center center","background-size":"auto","background-attachment":"scroll","background-type":"","background-media":"","overlay-type":"","overlay-color":"","overlay-opacity":"","overlay-gradient":""},"tablet":{"background-color":"","background-image":"","background-repeat":"repeat","background-position":"center center","background-size":"auto","background-attachment":"scroll","background-type":"","background-media":"","overlay-type":"","overlay-color":"","overlay-opacity":"","overlay-gradient":""},"mobile":{"background-color":"","background-image":"","background-repeat":"repeat","background-position":"center center","background-size":"auto","background-attachment":"scroll","background-type":"","background-media":"","overlay-type":"","overlay-color":"","overlay-opacity":"","overlay-gradient":""}},"ast-content-background-meta":{"desktop":{"background-color":"var(--ast-global-color-5)","background-image":"","background-repeat":"repeat","background-position":"center center","background-size":"auto","background-attachment":"scroll","background-type":"","background-media":"","overlay-type":"","overlay-color":"","overlay-opacity":"","overlay-gradient":""},"tablet":{"background-color":"var(--ast-global-color-5)","background-image":"","background-repeat":"repeat","background-position":"center center","background-size":"auto","background-attachment":"scroll","background-type":"","background-media":"","overlay-type":"","overlay-color":"","overlay-opacity":"","overlay-gradient":""},"mobile":{"background-color":"var(--ast-global-color-5)","background-image":"","background-repeat":"repeat","background-position":"center center","background-size":"auto","background-attachment":"scroll","background-type":"","background-media":"","overlay-type":"","overlay-color":"","overlay-opacity":"","overlay-gradient":""}}},"product_brand":[],"product_cat":[188,1116,1014],"product_tag":[],"class_list":{"0":"post-343997","1":"product","2":"type-product","3":"status-publish","4":"has-post-thumbnail","6":"product_cat-freelancer","7":"product_cat-madrid","8":"product_cat-spain","9":"desktop-align-left","10":"tablet-align-left","11":"mobile-align-left","13":"first","14":"instock","15":"shipping-taxable","16":"product-type-simple"},"_links":{"self":[{"href":"https:\/\/poccky.com\/index.php\/wp-json\/wp\/v2\/product\/343997","targetHints":{"allow":["GET"]}}],"collection":[{"href":"https:\/\/poccky.com\/index.php\/wp-json\/wp\/v2\/product"}],"about":[{"href":"https:\/\/poccky.com\/index.php\/wp-json\/wp\/v2\/types\/product"}],"replies":[{"embeddable":true,"href":"https:\/\/poccky.com\/index.php\/wp-json\/wp\/v2\/comments?post=343997"}],"wp:featuredmedia":[{"embeddable":true,"href":"https:\/\/poccky.com\/index.php\/wp-json\/wp\/v2\/media\/132252"}],"wp:attachment":[{"href":"https:\/\/poccky.com\/index.php\/wp-json\/wp\/v2\/media?parent=343997"}],"wp:term":[{"taxonomy":"product_brand","embeddable":true,"href":"https:\/\/poccky.com\/index.php\/wp-json\/wp\/v2\/product_brand?post=343997"},{"taxonomy":"product_cat","embeddable":true,"href":"https:\/\/poccky.com\/index.php\/wp-json\/wp\/v2\/product_cat?post=343997"},{"taxonomy":"product_tag","embeddable":true,"href":"https:\/\/poccky.com\/index.php\/wp-json\/wp\/v2\/product_tag?post=343997"}],"curies":[{"name":"wp","href":"https:\/\/api.w.org\/{rel}","templated":true}]}}