{"id":343902,"date":"2023-11-07T13:06:53","date_gmt":"2023-11-07T13:06:53","guid":{"rendered":"https:\/\/poccky.com\/?post_type=product&#038;p=343902"},"modified":"2023-11-07T13:07:01","modified_gmt":"2023-11-07T13:07:01","slug":"juliet-14","status":"publish","type":"product","link":"https:\/\/poccky.com\/index.php\/product\/juliet-14\/","title":{"rendered":"Juliet"},"content":{"rendered":"","protected":false},"excerpt":{"rendered":"<p>OUTCALLS ONLY. Hello)))) I am very discreet so please feel comfortable when contacting me. I am 100% independent Stockholm escort. I am a good looking lady. with gorgeous 34C breast and a slim elegant body. I am 170 tall and my weight is 50. intelligent and very well mannered. I am available to meet only serious and over 30 years old Scandinavian gentlemen I live in Sweden and speak swedish also . and finish \ud83d\ude42 sexy independed ecort. please note that I am doing only outcalls to your hotel or home in Stockhom. sorry it&#8217;s not ok to meet in my place. I can come to center or north part of Stockholm. because live here. T\u00e4by. Danderyd. Vallentuna. Solna and other) other areas also ok but we need to agree at least one day before. i am free during the week 9.30-14.30 but sometimes evening also ok. not late. i am not available for all night. I am not meeting very often. not meet with drunk person. The picture here is original. but sorry cant send face picture because of my private life. 1h .2000 sek. I have a car so can come myself. no charg\u00e9 for gasolin:) Hej. jag heter Juliet. 29 \u00e5r. feminin och sensuell oberoende escort i Stockholm.med elegans. sk\u00f6nhet. en fin kropp och vackert ansikte. Jag har en varm.sprudlande personlighet. h\u00f6g intelligens. Jag tr\u00e4ffar trevliga m\u00e4n \u00f6ver 30 \u00e5rs\u00e5lder. jag f\u00f6redra kvalitet snarare \u00e4n kvantitet. Jag \u00e4r kvinna och f\u00f6rv\u00e4ntar mig att bli behandlad som en lady. s\u00e5 var en gentleman n\u00e4r du ringer eller skriver. Diskretionen \u00e4r 100% garanterad s\u00e5 som du f\u00f6rv\u00e4ntar dig.\u00c4r du en genuin gentleman som s\u00f6ker det d\u00e4r lilla extra s\u00e5 \u00e4r jag en kvinna f\u00f6r dig.DU \u00c4R EN MAN AV NORDISKT URSPRUNG 30+++++ SOM BEHANDLAR KVINNOR RESPEKTFULLT OAVSETT UNDER VILKA F\u00d6RH\u00c5LLANDEN MAN TR\u00c4FFAS! JAG SKICKAR INTE UT N\u00c5GRA BILDER AV S\u00c4KERHETSSK\u00c4L. HOPPAS NI F\u00d6RST\u00c5R DET. NI VILL VARA HELT ANONYMA OCH DET VILL JAG. G\u00d6R EJ I BILAR ELLER UTOMHUS. Endast -OUTCALL- hemma hos dig eller hotell. PLEASE NOTE: charges are for my time and companionship only. Everything else depends on mutual sympathy. 1timme.2000. 2timmar.3000 Please mail me or sms<\/p>\n<p>helsinkijuliet.gmail.com<\/p>\n<p>0704 5905 95<\/p>\n<p>Juliet My details Below mentioned<\/p>\n<p>                Languages:<br \/>\n                Swedish.  english.  finnish<\/p>\n<p>                Age:<br \/>\n                28<\/p>\n<p>                Height:<br \/>\n                170<\/p>\n<p>                Weight:<br \/>\n                52<\/p>\n<p>                Hair:<br \/>\n                Brown<\/p>\n<p>                Eyes:<br \/>\n                Green<\/p>\n<p>                Measurements:<br \/>\n                88-62-88phone_android Phone:<br \/>\n          0704590595<\/p>\n","protected":false},"featured_media":129383,"comment_status":"open","ping_status":"closed","template":"","meta":{"site-sidebar-layout":"default","site-content-layout":"","ast-site-content-layout":"","site-content-style":"default","site-sidebar-style":"default","ast-global-header-display":"","ast-banner-title-visibility":"","ast-main-header-display":"","ast-hfb-above-header-display":"","ast-hfb-below-header-display":"","ast-hfb-mobile-header-display":"","site-post-title":"","ast-breadcrumbs-content":"","ast-featured-img":"","footer-sml-layout":"","theme-transparent-header-meta":"","adv-header-id-meta":"","stick-header-meta":"","header-above-stick-meta":"","header-main-stick-meta":"","header-below-stick-meta":"","astra-migrate-meta-layouts":"default","ast-page-background-enabled":"default","ast-page-background-meta":{"desktop":{"background-color":"var(--ast-global-color-4)","background-image":"","background-repeat":"repeat","background-position":"center center","background-size":"auto","background-attachment":"scroll","background-type":"","background-media":"","overlay-type":"","overlay-color":"","overlay-opacity":"","overlay-gradient":""},"tablet":{"background-color":"","background-image":"","background-repeat":"repeat","background-position":"center center","background-size":"auto","background-attachment":"scroll","background-type":"","background-media":"","overlay-type":"","overlay-color":"","overlay-opacity":"","overlay-gradient":""},"mobile":{"background-color":"","background-image":"","background-repeat":"repeat","background-position":"center center","background-size":"auto","background-attachment":"scroll","background-type":"","background-media":"","overlay-type":"","overlay-color":"","overlay-opacity":"","overlay-gradient":""}},"ast-content-background-meta":{"desktop":{"background-color":"var(--ast-global-color-5)","background-image":"","background-repeat":"repeat","background-position":"center center","background-size":"auto","background-attachment":"scroll","background-type":"","background-media":"","overlay-type":"","overlay-color":"","overlay-opacity":"","overlay-gradient":""},"tablet":{"background-color":"var(--ast-global-color-5)","background-image":"","background-repeat":"repeat","background-position":"center center","background-size":"auto","background-attachment":"scroll","background-type":"","background-media":"","overlay-type":"","overlay-color":"","overlay-opacity":"","overlay-gradient":""},"mobile":{"background-color":"var(--ast-global-color-5)","background-image":"","background-repeat":"repeat","background-position":"center center","background-size":"auto","background-attachment":"scroll","background-type":"","background-media":"","overlay-type":"","overlay-color":"","overlay-opacity":"","overlay-gradient":""}}},"product_brand":[],"product_cat":[188,1115,957],"product_tag":[],"class_list":{"0":"post-343902","1":"product","2":"type-product","3":"status-publish","4":"has-post-thumbnail","6":"product_cat-freelancer","7":"product_cat-stockholm","8":"product_cat-sweden","9":"desktop-align-left","10":"tablet-align-left","11":"mobile-align-left","13":"first","14":"instock","15":"shipping-taxable","16":"product-type-simple"},"_links":{"self":[{"href":"https:\/\/poccky.com\/index.php\/wp-json\/wp\/v2\/product\/343902","targetHints":{"allow":["GET"]}}],"collection":[{"href":"https:\/\/poccky.com\/index.php\/wp-json\/wp\/v2\/product"}],"about":[{"href":"https:\/\/poccky.com\/index.php\/wp-json\/wp\/v2\/types\/product"}],"replies":[{"embeddable":true,"href":"https:\/\/poccky.com\/index.php\/wp-json\/wp\/v2\/comments?post=343902"}],"wp:featuredmedia":[{"embeddable":true,"href":"https:\/\/poccky.com\/index.php\/wp-json\/wp\/v2\/media\/129383"}],"wp:attachment":[{"href":"https:\/\/poccky.com\/index.php\/wp-json\/wp\/v2\/media?parent=343902"}],"wp:term":[{"taxonomy":"product_brand","embeddable":true,"href":"https:\/\/poccky.com\/index.php\/wp-json\/wp\/v2\/product_brand?post=343902"},{"taxonomy":"product_cat","embeddable":true,"href":"https:\/\/poccky.com\/index.php\/wp-json\/wp\/v2\/product_cat?post=343902"},{"taxonomy":"product_tag","embeddable":true,"href":"https:\/\/poccky.com\/index.php\/wp-json\/wp\/v2\/product_tag?post=343902"}],"curies":[{"name":"wp","href":"https:\/\/api.w.org\/{rel}","templated":true}]}}