{"id":343863,"date":"2023-11-07T11:55:32","date_gmt":"2023-11-07T11:55:32","guid":{"rendered":"https:\/\/poccky.com\/?post_type=product&#038;p=343863"},"modified":"2023-11-07T11:55:36","modified_gmt":"2023-11-07T11:55:36","slug":"liza-39","status":"publish","type":"product","link":"https:\/\/poccky.com\/index.php\/product\/liza-39\/","title":{"rendered":"Liza"},"content":{"rendered":"","protected":false},"excerpt":{"rendered":"<p>Escort Girl. Belle black de 24 ans vivant \u00e0  Paris 14 75014 Origine : S\u00e9n\u00e9galaise  Bonjour Messieurs Je me pr\u00e9sente. Lina une jeune beaut\u00e9 \u00e9b\u00e8ne qui saura vous satisfaire dans les moindres envies.J&#8217;aime les hommes distingu\u00e9es et classe. Je peux vous recevoir dans un bel appartement dans le 14eme arrondissement de paris. un endroit chic et discret. Vous ne saurez pas d\u00e9\u00e7u. une beaut\u00e9 black 100% h\u00e9t\u00e9ro&#8230;&#8230; venez visiter ma folie avec un zeste de sensualit\u00e9. pas de tabou. Appelez moi pour d\u00e9couvrir mes talents. (mon petit cadeau pour une heure est de 250 roses non n\u00e9gociable \u00e0 me transmettre d\u00e8s mon arriv\u00e9 pour passer d&#8217;agr\u00e9ables instants coquins) Bisous de moi PS : Je me d\u00e9place dans le 8eme. 16 eme. 15eme arrondissement et endroit chic. Je ne r\u00e9ponds pas aux sms&#8230;&#8230; Pour un rdv&#8230;.veuillez me contacter quelques heures \u00e0 l&#8217;avance Belle Martiniquaise My details Below mentioned<\/p>\n<p>                Nationality:<br \/>\n                French <\/p>\n<p>                Languages:<br \/>\n                English. French<\/p>\n<p>                Age:<br \/>\n                24<\/p>\n<p>                Height:<br \/>\n                172 cm<\/p>\n<p>                Weight:<br \/>\n                78 kg<\/p>\n<p>                Hair:<br \/>\n                Black<\/p>\n<p>                Eyes:<br \/>\n                BlackCompanionship rates:<\/p>\n<p>                  1 hour rate<br \/>\n                  150 USD<\/p>\n<p>                  2 hours rate<br \/>\n                  200 USD<\/p>\n<p>                  3 hours rate<br \/>\n                  280 USD<\/p>\n<p>                  full night rate<br \/>\n                  500 USD<\/p>\n","protected":false},"featured_media":124640,"comment_status":"open","ping_status":"closed","template":"","meta":{"site-sidebar-layout":"default","site-content-layout":"","ast-site-content-layout":"","site-content-style":"default","site-sidebar-style":"default","ast-global-header-display":"","ast-banner-title-visibility":"","ast-main-header-display":"","ast-hfb-above-header-display":"","ast-hfb-below-header-display":"","ast-hfb-mobile-header-display":"","site-post-title":"","ast-breadcrumbs-content":"","ast-featured-img":"","footer-sml-layout":"","theme-transparent-header-meta":"","adv-header-id-meta":"","stick-header-meta":"","header-above-stick-meta":"","header-main-stick-meta":"","header-below-stick-meta":"","astra-migrate-meta-layouts":"default","ast-page-background-enabled":"default","ast-page-background-meta":{"desktop":{"background-color":"var(--ast-global-color-4)","background-image":"","background-repeat":"repeat","background-position":"center center","background-size":"auto","background-attachment":"scroll","background-type":"","background-media":"","overlay-type":"","overlay-color":"","overlay-opacity":"","overlay-gradient":""},"tablet":{"background-color":"","background-image":"","background-repeat":"repeat","background-position":"center center","background-size":"auto","background-attachment":"scroll","background-type":"","background-media":"","overlay-type":"","overlay-color":"","overlay-opacity":"","overlay-gradient":""},"mobile":{"background-color":"","background-image":"","background-repeat":"repeat","background-position":"center center","background-size":"auto","background-attachment":"scroll","background-type":"","background-media":"","overlay-type":"","overlay-color":"","overlay-opacity":"","overlay-gradient":""}},"ast-content-background-meta":{"desktop":{"background-color":"var(--ast-global-color-5)","background-image":"","background-repeat":"repeat","background-position":"center center","background-size":"auto","background-attachment":"scroll","background-type":"","background-media":"","overlay-type":"","overlay-color":"","overlay-opacity":"","overlay-gradient":""},"tablet":{"background-color":"var(--ast-global-color-5)","background-image":"","background-repeat":"repeat","background-position":"center center","background-size":"auto","background-attachment":"scroll","background-type":"","background-media":"","overlay-type":"","overlay-color":"","overlay-opacity":"","overlay-gradient":""},"mobile":{"background-color":"var(--ast-global-color-5)","background-image":"","background-repeat":"repeat","background-position":"center center","background-size":"auto","background-attachment":"scroll","background-type":"","background-media":"","overlay-type":"","overlay-color":"","overlay-opacity":"","overlay-gradient":""}}},"product_brand":[],"product_cat":[244,188,1118],"product_tag":[],"class_list":{"0":"post-343863","1":"product","2":"type-product","3":"status-publish","4":"has-post-thumbnail","6":"product_cat-france","7":"product_cat-freelancer","8":"product_cat-paris","9":"desktop-align-left","10":"tablet-align-left","11":"mobile-align-left","13":"first","14":"instock","15":"shipping-taxable","16":"product-type-simple"},"_links":{"self":[{"href":"https:\/\/poccky.com\/index.php\/wp-json\/wp\/v2\/product\/343863","targetHints":{"allow":["GET"]}}],"collection":[{"href":"https:\/\/poccky.com\/index.php\/wp-json\/wp\/v2\/product"}],"about":[{"href":"https:\/\/poccky.com\/index.php\/wp-json\/wp\/v2\/types\/product"}],"replies":[{"embeddable":true,"href":"https:\/\/poccky.com\/index.php\/wp-json\/wp\/v2\/comments?post=343863"}],"wp:featuredmedia":[{"embeddable":true,"href":"https:\/\/poccky.com\/index.php\/wp-json\/wp\/v2\/media\/124640"}],"wp:attachment":[{"href":"https:\/\/poccky.com\/index.php\/wp-json\/wp\/v2\/media?parent=343863"}],"wp:term":[{"taxonomy":"product_brand","embeddable":true,"href":"https:\/\/poccky.com\/index.php\/wp-json\/wp\/v2\/product_brand?post=343863"},{"taxonomy":"product_cat","embeddable":true,"href":"https:\/\/poccky.com\/index.php\/wp-json\/wp\/v2\/product_cat?post=343863"},{"taxonomy":"product_tag","embeddable":true,"href":"https:\/\/poccky.com\/index.php\/wp-json\/wp\/v2\/product_tag?post=343863"}],"curies":[{"name":"wp","href":"https:\/\/api.w.org\/{rel}","templated":true}]}}