{"id":343697,"date":"2023-11-07T11:19:33","date_gmt":"2023-11-07T11:19:33","guid":{"rendered":"https:\/\/poccky.com\/?post_type=product&#038;p=343697"},"modified":"2023-11-07T11:19:43","modified_gmt":"2023-11-07T11:19:43","slug":"alexamiss-4","status":"publish","type":"product","link":"https:\/\/poccky.com\/index.php\/product\/alexamiss-4\/","title":{"rendered":"AlexaMiss"},"content":{"rendered":"","protected":false},"excerpt":{"rendered":"<p>Hello.<br \/>\nI am ALEXA. a passionate lady in Paris. who loves the company of successful gentlemen. Delicate. soft. elegant. tall brunette with an expertise of a real princess. I can be a perfect companion for a man. who would like to enjoy an opportunity of a quality time. I can also accompany you on various events.Thank you to consider the fact that I&#8217;m not a 24\/7 escort girl. Therefore I can not always answer your calls. For an appointment please warn me in advance .so I can orginize myself. Often. I am more easily reached by texting (Whats up. SMS.(french numbers)Viber.).<br \/>\nThank&#8217;s for your understanding and see you soon.<br \/>\nKisses.<br \/>\nAlexa.<br \/>\nI also invite you to see my personal website : http:\/\/alexa-vipescort-paris.com\/en\/<\/p>\n<p>Bonjour.<\/p>\n<p>Je suis ALEXA. une dame passionn\u00e9e \u00e0 Paris. qui aime la compagnie des gentlemen succ\u00e8s.<br \/>\nD\u00e9licat. doux \u00e9l\u00e9gant. grande brune. avec une expertise d&#8217;une vraie princesse. Je peux \u00eatre un compagnon id\u00e9al pour un homme. qui voudrait profiter de l&#8217;occasion d&#8217;un temps de qualit\u00e9. Je peux \u00e9galement vous accompagner sur les diff\u00e9rents \u00e9v\u00e9nements &#8230;<br \/>\nMerci de consid\u00e9rer le fait que je ne suis pas une fille 24\/7 d&#8217;escorte. Par cons\u00e9quent. je ne peux pas toujours r\u00e9pondre \u00e0 vos appels. Pour un rendez-vous s&#8217;il vous pla\u00eet me pr\u00e9venir \u00e0 l&#8217;avance afin que je puisse me orginize. Souvent. je suis plus facilement atteint en envoyant (Whats up. SMS. Viber.)<br \/>\nMerci de votre compr\u00e9hension et de vous voir bient\u00f4t.<br \/>\nBaisers.<br \/>\nAlexa<br \/>\nJe vous invite aussi \u00e0 voir mon site personnel : http:\/\/alexa-vipescort-paris.com\/fr\/ My details Below mentioned<\/p>\n<p>                Languages:<br \/>\n                english.  german. french<\/p>\n<p>                Age:<br \/>\n                37<\/p>\n<p>                Height:<br \/>\n                180<\/p>\n<p>                Weight:<br \/>\n                65<\/p>\n<p>                Hair:<br \/>\n                mid brown<\/p>\n<p>                Eyes:<br \/>\n                green<\/p>\n","protected":false},"featured_media":128448,"comment_status":"open","ping_status":"closed","template":"","meta":{"site-sidebar-layout":"default","site-content-layout":"","ast-site-content-layout":"","site-content-style":"default","site-sidebar-style":"default","ast-global-header-display":"","ast-banner-title-visibility":"","ast-main-header-display":"","ast-hfb-above-header-display":"","ast-hfb-below-header-display":"","ast-hfb-mobile-header-display":"","site-post-title":"","ast-breadcrumbs-content":"","ast-featured-img":"","footer-sml-layout":"","theme-transparent-header-meta":"","adv-header-id-meta":"","stick-header-meta":"","header-above-stick-meta":"","header-main-stick-meta":"","header-below-stick-meta":"","astra-migrate-meta-layouts":"default","ast-page-background-enabled":"default","ast-page-background-meta":{"desktop":{"background-color":"var(--ast-global-color-4)","background-image":"","background-repeat":"repeat","background-position":"center center","background-size":"auto","background-attachment":"scroll","background-type":"","background-media":"","overlay-type":"","overlay-color":"","overlay-opacity":"","overlay-gradient":""},"tablet":{"background-color":"","background-image":"","background-repeat":"repeat","background-position":"center center","background-size":"auto","background-attachment":"scroll","background-type":"","background-media":"","overlay-type":"","overlay-color":"","overlay-opacity":"","overlay-gradient":""},"mobile":{"background-color":"","background-image":"","background-repeat":"repeat","background-position":"center center","background-size":"auto","background-attachment":"scroll","background-type":"","background-media":"","overlay-type":"","overlay-color":"","overlay-opacity":"","overlay-gradient":""}},"ast-content-background-meta":{"desktop":{"background-color":"var(--ast-global-color-5)","background-image":"","background-repeat":"repeat","background-position":"center center","background-size":"auto","background-attachment":"scroll","background-type":"","background-media":"","overlay-type":"","overlay-color":"","overlay-opacity":"","overlay-gradient":""},"tablet":{"background-color":"var(--ast-global-color-5)","background-image":"","background-repeat":"repeat","background-position":"center center","background-size":"auto","background-attachment":"scroll","background-type":"","background-media":"","overlay-type":"","overlay-color":"","overlay-opacity":"","overlay-gradient":""},"mobile":{"background-color":"var(--ast-global-color-5)","background-image":"","background-repeat":"repeat","background-position":"center center","background-size":"auto","background-attachment":"scroll","background-type":"","background-media":"","overlay-type":"","overlay-color":"","overlay-opacity":"","overlay-gradient":""}}},"product_brand":[],"product_cat":[244,188,1118],"product_tag":[],"class_list":{"0":"post-343697","1":"product","2":"type-product","3":"status-publish","4":"has-post-thumbnail","6":"product_cat-france","7":"product_cat-freelancer","8":"product_cat-paris","9":"desktop-align-left","10":"tablet-align-left","11":"mobile-align-left","13":"first","14":"instock","15":"shipping-taxable","16":"product-type-simple"},"_links":{"self":[{"href":"https:\/\/poccky.com\/index.php\/wp-json\/wp\/v2\/product\/343697","targetHints":{"allow":["GET"]}}],"collection":[{"href":"https:\/\/poccky.com\/index.php\/wp-json\/wp\/v2\/product"}],"about":[{"href":"https:\/\/poccky.com\/index.php\/wp-json\/wp\/v2\/types\/product"}],"replies":[{"embeddable":true,"href":"https:\/\/poccky.com\/index.php\/wp-json\/wp\/v2\/comments?post=343697"}],"wp:featuredmedia":[{"embeddable":true,"href":"https:\/\/poccky.com\/index.php\/wp-json\/wp\/v2\/media\/128448"}],"wp:attachment":[{"href":"https:\/\/poccky.com\/index.php\/wp-json\/wp\/v2\/media?parent=343697"}],"wp:term":[{"taxonomy":"product_brand","embeddable":true,"href":"https:\/\/poccky.com\/index.php\/wp-json\/wp\/v2\/product_brand?post=343697"},{"taxonomy":"product_cat","embeddable":true,"href":"https:\/\/poccky.com\/index.php\/wp-json\/wp\/v2\/product_cat?post=343697"},{"taxonomy":"product_tag","embeddable":true,"href":"https:\/\/poccky.com\/index.php\/wp-json\/wp\/v2\/product_tag?post=343697"}],"curies":[{"name":"wp","href":"https:\/\/api.w.org\/{rel}","templated":true}]}}