{"id":343537,"date":"2023-11-07T10:46:00","date_gmt":"2023-11-07T10:46:00","guid":{"rendered":"https:\/\/poccky.com\/?post_type=product&#038;p=343537"},"modified":"2023-11-07T10:46:10","modified_gmt":"2023-11-07T10:46:10","slug":"callista-young-frencvh-black-escort-2","status":"publish","type":"product","link":"https:\/\/poccky.com\/index.php\/product\/callista-young-frencvh-black-escort-2\/","title":{"rendered":"Callista Young Frencvh Black Escort"},"content":{"rendered":"","protected":false},"excerpt":{"rendered":"<p>Je suis une jeune femme ind\u00e9pendante. naturelle. cultiv\u00e9e et raffin\u00e9e.<br \/>\nJe suis Fran\u00e7aise. \u00e9tudiante. j&#8217;aime lire. \u00e9couter de la musique. la danse. le th\u00e9\u00e2tre. cuisiner et voyager.<br \/>\nJ&#8217;ai voyag\u00e9 dans de nombreux pays. ce qui me permet d&#8217;\u00eatre ouverte et cultiv\u00e9e.<br \/>\nJe suis polyglotte et j&#8217;aime l&#8217;apprentissage de nouvelles langues.<br \/>\nPassionn\u00e9e. d\u00e9sireuse d&#8217;offrir d&#8217;agr\u00e9ables moments. venez me d\u00e9couvrir.<br \/>\nSeins naturels.<br \/>\nContactez moi par sms!!<\/p>\n<p>I am a young independent woman . natural. cultured and refined .<br \/>\nI am French student . I like reading . listening to music. dance . theater. cooking and traveling .<br \/>\nI have traveled to many countries. which allows me to be open and cultivated.<br \/>\nI am multilingual and I like learning new languages.<br \/>\nPassionate . eager to offer pleasant moments . discover me .<br \/>\nNatural breast.<br \/>\nContact me!! My details Below mentioned<\/p>\n<p>                Nationality:<br \/>\n                French <\/p>\n<p>                Languages:<br \/>\n                French.  Englis.  Deutsch.  Spanish.  Russian.  Chinese<\/p>\n<p>                Age:<br \/>\n                23<\/p>\n<p>                Height:<br \/>\n                165cm<\/p>\n<p>                Hair:<br \/>\n                Long Dark Brown<\/p>\n<p>                Eyes:<br \/>\n                Brown<\/p>\n","protected":false},"featured_media":122156,"comment_status":"open","ping_status":"closed","template":"","meta":{"site-sidebar-layout":"default","site-content-layout":"","ast-site-content-layout":"","site-content-style":"default","site-sidebar-style":"default","ast-global-header-display":"","ast-banner-title-visibility":"","ast-main-header-display":"","ast-hfb-above-header-display":"","ast-hfb-below-header-display":"","ast-hfb-mobile-header-display":"","site-post-title":"","ast-breadcrumbs-content":"","ast-featured-img":"","footer-sml-layout":"","theme-transparent-header-meta":"","adv-header-id-meta":"","stick-header-meta":"","header-above-stick-meta":"","header-main-stick-meta":"","header-below-stick-meta":"","astra-migrate-meta-layouts":"default","ast-page-background-enabled":"default","ast-page-background-meta":{"desktop":{"background-color":"var(--ast-global-color-4)","background-image":"","background-repeat":"repeat","background-position":"center center","background-size":"auto","background-attachment":"scroll","background-type":"","background-media":"","overlay-type":"","overlay-color":"","overlay-opacity":"","overlay-gradient":""},"tablet":{"background-color":"","background-image":"","background-repeat":"repeat","background-position":"center center","background-size":"auto","background-attachment":"scroll","background-type":"","background-media":"","overlay-type":"","overlay-color":"","overlay-opacity":"","overlay-gradient":""},"mobile":{"background-color":"","background-image":"","background-repeat":"repeat","background-position":"center center","background-size":"auto","background-attachment":"scroll","background-type":"","background-media":"","overlay-type":"","overlay-color":"","overlay-opacity":"","overlay-gradient":""}},"ast-content-background-meta":{"desktop":{"background-color":"var(--ast-global-color-5)","background-image":"","background-repeat":"repeat","background-position":"center center","background-size":"auto","background-attachment":"scroll","background-type":"","background-media":"","overlay-type":"","overlay-color":"","overlay-opacity":"","overlay-gradient":""},"tablet":{"background-color":"var(--ast-global-color-5)","background-image":"","background-repeat":"repeat","background-position":"center center","background-size":"auto","background-attachment":"scroll","background-type":"","background-media":"","overlay-type":"","overlay-color":"","overlay-opacity":"","overlay-gradient":""},"mobile":{"background-color":"var(--ast-global-color-5)","background-image":"","background-repeat":"repeat","background-position":"center center","background-size":"auto","background-attachment":"scroll","background-type":"","background-media":"","overlay-type":"","overlay-color":"","overlay-opacity":"","overlay-gradient":""}}},"product_brand":[],"product_cat":[244,188,1118],"product_tag":[],"class_list":{"0":"post-343537","1":"product","2":"type-product","3":"status-publish","4":"has-post-thumbnail","6":"product_cat-france","7":"product_cat-freelancer","8":"product_cat-paris","9":"desktop-align-left","10":"tablet-align-left","11":"mobile-align-left","13":"first","14":"instock","15":"shipping-taxable","16":"product-type-simple"},"_links":{"self":[{"href":"https:\/\/poccky.com\/index.php\/wp-json\/wp\/v2\/product\/343537","targetHints":{"allow":["GET"]}}],"collection":[{"href":"https:\/\/poccky.com\/index.php\/wp-json\/wp\/v2\/product"}],"about":[{"href":"https:\/\/poccky.com\/index.php\/wp-json\/wp\/v2\/types\/product"}],"replies":[{"embeddable":true,"href":"https:\/\/poccky.com\/index.php\/wp-json\/wp\/v2\/comments?post=343537"}],"wp:featuredmedia":[{"embeddable":true,"href":"https:\/\/poccky.com\/index.php\/wp-json\/wp\/v2\/media\/122156"}],"wp:attachment":[{"href":"https:\/\/poccky.com\/index.php\/wp-json\/wp\/v2\/media?parent=343537"}],"wp:term":[{"taxonomy":"product_brand","embeddable":true,"href":"https:\/\/poccky.com\/index.php\/wp-json\/wp\/v2\/product_brand?post=343537"},{"taxonomy":"product_cat","embeddable":true,"href":"https:\/\/poccky.com\/index.php\/wp-json\/wp\/v2\/product_cat?post=343537"},{"taxonomy":"product_tag","embeddable":true,"href":"https:\/\/poccky.com\/index.php\/wp-json\/wp\/v2\/product_tag?post=343537"}],"curies":[{"name":"wp","href":"https:\/\/api.w.org\/{rel}","templated":true}]}}