{"id":343536,"date":"2023-11-07T10:45:44","date_gmt":"2023-11-07T10:45:44","guid":{"rendered":"https:\/\/poccky.com\/?post_type=product&#038;p=343536"},"modified":"2023-11-07T10:45:56","modified_gmt":"2023-11-07T10:45:56","slug":"sarah-54","status":"publish","type":"product","link":"https:\/\/poccky.com\/index.php\/product\/sarah-54\/","title":{"rendered":"Sarah"},"content":{"rendered":"","protected":false},"excerpt":{"rendered":"<p>Ich bin wild und energisch. sexuell sehr kreativ .<br \/>\nIch liebe SEX. bin von Natur aus sehr sinnlich und weiss genau wie ich meinen sexy K\u00f6rper einzusetzen habe. Ich lasse M\u00e4nnerherzen h\u00f6her schlagen und weiss genau was euch gef\u00e4llt. Geniesse meine frische. neugierige und offene Art. Du wirst dich bei mir sofort wohlf\u00fchlen. Du wirst bei mir nie das Gefuehl haben. dass ich nicht vollkommen involviert bin und mich dir hundertprozentig mit absoluter Hingabe widme.<br \/>\nIch bin stets elegant und gepflegt gekleidet. pflege mich und trainiere regelmaessig im Fitnessstudio.<br \/>\nIch bin nat\u00fcrlich. sexy und niveauvoll. genau die richtige Mischung f\u00fcr ein anspruchsvolles Date.<br \/>\nDu kannst aber auch einfach nur lachen. feiern und die Zeit mit mir genie\u00dfen.<br \/>\n?<br \/>\nMeine Fotos sind aktuell !!<br \/>\nDu wirdst nicht Entt\u00e4uscht. wenn du mich siehst !!!<br \/>\nNO SURPRISE !!!<br \/>\n?<br \/>\nIch bin das Sinnbild von Erotik und Feuer. Verf\u00fchrung und Z\u00e4rtlichkeit. Lust und Leidenschaft und biete dir einen unvergesslichen Service mit Suchtgefahr. My details Below mentioned<\/p>\n<p>                Nationality:<br \/>\n                Romanian <\/p>\n<p>                Languages:<br \/>\n                Deutsch .  English<\/p>\n<p>                Age:<br \/>\n                21<\/p>\n<p>                Height:<br \/>\n                165<\/p>\n<p>                Weight:<br \/>\n                50<\/p>\n<p>                Hair:<br \/>\n                Br\u00fcnett<\/p>\n<p>                Eyes:<br \/>\n                Brownphone_android Phone:<br \/>\n          +41779863198<\/p>\n","protected":false},"featured_media":126624,"comment_status":"open","ping_status":"closed","template":"","meta":{"site-sidebar-layout":"default","site-content-layout":"","ast-site-content-layout":"","site-content-style":"default","site-sidebar-style":"default","ast-global-header-display":"","ast-banner-title-visibility":"","ast-main-header-display":"","ast-hfb-above-header-display":"","ast-hfb-below-header-display":"","ast-hfb-mobile-header-display":"","site-post-title":"","ast-breadcrumbs-content":"","ast-featured-img":"","footer-sml-layout":"","theme-transparent-header-meta":"","adv-header-id-meta":"","stick-header-meta":"","header-above-stick-meta":"","header-main-stick-meta":"","header-below-stick-meta":"","astra-migrate-meta-layouts":"default","ast-page-background-enabled":"default","ast-page-background-meta":{"desktop":{"background-color":"var(--ast-global-color-4)","background-image":"","background-repeat":"repeat","background-position":"center center","background-size":"auto","background-attachment":"scroll","background-type":"","background-media":"","overlay-type":"","overlay-color":"","overlay-opacity":"","overlay-gradient":""},"tablet":{"background-color":"","background-image":"","background-repeat":"repeat","background-position":"center center","background-size":"auto","background-attachment":"scroll","background-type":"","background-media":"","overlay-type":"","overlay-color":"","overlay-opacity":"","overlay-gradient":""},"mobile":{"background-color":"","background-image":"","background-repeat":"repeat","background-position":"center center","background-size":"auto","background-attachment":"scroll","background-type":"","background-media":"","overlay-type":"","overlay-color":"","overlay-opacity":"","overlay-gradient":""}},"ast-content-background-meta":{"desktop":{"background-color":"var(--ast-global-color-5)","background-image":"","background-repeat":"repeat","background-position":"center center","background-size":"auto","background-attachment":"scroll","background-type":"","background-media":"","overlay-type":"","overlay-color":"","overlay-opacity":"","overlay-gradient":""},"tablet":{"background-color":"var(--ast-global-color-5)","background-image":"","background-repeat":"repeat","background-position":"center center","background-size":"auto","background-attachment":"scroll","background-type":"","background-media":"","overlay-type":"","overlay-color":"","overlay-opacity":"","overlay-gradient":""},"mobile":{"background-color":"var(--ast-global-color-5)","background-image":"","background-repeat":"repeat","background-position":"center center","background-size":"auto","background-attachment":"scroll","background-type":"","background-media":"","overlay-type":"","overlay-color":"","overlay-opacity":"","overlay-gradient":""}}},"product_brand":[],"product_cat":[188,958,1127],"product_tag":[],"class_list":{"0":"post-343536","1":"product","2":"type-product","3":"status-publish","4":"has-post-thumbnail","6":"product_cat-freelancer","7":"product_cat-switzerland","8":"product_cat-zurich","9":"desktop-align-left","10":"tablet-align-left","11":"mobile-align-left","13":"first","14":"instock","15":"shipping-taxable","16":"product-type-simple"},"_links":{"self":[{"href":"https:\/\/poccky.com\/index.php\/wp-json\/wp\/v2\/product\/343536","targetHints":{"allow":["GET"]}}],"collection":[{"href":"https:\/\/poccky.com\/index.php\/wp-json\/wp\/v2\/product"}],"about":[{"href":"https:\/\/poccky.com\/index.php\/wp-json\/wp\/v2\/types\/product"}],"replies":[{"embeddable":true,"href":"https:\/\/poccky.com\/index.php\/wp-json\/wp\/v2\/comments?post=343536"}],"wp:featuredmedia":[{"embeddable":true,"href":"https:\/\/poccky.com\/index.php\/wp-json\/wp\/v2\/media\/126624"}],"wp:attachment":[{"href":"https:\/\/poccky.com\/index.php\/wp-json\/wp\/v2\/media?parent=343536"}],"wp:term":[{"taxonomy":"product_brand","embeddable":true,"href":"https:\/\/poccky.com\/index.php\/wp-json\/wp\/v2\/product_brand?post=343536"},{"taxonomy":"product_cat","embeddable":true,"href":"https:\/\/poccky.com\/index.php\/wp-json\/wp\/v2\/product_cat?post=343536"},{"taxonomy":"product_tag","embeddable":true,"href":"https:\/\/poccky.com\/index.php\/wp-json\/wp\/v2\/product_tag?post=343536"}],"curies":[{"name":"wp","href":"https:\/\/api.w.org\/{rel}","templated":true}]}}