{"id":343309,"date":"2023-11-07T10:01:04","date_gmt":"2023-11-07T10:01:04","guid":{"rendered":"https:\/\/poccky.com\/?post_type=product&#038;p=343309"},"modified":"2023-11-07T10:01:06","modified_gmt":"2023-11-07T10:01:06","slug":"bodrum-escort-bayan-vip-partner-naz-14","status":"publish","type":"product","link":"https:\/\/poccky.com\/index.php\/product\/bodrum-escort-bayan-vip-partner-naz-14\/","title":{"rendered":"BODRUM ESCORT BAYAN VIP PARTNER NAZ"},"content":{"rendered":"","protected":false},"excerpt":{"rendered":"<p>MU?LA-BODRUM-M?LAS ESCORT BAYAN VIP PARTNER NAZ prenses482010.hotmail.com<br \/>\nSELAM EL?T BEYLER. BEN MU?LA-BODRUM-M?LAS ESCORT BAYAN NAZ\u2026prenses482010.hotmail.com MU?LA VE ?L\u00c7ELER?NDE VIP ESCORTLUK ETMEKTEY?M\u2026(MU?LA-BODRUM-G\u00dcVERC?NL?K-G\u00dcLL\u00dcK-M?LAS-\u00d6REN-MARMAR?S-DAT\u00c7A-AKYAKA-G\u00d6KOVA-FETH?YE-\u00d6L\u00dcDEN?Z-G\u00d6CEK-SEYD?KEMER-K\u00d6YCE??Z-DALAMAN-ORTACA-DALYAN-SARIGERME-?ZTUZU-YATA?AN-ULA-KAVAKKIDERE) M\u00dcKEMMEL BIR F?Z??E SAH?P. \u00c7EK?C? G\u00dcZEL. BAKIMLI VE HER ZAMAN ?\u00c7?N ?IK BIR BAYANIM\u2026HIJYEN VE TEM?ZL?K BENIM \u00c7OK \u00d6NEML?D?R\u2026ANAL ?L??K? YOKTUR. ASLA TEKLIF ETMEY?N?Z\u2026?L??K?LER?MDE MEMNUNIYET VE G?ZL?L?K OLMAZSA OLMAZIMDIR\u2026.T\u00dcRK?YE GENEL? SEYAHAT ENGEL?M YOKTUR\u2026EN KISA G\u00d6R\u00dc?MEM 2 SAATTEN BA?LAMAKTADIR\u20262 SAATL?K E?L?K \u00dcCRET?M 800 TL 3 SAAT 1000 TL GECEL?K 2000 TL 1 G\u00dcNL\u00dcK (24 SAAT) 3000 TL D?R\u2026\u00dcCRET?M SAB?TT?R PAZARLIK ETMEY?N?Z\u2026OTEL DI?I MEKAN TEKL?F? ?STEM?YORUM\u20261 G\u00dcN \u00d6NCEDEN RANDEVU ALMALISINIZ\u2026C?DD? OLANLAR KEND?LER?N? TANITAN (?EH?R-MESLEK-TELEFON NUMARASI-UYGUN OLDU?U G\u00dcN VB. B?LG?LER) MA?L ATSIN D\u00d6N\u00dc? YAPILACAKTIR\u2026NOT: B?LG?LER? D?KKATL? OKUYUN. PAZARLIK ETMEY?N VE TEKRAR SORU SORMAYIN\u2026 ?LET???M B?LG?LER?M: prenses482010.hotmail.com<br \/>\nmu?la bodrum milas escort bayan girl k?z arkada? partner gecelik naz vip elit seksi sar???n saatlik dominant tatil footfetish sahibe k\u00f6le mente?e marmaris fethiye dalaman \u00f6l\u00fcdeniz g\u00f6cek dalyan sar?germe My details Below mentioned<\/p>\n<p>                Nationality:<br \/>\n                Turkish <\/p>\n<p>                Languages:<br \/>\n                English<\/p>\n<p>                Age:<br \/>\n                29<\/p>\n<p>                Height:<br \/>\n                172<\/p>\n<p>                Weight:<br \/>\n                50<\/p>\n<p>                Hair:<br \/>\n                Long Blonde<\/p>\n<p>                Eyes:<br \/>\n                Blue<\/p>\n<p>                Measurements:<br \/>\n                90-60-90Companionship rates:<\/p>\n<p>                  2 hours rate<br \/>\n                  800 USD<\/p>\n<p>                  3 hours rate<br \/>\n                  1000 USD<\/p>\n<p>                  full night rate<br \/>\n                  2000 USD<\/p>\n","protected":false},"featured_media":124294,"comment_status":"open","ping_status":"closed","template":"","meta":{"site-sidebar-layout":"default","site-content-layout":"","ast-site-content-layout":"","site-content-style":"default","site-sidebar-style":"default","ast-global-header-display":"","ast-banner-title-visibility":"","ast-main-header-display":"","ast-hfb-above-header-display":"","ast-hfb-below-header-display":"","ast-hfb-mobile-header-display":"","site-post-title":"","ast-breadcrumbs-content":"","ast-featured-img":"","footer-sml-layout":"","theme-transparent-header-meta":"","adv-header-id-meta":"","stick-header-meta":"","header-above-stick-meta":"","header-main-stick-meta":"","header-below-stick-meta":"","astra-migrate-meta-layouts":"default","ast-page-background-enabled":"default","ast-page-background-meta":{"desktop":{"background-color":"var(--ast-global-color-4)","background-image":"","background-repeat":"repeat","background-position":"center center","background-size":"auto","background-attachment":"scroll","background-type":"","background-media":"","overlay-type":"","overlay-color":"","overlay-opacity":"","overlay-gradient":""},"tablet":{"background-color":"","background-image":"","background-repeat":"repeat","background-position":"center center","background-size":"auto","background-attachment":"scroll","background-type":"","background-media":"","overlay-type":"","overlay-color":"","overlay-opacity":"","overlay-gradient":""},"mobile":{"background-color":"","background-image":"","background-repeat":"repeat","background-position":"center center","background-size":"auto","background-attachment":"scroll","background-type":"","background-media":"","overlay-type":"","overlay-color":"","overlay-opacity":"","overlay-gradient":""}},"ast-content-background-meta":{"desktop":{"background-color":"var(--ast-global-color-5)","background-image":"","background-repeat":"repeat","background-position":"center center","background-size":"auto","background-attachment":"scroll","background-type":"","background-media":"","overlay-type":"","overlay-color":"","overlay-opacity":"","overlay-gradient":""},"tablet":{"background-color":"var(--ast-global-color-5)","background-image":"","background-repeat":"repeat","background-position":"center center","background-size":"auto","background-attachment":"scroll","background-type":"","background-media":"","overlay-type":"","overlay-color":"","overlay-opacity":"","overlay-gradient":""},"mobile":{"background-color":"var(--ast-global-color-5)","background-image":"","background-repeat":"repeat","background-position":"center center","background-size":"auto","background-attachment":"scroll","background-type":"","background-media":"","overlay-type":"","overlay-color":"","overlay-opacity":"","overlay-gradient":""}}},"product_brand":[],"product_cat":[188,1113,243],"product_tag":[],"class_list":{"0":"post-343309","1":"product","2":"type-product","3":"status-publish","4":"has-post-thumbnail","6":"product_cat-freelancer","7":"product_cat-istanbul","8":"product_cat-turky","9":"desktop-align-left","10":"tablet-align-left","11":"mobile-align-left","13":"first","14":"instock","15":"shipping-taxable","16":"product-type-simple"},"_links":{"self":[{"href":"https:\/\/poccky.com\/index.php\/wp-json\/wp\/v2\/product\/343309","targetHints":{"allow":["GET"]}}],"collection":[{"href":"https:\/\/poccky.com\/index.php\/wp-json\/wp\/v2\/product"}],"about":[{"href":"https:\/\/poccky.com\/index.php\/wp-json\/wp\/v2\/types\/product"}],"replies":[{"embeddable":true,"href":"https:\/\/poccky.com\/index.php\/wp-json\/wp\/v2\/comments?post=343309"}],"wp:featuredmedia":[{"embeddable":true,"href":"https:\/\/poccky.com\/index.php\/wp-json\/wp\/v2\/media\/124294"}],"wp:attachment":[{"href":"https:\/\/poccky.com\/index.php\/wp-json\/wp\/v2\/media?parent=343309"}],"wp:term":[{"taxonomy":"product_brand","embeddable":true,"href":"https:\/\/poccky.com\/index.php\/wp-json\/wp\/v2\/product_brand?post=343309"},{"taxonomy":"product_cat","embeddable":true,"href":"https:\/\/poccky.com\/index.php\/wp-json\/wp\/v2\/product_cat?post=343309"},{"taxonomy":"product_tag","embeddable":true,"href":"https:\/\/poccky.com\/index.php\/wp-json\/wp\/v2\/product_tag?post=343309"}],"curies":[{"name":"wp","href":"https:\/\/api.w.org\/{rel}","templated":true}]}}