{"id":343166,"date":"2023-11-07T09:31:58","date_gmt":"2023-11-07T09:31:58","guid":{"rendered":"https:\/\/poccky.com\/?post_type=product&#038;p=343166"},"modified":"2023-11-07T09:32:06","modified_gmt":"2023-11-07T09:32:06","slug":"alana-12","status":"publish","type":"product","link":"https:\/\/poccky.com\/index.php\/product\/alana-12\/","title":{"rendered":"Alana"},"content":{"rendered":"","protected":false},"excerpt":{"rendered":"<p>Bonjour .<br \/>\nJe suis Alana. une jeune et sexy femme. cultiv\u00e9e. douce. Si vous aimez le charme. la sensualit\u00e9. l&#8217;humour et la discr\u00e9tion. vous ne serez pas d\u00e9\u00e7us.<br \/>\nJe partagerai avec vous des moment d\u00e9licieux de sensation inoubliables je suis la pour vous donner du plaisir 100% garantie.<br \/>\nSi vous \u00eates tendre et d\u00e9licat. nous sommes fait pour nous entendre et je me ferai un plaisir d\u2019\u00eatre votre complice d&#8217;un soir.<br \/>\nJ\u2019appr\u00e9cie les hommes courtois. honn\u00eates. cultives. s\u00e9rieux. Si vous vous reconnaissez. nous passerons deux de tr\u00e8s bons moments pour n\u00f4tres plus grand plaisir.<\/p>\n<p>Ce que je propose:<\/p>\n<p>une bonne fellation nature ou prot\u00e9g\u00e9. Gorges profondes et baveuse. Me dire des petites insultes. j&#8217;adore sa ( dans le cadre de la rencontre). Me mettre des petite fess\u00e9e.<br \/>\nEjaculation corporelle. sur mes seins. mes fesses.Cunni. 69. Levrette . French kiss avec la langue&#8230;<\/p>\n<p>Je suis tr\u00e8s s\u00e9lective je me resserve le droit d&#8217;accepter ou de refuser notre rencontre.<\/p>\n<p>PS\/ PAS D APPEL MASQUER NI SMS MERCI<\/p>\n<p>J\u2019esp\u00e8re vous rencontres bient\u00f4t je vous embrasse.<br \/>\nAlana . My details Below mentioned<\/p>\n<p>                Nationality:<br \/>\n                Russian <\/p>\n<p>                Languages:<br \/>\n                Spanish. french. italian.<\/p>\n<p>                Age:<br \/>\n                23<\/p>\n<p>                Height:<br \/>\n                170cm<\/p>\n<p>                Weight:<br \/>\n                54kg<\/p>\n<p>                Eyes:<br \/>\n                Brown<\/p>\n<p>                Measurements:<br \/>\n                95-70-100<\/p>\n","protected":false},"featured_media":122098,"comment_status":"open","ping_status":"closed","template":"","meta":{"site-sidebar-layout":"default","site-content-layout":"","ast-site-content-layout":"","site-content-style":"default","site-sidebar-style":"default","ast-global-header-display":"","ast-banner-title-visibility":"","ast-main-header-display":"","ast-hfb-above-header-display":"","ast-hfb-below-header-display":"","ast-hfb-mobile-header-display":"","site-post-title":"","ast-breadcrumbs-content":"","ast-featured-img":"","footer-sml-layout":"","theme-transparent-header-meta":"","adv-header-id-meta":"","stick-header-meta":"","header-above-stick-meta":"","header-main-stick-meta":"","header-below-stick-meta":"","astra-migrate-meta-layouts":"default","ast-page-background-enabled":"default","ast-page-background-meta":{"desktop":{"background-color":"var(--ast-global-color-4)","background-image":"","background-repeat":"repeat","background-position":"center center","background-size":"auto","background-attachment":"scroll","background-type":"","background-media":"","overlay-type":"","overlay-color":"","overlay-opacity":"","overlay-gradient":""},"tablet":{"background-color":"","background-image":"","background-repeat":"repeat","background-position":"center center","background-size":"auto","background-attachment":"scroll","background-type":"","background-media":"","overlay-type":"","overlay-color":"","overlay-opacity":"","overlay-gradient":""},"mobile":{"background-color":"","background-image":"","background-repeat":"repeat","background-position":"center center","background-size":"auto","background-attachment":"scroll","background-type":"","background-media":"","overlay-type":"","overlay-color":"","overlay-opacity":"","overlay-gradient":""}},"ast-content-background-meta":{"desktop":{"background-color":"var(--ast-global-color-5)","background-image":"","background-repeat":"repeat","background-position":"center center","background-size":"auto","background-attachment":"scroll","background-type":"","background-media":"","overlay-type":"","overlay-color":"","overlay-opacity":"","overlay-gradient":""},"tablet":{"background-color":"var(--ast-global-color-5)","background-image":"","background-repeat":"repeat","background-position":"center center","background-size":"auto","background-attachment":"scroll","background-type":"","background-media":"","overlay-type":"","overlay-color":"","overlay-opacity":"","overlay-gradient":""},"mobile":{"background-color":"var(--ast-global-color-5)","background-image":"","background-repeat":"repeat","background-position":"center center","background-size":"auto","background-attachment":"scroll","background-type":"","background-media":"","overlay-type":"","overlay-color":"","overlay-opacity":"","overlay-gradient":""}}},"product_brand":[],"product_cat":[244,188,1118],"product_tag":[],"class_list":{"0":"post-343166","1":"product","2":"type-product","3":"status-publish","4":"has-post-thumbnail","6":"product_cat-france","7":"product_cat-freelancer","8":"product_cat-paris","9":"desktop-align-left","10":"tablet-align-left","11":"mobile-align-left","13":"first","14":"instock","15":"shipping-taxable","16":"product-type-simple"},"_links":{"self":[{"href":"https:\/\/poccky.com\/index.php\/wp-json\/wp\/v2\/product\/343166","targetHints":{"allow":["GET"]}}],"collection":[{"href":"https:\/\/poccky.com\/index.php\/wp-json\/wp\/v2\/product"}],"about":[{"href":"https:\/\/poccky.com\/index.php\/wp-json\/wp\/v2\/types\/product"}],"replies":[{"embeddable":true,"href":"https:\/\/poccky.com\/index.php\/wp-json\/wp\/v2\/comments?post=343166"}],"wp:featuredmedia":[{"embeddable":true,"href":"https:\/\/poccky.com\/index.php\/wp-json\/wp\/v2\/media\/122098"}],"wp:attachment":[{"href":"https:\/\/poccky.com\/index.php\/wp-json\/wp\/v2\/media?parent=343166"}],"wp:term":[{"taxonomy":"product_brand","embeddable":true,"href":"https:\/\/poccky.com\/index.php\/wp-json\/wp\/v2\/product_brand?post=343166"},{"taxonomy":"product_cat","embeddable":true,"href":"https:\/\/poccky.com\/index.php\/wp-json\/wp\/v2\/product_cat?post=343166"},{"taxonomy":"product_tag","embeddable":true,"href":"https:\/\/poccky.com\/index.php\/wp-json\/wp\/v2\/product_tag?post=343166"}],"curies":[{"name":"wp","href":"https:\/\/api.w.org\/{rel}","templated":true}]}}