{"id":343165,"date":"2023-11-07T09:31:45","date_gmt":"2023-11-07T09:31:45","guid":{"rendered":"https:\/\/poccky.com\/?post_type=product&#038;p=343165"},"modified":"2023-11-07T09:31:54","modified_gmt":"2023-11-07T09:31:54","slug":"carine-blonde-2","status":"publish","type":"product","link":"https:\/\/poccky.com\/index.php\/product\/carine-blonde-2\/","title":{"rendered":"Carine Blonde"},"content":{"rendered":"","protected":false},"excerpt":{"rendered":"<p>Je vous souhaite la bienvenue sur ma fiche. Je suis Carine . une belle escorte girl fran\u00e7aise blonde et sexy.  j&#8217;aime le charme des rencontres sensuelles et coquines&#8230; De nature charmeuse et enjou\u00e9e. j\u2019adorerai faire votre connaissance lors d&#8217;un diner avant de poursuivre ce moment de d\u00e9tente. S\u00e9lective. j&#8217;aime sortir dans les meilleurs restaurants et  h\u00f4tels de la capitale. Je suis une femme  attirante. sexy. raffin\u00e9e mais touojurs discr\u00e8te. Vous appr\u00e9cierez mon corps de r\u00eave. ma peau douce et velout\u00e9e comme le miel. ma bouche sensuelle et mon sens de l&#8217;\u00e9ducation. De mon cot\u00e9. j&#8217;appr\u00e9cie les hommes murs. courtois. \u00e0 la fois \u00e9l\u00e9gants et d\u00e9contract\u00e9s. sans vulgarit\u00e9. les gentlemen  qui savent prendre le temps d&#8217;appr\u00e9cier les charmes de la s\u00e9duction f\u00e9minine. Laissez-vous tenter par une aventure sensuelle. pour quelques heures de r\u00e9elle d\u00e9tente et de relaxation. Je serai votre parfaite accompagnatrice. tendre et discrete. Je me d\u00e9place uniquement a h\u00f4tel dans Paris sur rendez vous pris \u00e0 l&#8217;avance. Toutes mes photos sont r\u00e9ellles et r\u00e9centes. Apellez moi vite. A tr\u00e8s bientot. My details Below mentioned<\/p>\n<p>                Nationality:<br \/>\n                belgium <\/p>\n<p>                Languages:<br \/>\n                english and french<\/p>\n<p>                Age:<br \/>\n                35<\/p>\n<p>                Height:<br \/>\n                170<\/p>\n<p>                Weight:<br \/>\n                54<\/p>\n<p>                Hair:<br \/>\n                blond<\/p>\n<p>                Eyes:<br \/>\n                blue<\/p>\n<p>                Measurements:<br \/>\n                90-65-94<\/p>\n","protected":false},"featured_media":126481,"comment_status":"open","ping_status":"closed","template":"","meta":{"site-sidebar-layout":"default","site-content-layout":"","ast-site-content-layout":"","site-content-style":"default","site-sidebar-style":"default","ast-global-header-display":"","ast-banner-title-visibility":"","ast-main-header-display":"","ast-hfb-above-header-display":"","ast-hfb-below-header-display":"","ast-hfb-mobile-header-display":"","site-post-title":"","ast-breadcrumbs-content":"","ast-featured-img":"","footer-sml-layout":"","theme-transparent-header-meta":"","adv-header-id-meta":"","stick-header-meta":"","header-above-stick-meta":"","header-main-stick-meta":"","header-below-stick-meta":"","astra-migrate-meta-layouts":"default","ast-page-background-enabled":"default","ast-page-background-meta":{"desktop":{"background-color":"var(--ast-global-color-4)","background-image":"","background-repeat":"repeat","background-position":"center center","background-size":"auto","background-attachment":"scroll","background-type":"","background-media":"","overlay-type":"","overlay-color":"","overlay-opacity":"","overlay-gradient":""},"tablet":{"background-color":"","background-image":"","background-repeat":"repeat","background-position":"center center","background-size":"auto","background-attachment":"scroll","background-type":"","background-media":"","overlay-type":"","overlay-color":"","overlay-opacity":"","overlay-gradient":""},"mobile":{"background-color":"","background-image":"","background-repeat":"repeat","background-position":"center center","background-size":"auto","background-attachment":"scroll","background-type":"","background-media":"","overlay-type":"","overlay-color":"","overlay-opacity":"","overlay-gradient":""}},"ast-content-background-meta":{"desktop":{"background-color":"var(--ast-global-color-5)","background-image":"","background-repeat":"repeat","background-position":"center center","background-size":"auto","background-attachment":"scroll","background-type":"","background-media":"","overlay-type":"","overlay-color":"","overlay-opacity":"","overlay-gradient":""},"tablet":{"background-color":"var(--ast-global-color-5)","background-image":"","background-repeat":"repeat","background-position":"center center","background-size":"auto","background-attachment":"scroll","background-type":"","background-media":"","overlay-type":"","overlay-color":"","overlay-opacity":"","overlay-gradient":""},"mobile":{"background-color":"var(--ast-global-color-5)","background-image":"","background-repeat":"repeat","background-position":"center center","background-size":"auto","background-attachment":"scroll","background-type":"","background-media":"","overlay-type":"","overlay-color":"","overlay-opacity":"","overlay-gradient":""}}},"product_brand":[],"product_cat":[244,188,1118],"product_tag":[],"class_list":{"0":"post-343165","1":"product","2":"type-product","3":"status-publish","4":"has-post-thumbnail","6":"product_cat-france","7":"product_cat-freelancer","8":"product_cat-paris","9":"desktop-align-left","10":"tablet-align-left","11":"mobile-align-left","13":"first","14":"instock","15":"shipping-taxable","16":"product-type-simple"},"_links":{"self":[{"href":"https:\/\/poccky.com\/index.php\/wp-json\/wp\/v2\/product\/343165","targetHints":{"allow":["GET"]}}],"collection":[{"href":"https:\/\/poccky.com\/index.php\/wp-json\/wp\/v2\/product"}],"about":[{"href":"https:\/\/poccky.com\/index.php\/wp-json\/wp\/v2\/types\/product"}],"replies":[{"embeddable":true,"href":"https:\/\/poccky.com\/index.php\/wp-json\/wp\/v2\/comments?post=343165"}],"wp:featuredmedia":[{"embeddable":true,"href":"https:\/\/poccky.com\/index.php\/wp-json\/wp\/v2\/media\/126481"}],"wp:attachment":[{"href":"https:\/\/poccky.com\/index.php\/wp-json\/wp\/v2\/media?parent=343165"}],"wp:term":[{"taxonomy":"product_brand","embeddable":true,"href":"https:\/\/poccky.com\/index.php\/wp-json\/wp\/v2\/product_brand?post=343165"},{"taxonomy":"product_cat","embeddable":true,"href":"https:\/\/poccky.com\/index.php\/wp-json\/wp\/v2\/product_cat?post=343165"},{"taxonomy":"product_tag","embeddable":true,"href":"https:\/\/poccky.com\/index.php\/wp-json\/wp\/v2\/product_tag?post=343165"}],"curies":[{"name":"wp","href":"https:\/\/api.w.org\/{rel}","templated":true}]}}