{"id":343108,"date":"2023-11-07T09:25:28","date_gmt":"2023-11-07T09:25:28","guid":{"rendered":"https:\/\/poccky.com\/?post_type=product&#038;p=343108"},"modified":"2023-11-07T09:25:33","modified_gmt":"2023-11-07T09:25:33","slug":"cleo-independent-escort-berlin-2","status":"publish","type":"product","link":"https:\/\/poccky.com\/index.php\/product\/cleo-independent-escort-berlin-2\/","title":{"rendered":"Cleo Independent Escort Berlin"},"content":{"rendered":"","protected":false},"excerpt":{"rendered":"<p>Ich bin Cleo. eine sehr attraktive Escort Lady aus Berlin. die Sie gerne in Berlin in einem Hotel begleitet. Ich liebe mein \u201eHobby\u201c. das mir die Gelegenheit gibt auf \u00e4u\u00dferst interessante Menschen zu treffen und mit diesen au\u00dfergew\u00f6hnliche Erlebnisse und luxuri\u00f6sen Lebensstil zu genie\u00dfen. Escort ist f\u00fcr uns kein \u201eService\u201c oder \u201eNebenjob\u201c \u2013 es ist eine Art Lifestyle mit wunderbaren Reisen zu den sch\u00f6nsten Orten der Welt. first-class Hotels. romantischen Dinner in den exklusiven Restaurants und vielen sinnlichen wundersch\u00f6nen erotischen Momenten.<\/p>\n<p>I also speak english. you are wellcome to email me in english! My details Below mentioned<\/p>\n<p>                Nationality:<br \/>\n                german <\/p>\n<p>                Languages:<br \/>\n                english.  german<\/p>\n<p>                Age:<br \/>\n                29<\/p>\n<p>                Height:<br \/>\n                170<\/p>\n<p>                Weight:<br \/>\n                55<\/p>\n<p>                Hair:<br \/>\n                red-brown<\/p>\n<p>                Eyes:<br \/>\n                hazel<\/p>\n<p>                Measurements:<br \/>\n                90-60-90<\/p>\n","protected":false},"featured_media":120582,"comment_status":"open","ping_status":"closed","template":"","meta":{"site-sidebar-layout":"default","site-content-layout":"","ast-site-content-layout":"","site-content-style":"default","site-sidebar-style":"default","ast-global-header-display":"","ast-banner-title-visibility":"","ast-main-header-display":"","ast-hfb-above-header-display":"","ast-hfb-below-header-display":"","ast-hfb-mobile-header-display":"","site-post-title":"","ast-breadcrumbs-content":"","ast-featured-img":"","footer-sml-layout":"","theme-transparent-header-meta":"","adv-header-id-meta":"","stick-header-meta":"","header-above-stick-meta":"","header-main-stick-meta":"","header-below-stick-meta":"","astra-migrate-meta-layouts":"default","ast-page-background-enabled":"default","ast-page-background-meta":{"desktop":{"background-color":"var(--ast-global-color-4)","background-image":"","background-repeat":"repeat","background-position":"center center","background-size":"auto","background-attachment":"scroll","background-type":"","background-media":"","overlay-type":"","overlay-color":"","overlay-opacity":"","overlay-gradient":""},"tablet":{"background-color":"","background-image":"","background-repeat":"repeat","background-position":"center center","background-size":"auto","background-attachment":"scroll","background-type":"","background-media":"","overlay-type":"","overlay-color":"","overlay-opacity":"","overlay-gradient":""},"mobile":{"background-color":"","background-image":"","background-repeat":"repeat","background-position":"center center","background-size":"auto","background-attachment":"scroll","background-type":"","background-media":"","overlay-type":"","overlay-color":"","overlay-opacity":"","overlay-gradient":""}},"ast-content-background-meta":{"desktop":{"background-color":"var(--ast-global-color-5)","background-image":"","background-repeat":"repeat","background-position":"center center","background-size":"auto","background-attachment":"scroll","background-type":"","background-media":"","overlay-type":"","overlay-color":"","overlay-opacity":"","overlay-gradient":""},"tablet":{"background-color":"var(--ast-global-color-5)","background-image":"","background-repeat":"repeat","background-position":"center center","background-size":"auto","background-attachment":"scroll","background-type":"","background-media":"","overlay-type":"","overlay-color":"","overlay-opacity":"","overlay-gradient":""},"mobile":{"background-color":"var(--ast-global-color-5)","background-image":"","background-repeat":"repeat","background-position":"center center","background-size":"auto","background-attachment":"scroll","background-type":"","background-media":"","overlay-type":"","overlay-color":"","overlay-opacity":"","overlay-gradient":""}}},"product_brand":[],"product_cat":[996,188,811],"product_tag":[],"class_list":{"0":"post-343108","1":"product","2":"type-product","3":"status-publish","4":"has-post-thumbnail","6":"product_cat-berlin","7":"product_cat-freelancer","8":"product_cat-germany","9":"desktop-align-left","10":"tablet-align-left","11":"mobile-align-left","13":"first","14":"instock","15":"shipping-taxable","16":"product-type-simple"},"_links":{"self":[{"href":"https:\/\/poccky.com\/index.php\/wp-json\/wp\/v2\/product\/343108","targetHints":{"allow":["GET"]}}],"collection":[{"href":"https:\/\/poccky.com\/index.php\/wp-json\/wp\/v2\/product"}],"about":[{"href":"https:\/\/poccky.com\/index.php\/wp-json\/wp\/v2\/types\/product"}],"replies":[{"embeddable":true,"href":"https:\/\/poccky.com\/index.php\/wp-json\/wp\/v2\/comments?post=343108"}],"wp:featuredmedia":[{"embeddable":true,"href":"https:\/\/poccky.com\/index.php\/wp-json\/wp\/v2\/media\/120582"}],"wp:attachment":[{"href":"https:\/\/poccky.com\/index.php\/wp-json\/wp\/v2\/media?parent=343108"}],"wp:term":[{"taxonomy":"product_brand","embeddable":true,"href":"https:\/\/poccky.com\/index.php\/wp-json\/wp\/v2\/product_brand?post=343108"},{"taxonomy":"product_cat","embeddable":true,"href":"https:\/\/poccky.com\/index.php\/wp-json\/wp\/v2\/product_cat?post=343108"},{"taxonomy":"product_tag","embeddable":true,"href":"https:\/\/poccky.com\/index.php\/wp-json\/wp\/v2\/product_tag?post=343108"}],"curies":[{"name":"wp","href":"https:\/\/api.w.org\/{rel}","templated":true}]}}