{"id":342370,"date":"2023-11-07T07:00:24","date_gmt":"2023-11-07T07:00:24","guid":{"rendered":"https:\/\/poccky.com\/?post_type=product&#038;p=342370"},"modified":"2023-11-07T07:00:36","modified_gmt":"2023-11-07T07:00:36","slug":"alina-140","status":"publish","type":"product","link":"https:\/\/poccky.com\/index.php\/product\/alina-140\/","title":{"rendered":"Alina"},"content":{"rendered":"","protected":false},"excerpt":{"rendered":"<p>Lust &#038; Sex<br \/>\nSex ohne K\u00fcssen ist kein Sex<br \/>\nDu suchst nach Begegnung mit Niveau.Spa\u00df und mit knisternder Erotik?!<br \/>\nDann sind wir schon zu Zweit und sollten uns treffen!<br \/>\nIch bin vielleicht genau Deine beste Wahl. wenn Du die perfekte Erholung suchst.<br \/>\n? ? ?<br \/>\nMeine Fotos sind aktuell !!<br \/>\nDu wirdst nicht Entt\u00e4uscht. wenn du mich siehst !!!<br \/>\nNO SURPRISE !!!<br \/>\nIch habe einen durchtrainierten K\u00f6rper. der sich sehen lassen kann.<br \/>\n? ? ?<br \/>\nHast Du die Nase voll und bist genervt von Damen. die bei einem Date st\u00e4ndig auf die Uhr schauen und dr\u00e4ngen Dich schnell zum Ende zu kommen?<br \/>\nUnd es kommt bei Dir dadurch schlechte Laune auf bzw. es kommt nicht DIE welche Du Dir nach dem Foto bestellt hast. Vergiss alle DIE die Dir nur eine nicht authentische Show vorspielen und triff Dich mit einer Frau. die wirklich SEX mit Dir genie\u00dft. aussieht wie auf dem Foto und die reale lustvolle Leidenschaft Dir geben kann. Ich begr\u00fc\u00dfe Dich nat\u00fcrlich mit meinem L\u00e4cheln und Du wirst sp\u00fcren. dass wir gemeinsam Freude haben werden! My details Below mentioned<\/p>\n<p>                Languages:<br \/>\n                Deutsch .  English<\/p>\n<p>                Age:<br \/>\n                21<\/p>\n<p>                Height:<br \/>\n                164<\/p>\n<p>                Weight:<br \/>\n                50<\/p>\n","protected":false},"featured_media":123728,"comment_status":"open","ping_status":"closed","template":"","meta":{"site-sidebar-layout":"default","site-content-layout":"","ast-site-content-layout":"","site-content-style":"default","site-sidebar-style":"default","ast-global-header-display":"","ast-banner-title-visibility":"","ast-main-header-display":"","ast-hfb-above-header-display":"","ast-hfb-below-header-display":"","ast-hfb-mobile-header-display":"","site-post-title":"","ast-breadcrumbs-content":"","ast-featured-img":"","footer-sml-layout":"","theme-transparent-header-meta":"","adv-header-id-meta":"","stick-header-meta":"","header-above-stick-meta":"","header-main-stick-meta":"","header-below-stick-meta":"","astra-migrate-meta-layouts":"default","ast-page-background-enabled":"default","ast-page-background-meta":{"desktop":{"background-color":"var(--ast-global-color-4)","background-image":"","background-repeat":"repeat","background-position":"center center","background-size":"auto","background-attachment":"scroll","background-type":"","background-media":"","overlay-type":"","overlay-color":"","overlay-opacity":"","overlay-gradient":""},"tablet":{"background-color":"","background-image":"","background-repeat":"repeat","background-position":"center center","background-size":"auto","background-attachment":"scroll","background-type":"","background-media":"","overlay-type":"","overlay-color":"","overlay-opacity":"","overlay-gradient":""},"mobile":{"background-color":"","background-image":"","background-repeat":"repeat","background-position":"center center","background-size":"auto","background-attachment":"scroll","background-type":"","background-media":"","overlay-type":"","overlay-color":"","overlay-opacity":"","overlay-gradient":""}},"ast-content-background-meta":{"desktop":{"background-color":"var(--ast-global-color-5)","background-image":"","background-repeat":"repeat","background-position":"center center","background-size":"auto","background-attachment":"scroll","background-type":"","background-media":"","overlay-type":"","overlay-color":"","overlay-opacity":"","overlay-gradient":""},"tablet":{"background-color":"var(--ast-global-color-5)","background-image":"","background-repeat":"repeat","background-position":"center center","background-size":"auto","background-attachment":"scroll","background-type":"","background-media":"","overlay-type":"","overlay-color":"","overlay-opacity":"","overlay-gradient":""},"mobile":{"background-color":"var(--ast-global-color-5)","background-image":"","background-repeat":"repeat","background-position":"center center","background-size":"auto","background-attachment":"scroll","background-type":"","background-media":"","overlay-type":"","overlay-color":"","overlay-opacity":"","overlay-gradient":""}}},"product_brand":[],"product_cat":[188,958,1127],"product_tag":[],"class_list":{"0":"post-342370","1":"product","2":"type-product","3":"status-publish","4":"has-post-thumbnail","6":"product_cat-freelancer","7":"product_cat-switzerland","8":"product_cat-zurich","9":"desktop-align-left","10":"tablet-align-left","11":"mobile-align-left","13":"first","14":"instock","15":"shipping-taxable","16":"product-type-simple"},"_links":{"self":[{"href":"https:\/\/poccky.com\/index.php\/wp-json\/wp\/v2\/product\/342370","targetHints":{"allow":["GET"]}}],"collection":[{"href":"https:\/\/poccky.com\/index.php\/wp-json\/wp\/v2\/product"}],"about":[{"href":"https:\/\/poccky.com\/index.php\/wp-json\/wp\/v2\/types\/product"}],"replies":[{"embeddable":true,"href":"https:\/\/poccky.com\/index.php\/wp-json\/wp\/v2\/comments?post=342370"}],"wp:featuredmedia":[{"embeddable":true,"href":"https:\/\/poccky.com\/index.php\/wp-json\/wp\/v2\/media\/123728"}],"wp:attachment":[{"href":"https:\/\/poccky.com\/index.php\/wp-json\/wp\/v2\/media?parent=342370"}],"wp:term":[{"taxonomy":"product_brand","embeddable":true,"href":"https:\/\/poccky.com\/index.php\/wp-json\/wp\/v2\/product_brand?post=342370"},{"taxonomy":"product_cat","embeddable":true,"href":"https:\/\/poccky.com\/index.php\/wp-json\/wp\/v2\/product_cat?post=342370"},{"taxonomy":"product_tag","embeddable":true,"href":"https:\/\/poccky.com\/index.php\/wp-json\/wp\/v2\/product_tag?post=342370"}],"curies":[{"name":"wp","href":"https:\/\/api.w.org\/{rel}","templated":true}]}}