{"id":342031,"date":"2023-11-07T05:58:38","date_gmt":"2023-11-07T05:58:38","guid":{"rendered":"https:\/\/poccky.com\/?post_type=product&#038;p=342031"},"modified":"2023-11-07T05:58:50","modified_gmt":"2023-11-07T05:58:50","slug":"sonia-russia-2","status":"publish","type":"product","link":"https:\/\/poccky.com\/index.php\/product\/sonia-russia-2\/","title":{"rendered":"Sonia -Russia"},"content":{"rendered":"","protected":false},"excerpt":{"rendered":"<p>Je suis une jeune femme de 22 ans d&#8217;origine Russe j&#8217;ai voyager partout en Europe. parlant couramment :<\/p>\n<p>L&#8217;anglais- l\u2019allemand &#8211; le russe &#8211; le fran\u00e7ais &#8211; le portugais &#8211; l&#8217;espagnol &#8211; le n\u00e9erlandais &#8211; l&#8217;italien.<\/p>\n<p>Je suis donc une jeune femme cultiv\u00e9e. mature et pleine de vie. Je mesure 1m76 pour 56 kg je suis donc une grande blonde aux seins magnifique (95 double D) et aux fesses bien ferme.<\/p>\n<p>Mes mensurations sont 98-60-90. Je serai vous faire vivre un moment magique en ma compagnie. un total abandon dans le plaisir et le sex. qui vous fera oublier vos probl\u00e8mes du quotidiens. Dans un cadre propre. discret et charmant. mon appartement est situ\u00e9 pr\u00eat du Moulin rouge dans un quartier touristique de Paris (18). My details Below mentioned<\/p>\n<p>                Nationality:<br \/>\n                russian <\/p>\n<p>                Languages:<br \/>\n                english. russian. spanish. deutsh. french. portugues. italian. nederland. <\/p>\n<p>                Age:<br \/>\n                22<\/p>\n<p>                Height:<br \/>\n                176 cm<\/p>\n<p>                Weight:<br \/>\n                56 kg<\/p>\n<p>                Hair:<br \/>\n                blonde<\/p>\n<p>                Eyes:<br \/>\n                noisette\/brown<\/p>\n<p>                Measurements:<br \/>\n                98-60-90<\/p>\n","protected":false},"featured_media":113999,"comment_status":"open","ping_status":"closed","template":"","meta":{"site-sidebar-layout":"default","site-content-layout":"","ast-site-content-layout":"","site-content-style":"default","site-sidebar-style":"default","ast-global-header-display":"","ast-banner-title-visibility":"","ast-main-header-display":"","ast-hfb-above-header-display":"","ast-hfb-below-header-display":"","ast-hfb-mobile-header-display":"","site-post-title":"","ast-breadcrumbs-content":"","ast-featured-img":"","footer-sml-layout":"","theme-transparent-header-meta":"","adv-header-id-meta":"","stick-header-meta":"","header-above-stick-meta":"","header-main-stick-meta":"","header-below-stick-meta":"","astra-migrate-meta-layouts":"default","ast-page-background-enabled":"default","ast-page-background-meta":{"desktop":{"background-color":"var(--ast-global-color-4)","background-image":"","background-repeat":"repeat","background-position":"center center","background-size":"auto","background-attachment":"scroll","background-type":"","background-media":"","overlay-type":"","overlay-color":"","overlay-opacity":"","overlay-gradient":""},"tablet":{"background-color":"","background-image":"","background-repeat":"repeat","background-position":"center center","background-size":"auto","background-attachment":"scroll","background-type":"","background-media":"","overlay-type":"","overlay-color":"","overlay-opacity":"","overlay-gradient":""},"mobile":{"background-color":"","background-image":"","background-repeat":"repeat","background-position":"center center","background-size":"auto","background-attachment":"scroll","background-type":"","background-media":"","overlay-type":"","overlay-color":"","overlay-opacity":"","overlay-gradient":""}},"ast-content-background-meta":{"desktop":{"background-color":"var(--ast-global-color-5)","background-image":"","background-repeat":"repeat","background-position":"center center","background-size":"auto","background-attachment":"scroll","background-type":"","background-media":"","overlay-type":"","overlay-color":"","overlay-opacity":"","overlay-gradient":""},"tablet":{"background-color":"var(--ast-global-color-5)","background-image":"","background-repeat":"repeat","background-position":"center center","background-size":"auto","background-attachment":"scroll","background-type":"","background-media":"","overlay-type":"","overlay-color":"","overlay-opacity":"","overlay-gradient":""},"mobile":{"background-color":"var(--ast-global-color-5)","background-image":"","background-repeat":"repeat","background-position":"center center","background-size":"auto","background-attachment":"scroll","background-type":"","background-media":"","overlay-type":"","overlay-color":"","overlay-opacity":"","overlay-gradient":""}}},"product_brand":[],"product_cat":[244,188,1118],"product_tag":[],"class_list":{"0":"post-342031","1":"product","2":"type-product","3":"status-publish","4":"has-post-thumbnail","6":"product_cat-france","7":"product_cat-freelancer","8":"product_cat-paris","9":"desktop-align-left","10":"tablet-align-left","11":"mobile-align-left","13":"first","14":"instock","15":"shipping-taxable","16":"product-type-simple"},"_links":{"self":[{"href":"https:\/\/poccky.com\/index.php\/wp-json\/wp\/v2\/product\/342031","targetHints":{"allow":["GET"]}}],"collection":[{"href":"https:\/\/poccky.com\/index.php\/wp-json\/wp\/v2\/product"}],"about":[{"href":"https:\/\/poccky.com\/index.php\/wp-json\/wp\/v2\/types\/product"}],"replies":[{"embeddable":true,"href":"https:\/\/poccky.com\/index.php\/wp-json\/wp\/v2\/comments?post=342031"}],"wp:featuredmedia":[{"embeddable":true,"href":"https:\/\/poccky.com\/index.php\/wp-json\/wp\/v2\/media\/113999"}],"wp:attachment":[{"href":"https:\/\/poccky.com\/index.php\/wp-json\/wp\/v2\/media?parent=342031"}],"wp:term":[{"taxonomy":"product_brand","embeddable":true,"href":"https:\/\/poccky.com\/index.php\/wp-json\/wp\/v2\/product_brand?post=342031"},{"taxonomy":"product_cat","embeddable":true,"href":"https:\/\/poccky.com\/index.php\/wp-json\/wp\/v2\/product_cat?post=342031"},{"taxonomy":"product_tag","embeddable":true,"href":"https:\/\/poccky.com\/index.php\/wp-json\/wp\/v2\/product_tag?post=342031"}],"curies":[{"name":"wp","href":"https:\/\/api.w.org\/{rel}","templated":true}]}}