{"id":341876,"date":"2023-11-07T05:30:41","date_gmt":"2023-11-07T05:30:41","guid":{"rendered":"https:\/\/poccky.com\/?post_type=product&#038;p=341876"},"modified":"2023-11-07T05:30:44","modified_gmt":"2023-11-07T05:30:44","slug":"sexigamalin28-2","status":"publish","type":"product","link":"https:\/\/poccky.com\/index.php\/product\/sexigamalin28-2\/","title":{"rendered":"Sexigamalin28"},"content":{"rendered":"","protected":false},"excerpt":{"rendered":"<p>hejsan Malin heter jag en tr\u00e4nnings tjej jag \u00e4r en dr\u00f6mtjej enligt m\u00e5nga sexig h\u00e4rlig blondin mina m\u00e5tt 160\/53\/90 jag s\u00f6ker trevliga killar\/gentlemen f\u00f6r h\u00e4rliga stunder tillsamans .) \u00e4r du tr\u00f6tt p\u00e5 att g\u00e5 p\u00e5 krogen och k\u00e4mpa och \u00f6dsla din tid p\u00e5 tjejer som \u00e4nd\u00e5 ofta tackar nej. f\u00f6r d\u00e5 tycker jag att du g\u00e5r \u00f6ver till planB och kontaktar mig .) s\u00e5 ska jag se till att du f\u00e5r det h\u00e4rligt tillsamans med en dr\u00f6mtjej som mig .) mina tj\u00e4nster vanligt sex Altid med kondon aven vid oralsex min specialite GFE och \u00e4lskar att kl\u00e4 mig utmanande s\u00e5 man f\u00e5ngar blickar .) 4tim 6000kr hellnatt 12tim 10.000kr i stocholm. men \u00e4r ibland i link\u00f6pin.G jag kan \u00e4ven resa till andra st\u00e4der vid hellnatt och d\u00e5 f\u00f6r 13.000kr h\u00f6r av er till brunettmalin.outlook.com puss!! My details Below mentioned<\/p>\n<p>                Nationality:<br \/>\n                svensk <\/p>\n<p>                Languages:<br \/>\n                svenska<\/p>\n<p>                Age:<br \/>\n                28<\/p>\n<p>                Height:<br \/>\n                163cm<\/p>\n<p>                Weight:<br \/>\n                53<\/p>\n<p>                Hair:<br \/>\n                blond<\/p>\n<p>                Eyes:<br \/>\n                blue<\/p>\n<p>                Measurements:<br \/>\n                163-53-90<\/p>\n","protected":false},"featured_media":114518,"comment_status":"open","ping_status":"closed","template":"","meta":{"site-sidebar-layout":"default","site-content-layout":"","ast-site-content-layout":"","site-content-style":"default","site-sidebar-style":"default","ast-global-header-display":"","ast-banner-title-visibility":"","ast-main-header-display":"","ast-hfb-above-header-display":"","ast-hfb-below-header-display":"","ast-hfb-mobile-header-display":"","site-post-title":"","ast-breadcrumbs-content":"","ast-featured-img":"","footer-sml-layout":"","theme-transparent-header-meta":"","adv-header-id-meta":"","stick-header-meta":"","header-above-stick-meta":"","header-main-stick-meta":"","header-below-stick-meta":"","astra-migrate-meta-layouts":"default","ast-page-background-enabled":"default","ast-page-background-meta":{"desktop":{"background-color":"var(--ast-global-color-4)","background-image":"","background-repeat":"repeat","background-position":"center center","background-size":"auto","background-attachment":"scroll","background-type":"","background-media":"","overlay-type":"","overlay-color":"","overlay-opacity":"","overlay-gradient":""},"tablet":{"background-color":"","background-image":"","background-repeat":"repeat","background-position":"center center","background-size":"auto","background-attachment":"scroll","background-type":"","background-media":"","overlay-type":"","overlay-color":"","overlay-opacity":"","overlay-gradient":""},"mobile":{"background-color":"","background-image":"","background-repeat":"repeat","background-position":"center center","background-size":"auto","background-attachment":"scroll","background-type":"","background-media":"","overlay-type":"","overlay-color":"","overlay-opacity":"","overlay-gradient":""}},"ast-content-background-meta":{"desktop":{"background-color":"var(--ast-global-color-5)","background-image":"","background-repeat":"repeat","background-position":"center center","background-size":"auto","background-attachment":"scroll","background-type":"","background-media":"","overlay-type":"","overlay-color":"","overlay-opacity":"","overlay-gradient":""},"tablet":{"background-color":"var(--ast-global-color-5)","background-image":"","background-repeat":"repeat","background-position":"center center","background-size":"auto","background-attachment":"scroll","background-type":"","background-media":"","overlay-type":"","overlay-color":"","overlay-opacity":"","overlay-gradient":""},"mobile":{"background-color":"var(--ast-global-color-5)","background-image":"","background-repeat":"repeat","background-position":"center center","background-size":"auto","background-attachment":"scroll","background-type":"","background-media":"","overlay-type":"","overlay-color":"","overlay-opacity":"","overlay-gradient":""}}},"product_brand":[],"product_cat":[188,1115,957],"product_tag":[],"class_list":{"0":"post-341876","1":"product","2":"type-product","3":"status-publish","4":"has-post-thumbnail","6":"product_cat-freelancer","7":"product_cat-stockholm","8":"product_cat-sweden","9":"desktop-align-left","10":"tablet-align-left","11":"mobile-align-left","13":"first","14":"instock","15":"shipping-taxable","16":"product-type-simple"},"_links":{"self":[{"href":"https:\/\/poccky.com\/index.php\/wp-json\/wp\/v2\/product\/341876","targetHints":{"allow":["GET"]}}],"collection":[{"href":"https:\/\/poccky.com\/index.php\/wp-json\/wp\/v2\/product"}],"about":[{"href":"https:\/\/poccky.com\/index.php\/wp-json\/wp\/v2\/types\/product"}],"replies":[{"embeddable":true,"href":"https:\/\/poccky.com\/index.php\/wp-json\/wp\/v2\/comments?post=341876"}],"wp:featuredmedia":[{"embeddable":true,"href":"https:\/\/poccky.com\/index.php\/wp-json\/wp\/v2\/media\/114518"}],"wp:attachment":[{"href":"https:\/\/poccky.com\/index.php\/wp-json\/wp\/v2\/media?parent=341876"}],"wp:term":[{"taxonomy":"product_brand","embeddable":true,"href":"https:\/\/poccky.com\/index.php\/wp-json\/wp\/v2\/product_brand?post=341876"},{"taxonomy":"product_cat","embeddable":true,"href":"https:\/\/poccky.com\/index.php\/wp-json\/wp\/v2\/product_cat?post=341876"},{"taxonomy":"product_tag","embeddable":true,"href":"https:\/\/poccky.com\/index.php\/wp-json\/wp\/v2\/product_tag?post=341876"}],"curies":[{"name":"wp","href":"https:\/\/api.w.org\/{rel}","templated":true}]}}