{"id":341373,"date":"2023-11-07T04:06:09","date_gmt":"2023-11-07T04:06:09","guid":{"rendered":"https:\/\/poccky.com\/?post_type=product&#038;p=341373"},"modified":"2023-11-07T04:06:20","modified_gmt":"2023-11-07T04:06:20","slug":"isabella-41","status":"publish","type":"product","link":"https:\/\/poccky.com\/index.php\/product\/isabella-41\/","title":{"rendered":"Isabella"},"content":{"rendered":"","protected":false},"excerpt":{"rendered":"<p>Have you ever had the desire to experience someone truly unique and special? Someone uninhibited with a zest for life and relentless energy? I am that someone. Highly enthusiastic yet at all times discreet &#8211; I am your private dream come true.<\/p>\n<p>Time spent with me will be unforgettable. I am very well educated. well traveled and always eager to please. Love is my passion and that passion is contagious. I am very excited to be able to share it with you!<br \/>\nI enjoy fine-dinin.G wine. shoppin.G and a variety of sports. I have a very distinctive style and taste \u2013 your perfect date for any occasion.<br \/>\nMy Incall Location is Paris 8th metro: Charles de Gaulle Etoile \u2013 2 steps away from the Champs Elysees<br \/>\nI am also available for DUO Dates with my beautiful blonde girlfriend Sophie.<\/p>\n<p>Etes-vous \u00e0 la recherche d\u2019une rencontre exceptionnelle? Avec une jeune fille libertine. dot\u00e9e d\u2019une r\u00e9elle joie de vivre? Ne perdez pas de temps \u00e0 chercher \u2013 vous venez de trouver la bonne personne. Un peu fofolle. libertine \u2013 je suis votre r\u00eave devenu la r\u00e9alit\u00e9 \u2013 votre secret coquin.<\/p>\n<p>Je ne me pr\u00e9cipite jamais et bien s\u00fbr je souhaite que notre rendez-vous soit m\u00e9morable. stimulant. romantique et amusant pour nous deux. Je suis tr\u00e8s s\u00e9lective et souhaite rencontrer uniquement des personnes VIP. Donc Si vous faites partie des personnes BCB.G g\u00e9n\u00e9reux \u00e0 la recherche d\u2019une belle jeune femme. intelligente. sophistiqu\u00e9e. charmante et \u00e9l\u00e9gante. ne cherchez pas plus loin. Je vous promets que vous ne serez jamais d\u00e9\u00e7u \u2026<\/p>\n<p>Mes clients sont \u00e0 la recherche de raffinement d\u2019une courtisane de luxe pour des sorties. soir\u00e9es. d\u00eeners\u2026<\/p>\n<p>Je r\u00e9side dans un bel appartement dans Paris 8\u00e8me M\u00e9tro: Charles de Gaulle Etoile qui est d\u2019une discr\u00e9tion absolue. Je suis \u00e9galement tr\u00e8s discr\u00e8te. je saurai toujours appr\u00e9cier et respecter votre vie priv\u00e9e autant que vous respecterez la mienne.<\/p>\n<p>Je appr\u00e9cie gastronomique. vin. des boutiques et une vari\u00e9t\u00e9 de sports. Je ai un style tr\u00e8s distinctif et le go\u00fbt &#8211; votre date parfaite pour toute occasion.<\/p>\n<p>Je suis aussi disponible pour des m\u00e9nage a trois avec mon amie Sophie. My details Below mentioned<\/p>\n<p>                Nationality:<br \/>\n                French <\/p>\n<p>                Languages:<br \/>\n                english.  french<\/p>\n<p>                Age:<br \/>\n                23<\/p>\n<p>                Height:<br \/>\n                175<\/p>\n<p>                Weight:<br \/>\n                54<\/p>\n<p>                Hair:<br \/>\n                long brown<\/p>\n<p>                Eyes:<br \/>\n                brown<\/p>\n<p>                Measurements:<br \/>\n                90-60-90<\/p>\n","protected":false},"featured_media":113189,"comment_status":"open","ping_status":"closed","template":"","meta":{"site-sidebar-layout":"default","site-content-layout":"","ast-site-content-layout":"","site-content-style":"default","site-sidebar-style":"default","ast-global-header-display":"","ast-banner-title-visibility":"","ast-main-header-display":"","ast-hfb-above-header-display":"","ast-hfb-below-header-display":"","ast-hfb-mobile-header-display":"","site-post-title":"","ast-breadcrumbs-content":"","ast-featured-img":"","footer-sml-layout":"","theme-transparent-header-meta":"","adv-header-id-meta":"","stick-header-meta":"","header-above-stick-meta":"","header-main-stick-meta":"","header-below-stick-meta":"","astra-migrate-meta-layouts":"default","ast-page-background-enabled":"default","ast-page-background-meta":{"desktop":{"background-color":"var(--ast-global-color-4)","background-image":"","background-repeat":"repeat","background-position":"center center","background-size":"auto","background-attachment":"scroll","background-type":"","background-media":"","overlay-type":"","overlay-color":"","overlay-opacity":"","overlay-gradient":""},"tablet":{"background-color":"","background-image":"","background-repeat":"repeat","background-position":"center center","background-size":"auto","background-attachment":"scroll","background-type":"","background-media":"","overlay-type":"","overlay-color":"","overlay-opacity":"","overlay-gradient":""},"mobile":{"background-color":"","background-image":"","background-repeat":"repeat","background-position":"center center","background-size":"auto","background-attachment":"scroll","background-type":"","background-media":"","overlay-type":"","overlay-color":"","overlay-opacity":"","overlay-gradient":""}},"ast-content-background-meta":{"desktop":{"background-color":"var(--ast-global-color-5)","background-image":"","background-repeat":"repeat","background-position":"center center","background-size":"auto","background-attachment":"scroll","background-type":"","background-media":"","overlay-type":"","overlay-color":"","overlay-opacity":"","overlay-gradient":""},"tablet":{"background-color":"var(--ast-global-color-5)","background-image":"","background-repeat":"repeat","background-position":"center center","background-size":"auto","background-attachment":"scroll","background-type":"","background-media":"","overlay-type":"","overlay-color":"","overlay-opacity":"","overlay-gradient":""},"mobile":{"background-color":"var(--ast-global-color-5)","background-image":"","background-repeat":"repeat","background-position":"center center","background-size":"auto","background-attachment":"scroll","background-type":"","background-media":"","overlay-type":"","overlay-color":"","overlay-opacity":"","overlay-gradient":""}}},"product_brand":[],"product_cat":[244,188,1118],"product_tag":[],"class_list":{"0":"post-341373","1":"product","2":"type-product","3":"status-publish","4":"has-post-thumbnail","6":"product_cat-france","7":"product_cat-freelancer","8":"product_cat-paris","9":"desktop-align-left","10":"tablet-align-left","11":"mobile-align-left","13":"first","14":"instock","15":"shipping-taxable","16":"product-type-simple"},"_links":{"self":[{"href":"https:\/\/poccky.com\/index.php\/wp-json\/wp\/v2\/product\/341373","targetHints":{"allow":["GET"]}}],"collection":[{"href":"https:\/\/poccky.com\/index.php\/wp-json\/wp\/v2\/product"}],"about":[{"href":"https:\/\/poccky.com\/index.php\/wp-json\/wp\/v2\/types\/product"}],"replies":[{"embeddable":true,"href":"https:\/\/poccky.com\/index.php\/wp-json\/wp\/v2\/comments?post=341373"}],"wp:featuredmedia":[{"embeddable":true,"href":"https:\/\/poccky.com\/index.php\/wp-json\/wp\/v2\/media\/113189"}],"wp:attachment":[{"href":"https:\/\/poccky.com\/index.php\/wp-json\/wp\/v2\/media?parent=341373"}],"wp:term":[{"taxonomy":"product_brand","embeddable":true,"href":"https:\/\/poccky.com\/index.php\/wp-json\/wp\/v2\/product_brand?post=341373"},{"taxonomy":"product_cat","embeddable":true,"href":"https:\/\/poccky.com\/index.php\/wp-json\/wp\/v2\/product_cat?post=341373"},{"taxonomy":"product_tag","embeddable":true,"href":"https:\/\/poccky.com\/index.php\/wp-json\/wp\/v2\/product_tag?post=341373"}],"curies":[{"name":"wp","href":"https:\/\/api.w.org\/{rel}","templated":true}]}}