{"id":341306,"date":"2023-11-07T03:54:33","date_gmt":"2023-11-07T03:54:33","guid":{"rendered":"https:\/\/poccky.com\/?post_type=product&#038;p=341306"},"modified":"2023-11-07T03:54:36","modified_gmt":"2023-11-07T03:54:36","slug":"sweet_sarah-2","status":"publish","type":"product","link":"https:\/\/poccky.com\/index.php\/product\/sweet_sarah-2\/","title":{"rendered":"Sweet_SARAH"},"content":{"rendered":"","protected":false},"excerpt":{"rendered":"<p>BONJOUR.<br \/>\nJe suis SARAH. une jeune sexy. jolie et tres douce. tr\u00e8s belle au joli corps pour un moment de d\u00e9tente inoubliable. Tu me trouves actuellement dans la ville de PARIS ; Je serai en ville seul pour peux jours&#8230;Ne pas faire s&#8217;\u00e9chapper tu l&#8217;occasion !!!Venez d\u00e9couvrir mon jardin secret ou vous pourrez r\u00e9aliser vos envies les plus intenses &#8230;douce. tendre et sensuelle je saurai rendre nos moments intenses. tout en finesse et \u00e9l\u00e9gance. L\u2019intensit\u00e9 \u00e9tant r\u00e9ellement l\u2019ingr\u00e9dient rare et indispensable pour un moment d\u2019\u00e9vasion totale&#8230;.je souhaite avant tout des rencontres de qualite. Pour ce qui est des details je prefere en discuter avec vous de vive voix. ce qui permet un premier contact tres important&#8230;. au plaisir.<br \/>\nDisponible aussi pour weekend et pour longtemps (comme plus des heures).<br \/>\nPhotos 100% r\u00e9elles et r\u00e9cente ! My details Below mentioned<\/p>\n<p>                Languages:<br \/>\n                english<\/p>\n<p>                Age:<br \/>\n                20<\/p>\n<p>                Height:<br \/>\n                163cm<\/p>\n<p>                Weight:<br \/>\n                50<\/p>\n<p>                Hair:<br \/>\n                long blonde<\/p>\n<p>                Eyes:<br \/>\n                green<\/p>\n","protected":false},"featured_media":113764,"comment_status":"open","ping_status":"closed","template":"","meta":{"site-sidebar-layout":"default","site-content-layout":"","ast-site-content-layout":"","site-content-style":"default","site-sidebar-style":"default","ast-global-header-display":"","ast-banner-title-visibility":"","ast-main-header-display":"","ast-hfb-above-header-display":"","ast-hfb-below-header-display":"","ast-hfb-mobile-header-display":"","site-post-title":"","ast-breadcrumbs-content":"","ast-featured-img":"","footer-sml-layout":"","theme-transparent-header-meta":"","adv-header-id-meta":"","stick-header-meta":"","header-above-stick-meta":"","header-main-stick-meta":"","header-below-stick-meta":"","astra-migrate-meta-layouts":"default","ast-page-background-enabled":"default","ast-page-background-meta":{"desktop":{"background-color":"var(--ast-global-color-4)","background-image":"","background-repeat":"repeat","background-position":"center center","background-size":"auto","background-attachment":"scroll","background-type":"","background-media":"","overlay-type":"","overlay-color":"","overlay-opacity":"","overlay-gradient":""},"tablet":{"background-color":"","background-image":"","background-repeat":"repeat","background-position":"center center","background-size":"auto","background-attachment":"scroll","background-type":"","background-media":"","overlay-type":"","overlay-color":"","overlay-opacity":"","overlay-gradient":""},"mobile":{"background-color":"","background-image":"","background-repeat":"repeat","background-position":"center center","background-size":"auto","background-attachment":"scroll","background-type":"","background-media":"","overlay-type":"","overlay-color":"","overlay-opacity":"","overlay-gradient":""}},"ast-content-background-meta":{"desktop":{"background-color":"var(--ast-global-color-5)","background-image":"","background-repeat":"repeat","background-position":"center center","background-size":"auto","background-attachment":"scroll","background-type":"","background-media":"","overlay-type":"","overlay-color":"","overlay-opacity":"","overlay-gradient":""},"tablet":{"background-color":"var(--ast-global-color-5)","background-image":"","background-repeat":"repeat","background-position":"center center","background-size":"auto","background-attachment":"scroll","background-type":"","background-media":"","overlay-type":"","overlay-color":"","overlay-opacity":"","overlay-gradient":""},"mobile":{"background-color":"var(--ast-global-color-5)","background-image":"","background-repeat":"repeat","background-position":"center center","background-size":"auto","background-attachment":"scroll","background-type":"","background-media":"","overlay-type":"","overlay-color":"","overlay-opacity":"","overlay-gradient":""}}},"product_brand":[],"product_cat":[244,188,1118],"product_tag":[],"class_list":{"0":"post-341306","1":"product","2":"type-product","3":"status-publish","4":"has-post-thumbnail","6":"product_cat-france","7":"product_cat-freelancer","8":"product_cat-paris","9":"desktop-align-left","10":"tablet-align-left","11":"mobile-align-left","13":"first","14":"instock","15":"shipping-taxable","16":"product-type-simple"},"_links":{"self":[{"href":"https:\/\/poccky.com\/index.php\/wp-json\/wp\/v2\/product\/341306","targetHints":{"allow":["GET"]}}],"collection":[{"href":"https:\/\/poccky.com\/index.php\/wp-json\/wp\/v2\/product"}],"about":[{"href":"https:\/\/poccky.com\/index.php\/wp-json\/wp\/v2\/types\/product"}],"replies":[{"embeddable":true,"href":"https:\/\/poccky.com\/index.php\/wp-json\/wp\/v2\/comments?post=341306"}],"wp:featuredmedia":[{"embeddable":true,"href":"https:\/\/poccky.com\/index.php\/wp-json\/wp\/v2\/media\/113764"}],"wp:attachment":[{"href":"https:\/\/poccky.com\/index.php\/wp-json\/wp\/v2\/media?parent=341306"}],"wp:term":[{"taxonomy":"product_brand","embeddable":true,"href":"https:\/\/poccky.com\/index.php\/wp-json\/wp\/v2\/product_brand?post=341306"},{"taxonomy":"product_cat","embeddable":true,"href":"https:\/\/poccky.com\/index.php\/wp-json\/wp\/v2\/product_cat?post=341306"},{"taxonomy":"product_tag","embeddable":true,"href":"https:\/\/poccky.com\/index.php\/wp-json\/wp\/v2\/product_tag?post=341306"}],"curies":[{"name":"wp","href":"https:\/\/api.w.org\/{rel}","templated":true}]}}