{"id":341143,"date":"2023-11-07T03:28:28","date_gmt":"2023-11-07T03:28:28","guid":{"rendered":"https:\/\/poccky.com\/?post_type=product&#038;p=341143"},"modified":"2023-11-07T03:28:33","modified_gmt":"2023-11-07T03:28:33","slug":"emma-jolie-escort-courtesan-4","status":"publish","type":"product","link":"https:\/\/poccky.com\/index.php\/product\/emma-jolie-escort-courtesan-4\/","title":{"rendered":"Emma Jolie Escort &#8211; Courtesan"},"content":{"rendered":"","protected":false},"excerpt":{"rendered":"<p>Dear Gentleman.<\/p>\n<p>Are you looking for a unique and very sensual experience in Monte Carlo? Allow me to introduce myself. my name is Emma Jolie. I am an independent escort companion and courtesan and I reside in one of the most beautiful cities of the world. in Paris. I am available to travel for outcalls to your hotel or apartment in Monaco. Just visit my website to find out more about me. and then get in touch.<\/p>\n<p>Sensually yours.<\/p>\n<p>Emma<\/p>\n<p>Chers messieurs.<\/p>\n<p>Vous recherchez une exp\u00e9rience unique et tr\u00e8s sensuelle sur Monte Carlo ? Permettez-moi de me pr\u00e9senter. mon nom est Emma Jolie. Je suis une accompagnatrice et courtisane escorte ind\u00e9pendante et j\u2019habite dans l\u2019une des plus belles villes au monde. Paris. Je suis disponible pour Voyager et vous rendre visite \u00e0 votre h\u00f4tel ou \u00e0 votre appartement \u00e0 Monaco. Alors. venez voir mon site Internet pour en savoir plus sur moi et contactez-moi.<\/p>\n<p>Sensuellement v\u00f4tre.<\/p>\n<p>Emma My details Below mentioned<\/p>\n<p>                Languages:<br \/>\n                English.  French.  Russian.  German<\/p>\n<p>                Age:<br \/>\n                34<\/p>\n<p>                Height:<br \/>\n                164 cm<\/p>\n<p>                Weight:<br \/>\n                56 kg<\/p>\n<p>                Hair:<br \/>\n                blonde<\/p>\n<p>                Eyes:<br \/>\n                dark brown<\/p>\n<p>                Measurements:<br \/>\n                89-75-91phone_android Phone:<br \/>\n          +330625251328<\/p>\n","protected":false},"featured_media":110623,"comment_status":"open","ping_status":"closed","template":"","meta":{"site-sidebar-layout":"default","site-content-layout":"","ast-site-content-layout":"","site-content-style":"default","site-sidebar-style":"default","ast-global-header-display":"","ast-banner-title-visibility":"","ast-main-header-display":"","ast-hfb-above-header-display":"","ast-hfb-below-header-display":"","ast-hfb-mobile-header-display":"","site-post-title":"","ast-breadcrumbs-content":"","ast-featured-img":"","footer-sml-layout":"","theme-transparent-header-meta":"","adv-header-id-meta":"","stick-header-meta":"","header-above-stick-meta":"","header-main-stick-meta":"","header-below-stick-meta":"","astra-migrate-meta-layouts":"default","ast-page-background-enabled":"default","ast-page-background-meta":{"desktop":{"background-color":"var(--ast-global-color-4)","background-image":"","background-repeat":"repeat","background-position":"center center","background-size":"auto","background-attachment":"scroll","background-type":"","background-media":"","overlay-type":"","overlay-color":"","overlay-opacity":"","overlay-gradient":""},"tablet":{"background-color":"","background-image":"","background-repeat":"repeat","background-position":"center center","background-size":"auto","background-attachment":"scroll","background-type":"","background-media":"","overlay-type":"","overlay-color":"","overlay-opacity":"","overlay-gradient":""},"mobile":{"background-color":"","background-image":"","background-repeat":"repeat","background-position":"center center","background-size":"auto","background-attachment":"scroll","background-type":"","background-media":"","overlay-type":"","overlay-color":"","overlay-opacity":"","overlay-gradient":""}},"ast-content-background-meta":{"desktop":{"background-color":"var(--ast-global-color-5)","background-image":"","background-repeat":"repeat","background-position":"center center","background-size":"auto","background-attachment":"scroll","background-type":"","background-media":"","overlay-type":"","overlay-color":"","overlay-opacity":"","overlay-gradient":""},"tablet":{"background-color":"var(--ast-global-color-5)","background-image":"","background-repeat":"repeat","background-position":"center center","background-size":"auto","background-attachment":"scroll","background-type":"","background-media":"","overlay-type":"","overlay-color":"","overlay-opacity":"","overlay-gradient":""},"mobile":{"background-color":"var(--ast-global-color-5)","background-image":"","background-repeat":"repeat","background-position":"center center","background-size":"auto","background-attachment":"scroll","background-type":"","background-media":"","overlay-type":"","overlay-color":"","overlay-opacity":"","overlay-gradient":""}}},"product_brand":[],"product_cat":[188,911,1119],"product_tag":[],"class_list":{"0":"post-341143","1":"product","2":"type-product","3":"status-publish","4":"has-post-thumbnail","6":"product_cat-freelancer","7":"product_cat-monaco","8":"product_cat-monte-carlo","9":"desktop-align-left","10":"tablet-align-left","11":"mobile-align-left","13":"first","14":"instock","15":"shipping-taxable","16":"product-type-simple"},"_links":{"self":[{"href":"https:\/\/poccky.com\/index.php\/wp-json\/wp\/v2\/product\/341143","targetHints":{"allow":["GET"]}}],"collection":[{"href":"https:\/\/poccky.com\/index.php\/wp-json\/wp\/v2\/product"}],"about":[{"href":"https:\/\/poccky.com\/index.php\/wp-json\/wp\/v2\/types\/product"}],"replies":[{"embeddable":true,"href":"https:\/\/poccky.com\/index.php\/wp-json\/wp\/v2\/comments?post=341143"}],"wp:featuredmedia":[{"embeddable":true,"href":"https:\/\/poccky.com\/index.php\/wp-json\/wp\/v2\/media\/110623"}],"wp:attachment":[{"href":"https:\/\/poccky.com\/index.php\/wp-json\/wp\/v2\/media?parent=341143"}],"wp:term":[{"taxonomy":"product_brand","embeddable":true,"href":"https:\/\/poccky.com\/index.php\/wp-json\/wp\/v2\/product_brand?post=341143"},{"taxonomy":"product_cat","embeddable":true,"href":"https:\/\/poccky.com\/index.php\/wp-json\/wp\/v2\/product_cat?post=341143"},{"taxonomy":"product_tag","embeddable":true,"href":"https:\/\/poccky.com\/index.php\/wp-json\/wp\/v2\/product_tag?post=341143"}],"curies":[{"name":"wp","href":"https:\/\/api.w.org\/{rel}","templated":true}]}}