{"id":341131,"date":"2023-11-07T03:26:31","date_gmt":"2023-11-07T03:26:31","guid":{"rendered":"https:\/\/poccky.com\/?post_type=product&#038;p=341131"},"modified":"2023-11-07T03:26:35","modified_gmt":"2023-11-07T03:26:35","slug":"svensk-tjej-i-sthlm-2","status":"publish","type":"product","link":"https:\/\/poccky.com\/index.php\/product\/svensk-tjej-i-sthlm-2\/","title":{"rendered":"Svensk Tjej I STHLM"},"content":{"rendered":"","protected":false},"excerpt":{"rendered":"<p>Hej!<\/p>\n<p>Jag heter Milla. \u00e4r helsvensk och 22 \u00e5r.<\/p>\n<p>Jag \u00e4r en snygg och trevlig tjej med sk\u00f6n attityd som du kan ha v\u00e4ldigt trevligt med \ud83d\ude09<br \/>\nJag garanterar att det \u00e4r jag p\u00e5 mina bilder.<\/p>\n<p>D-kupa.<\/p>\n<p>170 cm och 72 kg.<\/p>\n<p>Och jag \u00c4LSKAR sex!!!!!<\/p>\n<p>F\u00f6r att vi ska ha trevligt tillsammans \u00e4r det viktigt med respekt.<br \/>\njag t\u00e4nder inte p\u00e5 v\u00e5ldtendenser eller kiss\/bajs-sex.<\/p>\n<p>Det \u00e4r normalsex som g\u00e4ller men jag \u00e4r \u00f6ppen f\u00f6r f\u00f6rslag om du har n\u00e5gon sp\u00e4nnande fantasi du vill uppleva \ud83d\ude09<\/p>\n<p>ALLT sker med kondom.<\/p>\n<p>Framifr\u00e5n. bakifr\u00e5n. sittandes. st\u00e5endes. \u00f6ver bordet. mot v\u00e4ggen. oralsex. mjuk dominans mot di.G rollspel.<\/p>\n<p>Du \u00e4r en seri\u00f6s och diskret gentleman.<br \/>\nSamma hygienkrav som du st\u00e4ller p\u00e5 mig st\u00e4ller jag p\u00e5 dig.<\/p>\n<p>ENDAST INCALLS<br \/>\nJag har en diskret l\u00e4genhet p\u00e5 S\u00f6dermalm. Stockholm.<\/p>\n<p>Ers\u00e4ttning:<br \/>\n30 min 1500 kr<br \/>\n60 min 2500 kr<br \/>\nErs\u00e4ttning ges vid tr\u00e4ffens start.<br \/>\njag ska inte beh\u00f6va fr\u00e5ga om det.<\/p>\n<p>Svarar ej fr\u00e5n dolt nr.<\/p>\n<p>RING MIG P\u00c5<\/p>\n<p>0760764746 My details Below mentioned<\/p>\n<p>                Nationality:<br \/>\n                Swedish <\/p>\n<p>                Height:<br \/>\n                170 cm<\/p>\n<p>                Weight:<br \/>\n                72 kg <\/p>\n<p>                Hair:<br \/>\n                Brunettephone_android Phone:<br \/>\n          0760764746<\/p>\n","protected":false},"featured_media":115050,"comment_status":"open","ping_status":"closed","template":"","meta":{"site-sidebar-layout":"default","site-content-layout":"","ast-site-content-layout":"","site-content-style":"default","site-sidebar-style":"default","ast-global-header-display":"","ast-banner-title-visibility":"","ast-main-header-display":"","ast-hfb-above-header-display":"","ast-hfb-below-header-display":"","ast-hfb-mobile-header-display":"","site-post-title":"","ast-breadcrumbs-content":"","ast-featured-img":"","footer-sml-layout":"","theme-transparent-header-meta":"","adv-header-id-meta":"","stick-header-meta":"","header-above-stick-meta":"","header-main-stick-meta":"","header-below-stick-meta":"","astra-migrate-meta-layouts":"default","ast-page-background-enabled":"default","ast-page-background-meta":{"desktop":{"background-color":"var(--ast-global-color-4)","background-image":"","background-repeat":"repeat","background-position":"center center","background-size":"auto","background-attachment":"scroll","background-type":"","background-media":"","overlay-type":"","overlay-color":"","overlay-opacity":"","overlay-gradient":""},"tablet":{"background-color":"","background-image":"","background-repeat":"repeat","background-position":"center center","background-size":"auto","background-attachment":"scroll","background-type":"","background-media":"","overlay-type":"","overlay-color":"","overlay-opacity":"","overlay-gradient":""},"mobile":{"background-color":"","background-image":"","background-repeat":"repeat","background-position":"center center","background-size":"auto","background-attachment":"scroll","background-type":"","background-media":"","overlay-type":"","overlay-color":"","overlay-opacity":"","overlay-gradient":""}},"ast-content-background-meta":{"desktop":{"background-color":"var(--ast-global-color-5)","background-image":"","background-repeat":"repeat","background-position":"center center","background-size":"auto","background-attachment":"scroll","background-type":"","background-media":"","overlay-type":"","overlay-color":"","overlay-opacity":"","overlay-gradient":""},"tablet":{"background-color":"var(--ast-global-color-5)","background-image":"","background-repeat":"repeat","background-position":"center center","background-size":"auto","background-attachment":"scroll","background-type":"","background-media":"","overlay-type":"","overlay-color":"","overlay-opacity":"","overlay-gradient":""},"mobile":{"background-color":"var(--ast-global-color-5)","background-image":"","background-repeat":"repeat","background-position":"center center","background-size":"auto","background-attachment":"scroll","background-type":"","background-media":"","overlay-type":"","overlay-color":"","overlay-opacity":"","overlay-gradient":""}}},"product_brand":[],"product_cat":[188,1115,957],"product_tag":[],"class_list":{"0":"post-341131","1":"product","2":"type-product","3":"status-publish","4":"has-post-thumbnail","6":"product_cat-freelancer","7":"product_cat-stockholm","8":"product_cat-sweden","9":"desktop-align-left","10":"tablet-align-left","11":"mobile-align-left","13":"first","14":"instock","15":"shipping-taxable","16":"product-type-simple"},"_links":{"self":[{"href":"https:\/\/poccky.com\/index.php\/wp-json\/wp\/v2\/product\/341131","targetHints":{"allow":["GET"]}}],"collection":[{"href":"https:\/\/poccky.com\/index.php\/wp-json\/wp\/v2\/product"}],"about":[{"href":"https:\/\/poccky.com\/index.php\/wp-json\/wp\/v2\/types\/product"}],"replies":[{"embeddable":true,"href":"https:\/\/poccky.com\/index.php\/wp-json\/wp\/v2\/comments?post=341131"}],"wp:featuredmedia":[{"embeddable":true,"href":"https:\/\/poccky.com\/index.php\/wp-json\/wp\/v2\/media\/115050"}],"wp:attachment":[{"href":"https:\/\/poccky.com\/index.php\/wp-json\/wp\/v2\/media?parent=341131"}],"wp:term":[{"taxonomy":"product_brand","embeddable":true,"href":"https:\/\/poccky.com\/index.php\/wp-json\/wp\/v2\/product_brand?post=341131"},{"taxonomy":"product_cat","embeddable":true,"href":"https:\/\/poccky.com\/index.php\/wp-json\/wp\/v2\/product_cat?post=341131"},{"taxonomy":"product_tag","embeddable":true,"href":"https:\/\/poccky.com\/index.php\/wp-json\/wp\/v2\/product_tag?post=341131"}],"curies":[{"name":"wp","href":"https:\/\/api.w.org\/{rel}","templated":true}]}}