{"id":340900,"date":"2023-11-07T02:46:03","date_gmt":"2023-11-07T02:46:03","guid":{"rendered":"https:\/\/poccky.com\/?post_type=product&#038;p=340900"},"modified":"2023-11-07T02:46:10","modified_gmt":"2023-11-07T02:46:10","slug":"lionese-paris-4","status":"publish","type":"product","link":"https:\/\/poccky.com\/index.php\/product\/lionese-paris-4\/","title":{"rendered":"Lionese Paris"},"content":{"rendered":"","protected":false},"excerpt":{"rendered":"<p>I am sophisticated and well traveled Beauty &#8211; a PERFECT COMPANION for you-for those business dinners and trips or for just company.<br \/>\nI understand your needs and desires and guaranteed our time together will be far from ordinary.<br \/>\nI&#8217;m a well educated. sensual young woman and I love to spend my time with a true gentleman. I also never say no to a cozy afternoon or night in.<br \/>\nI speak English and French. simply adore jazz music. love discovering new places. and above all. have an insatiable lust for life.<br \/>\nI am experienced in many walks of life and comfortable in a myriad of social situations. In public I am sophisticated. discreet. and. so I&#8217;ve been told. enchanting. Intimately. I&#8217;m warm. sensuous and passionate.<br \/>\nWhether getting to know each other over dinner. turning heads (in the very best way) at events. or exploring our innermost passions. I would love to be the woman to create memories to hold on to for the rest of our lives&#8230;or at least until the next time we meet.<\/p>\n<p>Je suis LIONESE raffin\u00e9e souriante et discr\u00e8te<br \/>\nJe vous propose mes services d\u2019accompagnement une \u00e9coute sinc\u00e8re complicit\u00e9 pour partager des moments agr\u00e9ables de tendresse sensuels et de bien-\u00eatre qui vous feront oublier quelques instants les soucis de votre vie<br \/>\nJ\u2019aime les hommes matures courtois gentleman respectueux et discrets<br \/>\nJe vous re\u00e7ois dans la plus grande discr\u00e9tion un cadre agr\u00e9able j\u2019attends votre appel vous ne serez pas d\u00e9\u00e7u je suis toute chaude &#8230; \u00e0 bient\u00f4t My details Below mentioned<\/p>\n<p>                Nationality:<br \/>\n                French <\/p>\n<p>                Languages:<br \/>\n                English. French<\/p>\n<p>                Age:<br \/>\n                25<\/p>\n<p>                Height:<br \/>\n                166<\/p>\n<p>                Weight:<br \/>\n                57<\/p>\n<p>                Hair:<br \/>\n                shoulder black<\/p>\n<p>                Eyes:<br \/>\n                green<\/p>\n<p>                Measurements:<br \/>\n                95-66-97Companionship rates:<\/p>\n<p>                  1 hour rate<br \/>\n                  300 EUR<\/p>\n<p>                  2 hours rate<br \/>\n                  500 EUR<\/p>\n<p>                  3 hours rate<br \/>\n                  700 EUR<\/p>\n<p>                  full night rate<br \/>\n                  1500 EUR<\/p>\n","protected":false},"featured_media":118017,"comment_status":"open","ping_status":"closed","template":"","meta":{"site-sidebar-layout":"default","site-content-layout":"","ast-site-content-layout":"","site-content-style":"default","site-sidebar-style":"default","ast-global-header-display":"","ast-banner-title-visibility":"","ast-main-header-display":"","ast-hfb-above-header-display":"","ast-hfb-below-header-display":"","ast-hfb-mobile-header-display":"","site-post-title":"","ast-breadcrumbs-content":"","ast-featured-img":"","footer-sml-layout":"","theme-transparent-header-meta":"","adv-header-id-meta":"","stick-header-meta":"","header-above-stick-meta":"","header-main-stick-meta":"","header-below-stick-meta":"","astra-migrate-meta-layouts":"default","ast-page-background-enabled":"default","ast-page-background-meta":{"desktop":{"background-color":"var(--ast-global-color-4)","background-image":"","background-repeat":"repeat","background-position":"center center","background-size":"auto","background-attachment":"scroll","background-type":"","background-media":"","overlay-type":"","overlay-color":"","overlay-opacity":"","overlay-gradient":""},"tablet":{"background-color":"","background-image":"","background-repeat":"repeat","background-position":"center center","background-size":"auto","background-attachment":"scroll","background-type":"","background-media":"","overlay-type":"","overlay-color":"","overlay-opacity":"","overlay-gradient":""},"mobile":{"background-color":"","background-image":"","background-repeat":"repeat","background-position":"center center","background-size":"auto","background-attachment":"scroll","background-type":"","background-media":"","overlay-type":"","overlay-color":"","overlay-opacity":"","overlay-gradient":""}},"ast-content-background-meta":{"desktop":{"background-color":"var(--ast-global-color-5)","background-image":"","background-repeat":"repeat","background-position":"center center","background-size":"auto","background-attachment":"scroll","background-type":"","background-media":"","overlay-type":"","overlay-color":"","overlay-opacity":"","overlay-gradient":""},"tablet":{"background-color":"var(--ast-global-color-5)","background-image":"","background-repeat":"repeat","background-position":"center center","background-size":"auto","background-attachment":"scroll","background-type":"","background-media":"","overlay-type":"","overlay-color":"","overlay-opacity":"","overlay-gradient":""},"mobile":{"background-color":"var(--ast-global-color-5)","background-image":"","background-repeat":"repeat","background-position":"center center","background-size":"auto","background-attachment":"scroll","background-type":"","background-media":"","overlay-type":"","overlay-color":"","overlay-opacity":"","overlay-gradient":""}}},"product_brand":[],"product_cat":[244,188,1118],"product_tag":[],"class_list":{"0":"post-340900","1":"product","2":"type-product","3":"status-publish","4":"has-post-thumbnail","6":"product_cat-france","7":"product_cat-freelancer","8":"product_cat-paris","9":"desktop-align-left","10":"tablet-align-left","11":"mobile-align-left","13":"first","14":"instock","15":"shipping-taxable","16":"product-type-simple"},"_links":{"self":[{"href":"https:\/\/poccky.com\/index.php\/wp-json\/wp\/v2\/product\/340900","targetHints":{"allow":["GET"]}}],"collection":[{"href":"https:\/\/poccky.com\/index.php\/wp-json\/wp\/v2\/product"}],"about":[{"href":"https:\/\/poccky.com\/index.php\/wp-json\/wp\/v2\/types\/product"}],"replies":[{"embeddable":true,"href":"https:\/\/poccky.com\/index.php\/wp-json\/wp\/v2\/comments?post=340900"}],"wp:featuredmedia":[{"embeddable":true,"href":"https:\/\/poccky.com\/index.php\/wp-json\/wp\/v2\/media\/118017"}],"wp:attachment":[{"href":"https:\/\/poccky.com\/index.php\/wp-json\/wp\/v2\/media?parent=340900"}],"wp:term":[{"taxonomy":"product_brand","embeddable":true,"href":"https:\/\/poccky.com\/index.php\/wp-json\/wp\/v2\/product_brand?post=340900"},{"taxonomy":"product_cat","embeddable":true,"href":"https:\/\/poccky.com\/index.php\/wp-json\/wp\/v2\/product_cat?post=340900"},{"taxonomy":"product_tag","embeddable":true,"href":"https:\/\/poccky.com\/index.php\/wp-json\/wp\/v2\/product_tag?post=340900"}],"curies":[{"name":"wp","href":"https:\/\/api.w.org\/{rel}","templated":true}]}}