{"id":340897,"date":"2023-11-07T02:45:39","date_gmt":"2023-11-07T02:45:39","guid":{"rendered":"https:\/\/poccky.com\/?post_type=product&#038;p=340897"},"modified":"2023-11-07T02:45:45","modified_gmt":"2023-11-07T02:45:45","slug":"lola-gold-2","status":"publish","type":"product","link":"https:\/\/poccky.com\/index.php\/product\/lola-gold-2\/","title":{"rendered":"Lola-Gold"},"content":{"rendered":"","protected":false},"excerpt":{"rendered":"<p>I am a very friendly brunette Parisian escort. I\u2019ve got beautiful curvy body and amazing sparkling blue eyes . I am friendly. very easy going and can get along with all sorts of personalities. I puts you at ease right away with my conversational skills and playful attitude. I am happily offers all services (with preserv\u2026). I am adorable young Parisian escort girl who will make sure to make each moment pleasurable. memorable and unique. Don&#8217;t hesitate to call me. I will  be glad to help you arrange our date anywhere you want.. I will come out elegantly dressed for an outcall to your hotel or private residence.     Je suis  une jeune femme de haut niveau. une parfaite compagne pour un homme courtois. respectueux et  g\u00e9n\u00e9reux \u00e0 qui j&#8217;offre un service tr\u00e8s exclusif. Pendant notre rencontre d\u00e9tendue. vous serez satisfait dans tous vos besoins et vos d\u00e9sirs. Vous  serez g\u00e2t\u00e9 par ma nature attentive et sexy. Si un jour vous voulez changer des id\u00e9es. faire entrer de l&#8217;air frais dans votre quotidien ou simplement passer du temps inoubliable. \u00e0 court ou long terme.  n&#8217;h\u00e9sitez pas \u00e0 m&#8217;appeler&#8230; Je suis toujours disponible pour divers activit\u00e9s comme un petit d\u00e9jeuner. un brunch. un d\u00e9jeuner. un d\u00eener raffin\u00e9. un \u00e9v\u00e9nement social ou d&#8217;affaire. des activit\u00e9s sportives. shoppin.G des loisirs divers. des voyages  nationaux ou internationaux ou simplement un accompagnement en priv\u00e9. Votre destination avec moi  sera beaucoup plus excitante que sans. Que ce soit \u00e0 l&#8217;ext\u00e9rieur. sur une plage ou dans une grande ville. nous passerons des moments formidables! Bien que je me r\u00e9jouisse de l&#8217;excitation de nouvelles rencontres. je ch\u00e9ris mes anciens amis.Je suis tr\u00e8s heureuse que vous m&#8217;ayez trouv\u00e9 et je suis impatiente d&#8217;avoir le plaisir de partager un moment ensemble dans un futur proche. Je vous embrasse Lola. My details Below mentioned<\/p>\n<p>                Nationality:<br \/>\n                French <\/p>\n<p>                Languages:<br \/>\n                English. French<\/p>\n<p>                Age:<br \/>\n                25<\/p>\n<p>                Height:<br \/>\n                167<\/p>\n<p>                Weight:<br \/>\n                56<\/p>\n<p>                Hair:<br \/>\n                LONG BLACK<\/p>\n<p>                Eyes:<br \/>\n                blue<\/p>\n<p>                Measurements:<br \/>\n                90-60-90Companionship rates:<\/p>\n<p>                  1 hour rate<br \/>\n                  300 EUR<\/p>\n<p>                  2 hours rate<br \/>\n                  500 EUR<\/p>\n<p>                  3 hours rate<br \/>\n                  700 EUR<\/p>\n<p>                  full night rate<br \/>\n                  1500 EUR<\/p>\n","protected":false},"featured_media":116921,"comment_status":"open","ping_status":"closed","template":"","meta":{"site-sidebar-layout":"default","site-content-layout":"","ast-site-content-layout":"","site-content-style":"default","site-sidebar-style":"default","ast-global-header-display":"","ast-banner-title-visibility":"","ast-main-header-display":"","ast-hfb-above-header-display":"","ast-hfb-below-header-display":"","ast-hfb-mobile-header-display":"","site-post-title":"","ast-breadcrumbs-content":"","ast-featured-img":"","footer-sml-layout":"","theme-transparent-header-meta":"","adv-header-id-meta":"","stick-header-meta":"","header-above-stick-meta":"","header-main-stick-meta":"","header-below-stick-meta":"","astra-migrate-meta-layouts":"default","ast-page-background-enabled":"default","ast-page-background-meta":{"desktop":{"background-color":"var(--ast-global-color-4)","background-image":"","background-repeat":"repeat","background-position":"center center","background-size":"auto","background-attachment":"scroll","background-type":"","background-media":"","overlay-type":"","overlay-color":"","overlay-opacity":"","overlay-gradient":""},"tablet":{"background-color":"","background-image":"","background-repeat":"repeat","background-position":"center center","background-size":"auto","background-attachment":"scroll","background-type":"","background-media":"","overlay-type":"","overlay-color":"","overlay-opacity":"","overlay-gradient":""},"mobile":{"background-color":"","background-image":"","background-repeat":"repeat","background-position":"center center","background-size":"auto","background-attachment":"scroll","background-type":"","background-media":"","overlay-type":"","overlay-color":"","overlay-opacity":"","overlay-gradient":""}},"ast-content-background-meta":{"desktop":{"background-color":"var(--ast-global-color-5)","background-image":"","background-repeat":"repeat","background-position":"center center","background-size":"auto","background-attachment":"scroll","background-type":"","background-media":"","overlay-type":"","overlay-color":"","overlay-opacity":"","overlay-gradient":""},"tablet":{"background-color":"var(--ast-global-color-5)","background-image":"","background-repeat":"repeat","background-position":"center center","background-size":"auto","background-attachment":"scroll","background-type":"","background-media":"","overlay-type":"","overlay-color":"","overlay-opacity":"","overlay-gradient":""},"mobile":{"background-color":"var(--ast-global-color-5)","background-image":"","background-repeat":"repeat","background-position":"center center","background-size":"auto","background-attachment":"scroll","background-type":"","background-media":"","overlay-type":"","overlay-color":"","overlay-opacity":"","overlay-gradient":""}}},"product_brand":[],"product_cat":[244,188,1118],"product_tag":[],"class_list":{"0":"post-340897","1":"product","2":"type-product","3":"status-publish","4":"has-post-thumbnail","6":"product_cat-france","7":"product_cat-freelancer","8":"product_cat-paris","9":"desktop-align-left","10":"tablet-align-left","11":"mobile-align-left","13":"first","14":"instock","15":"shipping-taxable","16":"product-type-simple"},"_links":{"self":[{"href":"https:\/\/poccky.com\/index.php\/wp-json\/wp\/v2\/product\/340897","targetHints":{"allow":["GET"]}}],"collection":[{"href":"https:\/\/poccky.com\/index.php\/wp-json\/wp\/v2\/product"}],"about":[{"href":"https:\/\/poccky.com\/index.php\/wp-json\/wp\/v2\/types\/product"}],"replies":[{"embeddable":true,"href":"https:\/\/poccky.com\/index.php\/wp-json\/wp\/v2\/comments?post=340897"}],"wp:featuredmedia":[{"embeddable":true,"href":"https:\/\/poccky.com\/index.php\/wp-json\/wp\/v2\/media\/116921"}],"wp:attachment":[{"href":"https:\/\/poccky.com\/index.php\/wp-json\/wp\/v2\/media?parent=340897"}],"wp:term":[{"taxonomy":"product_brand","embeddable":true,"href":"https:\/\/poccky.com\/index.php\/wp-json\/wp\/v2\/product_brand?post=340897"},{"taxonomy":"product_cat","embeddable":true,"href":"https:\/\/poccky.com\/index.php\/wp-json\/wp\/v2\/product_cat?post=340897"},{"taxonomy":"product_tag","embeddable":true,"href":"https:\/\/poccky.com\/index.php\/wp-json\/wp\/v2\/product_tag?post=340897"}],"curies":[{"name":"wp","href":"https:\/\/api.w.org\/{rel}","templated":true}]}}