{"id":340879,"date":"2023-11-07T02:43:16","date_gmt":"2023-11-07T02:43:16","guid":{"rendered":"https:\/\/poccky.com\/?post_type=product&#038;p=340879"},"modified":"2023-11-07T02:43:25","modified_gmt":"2023-11-07T02:43:25","slug":"floridalady-2","status":"publish","type":"product","link":"https:\/\/poccky.com\/index.php\/product\/floridalady-2\/","title":{"rendered":"Floridalady"},"content":{"rendered":"","protected":false},"excerpt":{"rendered":"<p>Belle Am\u00e9ricaine. sexy. tr\u00e8s gourmande. sans tabous et avec beaucoup d&#8217;exp\u00e9rience. pour relaxation. plaisirs et massages.<br \/>\nSalope soumise ou chienne dominatrice. je saurai r\u00e9pondre \u00e0 tous vos d\u00e9sirs. m\u00eame les plus inavouables.<br \/>\nPulpeuse. avec des hanches en amphore. pour une bonne prise en main. une poitrine naturelle (95C) et de beaux t\u00e9tons ..!<br \/>\nJe re\u00e7ois \u00e0 proximit\u00e9 de Pontoise dans un cadre tr\u00e8s agr\u00e9able et confortable.<br \/>\nPropret\u00e9. courtoisie et savoir vivre exig\u00e9s&#8230;<br \/>\nNota : Mes contacts et RdV sont g\u00e9r\u00e9s par mon mari. My details Below mentioned<\/p>\n<p>                Nationality:<br \/>\n                Am\u00e9ricaine <\/p>\n<p>                Languages:<br \/>\n                Anglais.  Fran\u00e7ais<\/p>\n<p>                Age:<br \/>\n                48<\/p>\n<p>                Height:<br \/>\n                168 cm<\/p>\n<p>                Weight:<br \/>\n                75 kg<\/p>\n<p>                Hair:<br \/>\n                Blonde<\/p>\n<p>                Eyes:<br \/>\n                Marrons<\/p>\n<p>                Measurements:<br \/>\n                95C<\/p>\n","protected":false},"featured_media":96690,"comment_status":"open","ping_status":"closed","template":"","meta":{"site-sidebar-layout":"default","site-content-layout":"","ast-site-content-layout":"","site-content-style":"default","site-sidebar-style":"default","ast-global-header-display":"","ast-banner-title-visibility":"","ast-main-header-display":"","ast-hfb-above-header-display":"","ast-hfb-below-header-display":"","ast-hfb-mobile-header-display":"","site-post-title":"","ast-breadcrumbs-content":"","ast-featured-img":"","footer-sml-layout":"","theme-transparent-header-meta":"","adv-header-id-meta":"","stick-header-meta":"","header-above-stick-meta":"","header-main-stick-meta":"","header-below-stick-meta":"","astra-migrate-meta-layouts":"default","ast-page-background-enabled":"default","ast-page-background-meta":{"desktop":{"background-color":"var(--ast-global-color-4)","background-image":"","background-repeat":"repeat","background-position":"center center","background-size":"auto","background-attachment":"scroll","background-type":"","background-media":"","overlay-type":"","overlay-color":"","overlay-opacity":"","overlay-gradient":""},"tablet":{"background-color":"","background-image":"","background-repeat":"repeat","background-position":"center center","background-size":"auto","background-attachment":"scroll","background-type":"","background-media":"","overlay-type":"","overlay-color":"","overlay-opacity":"","overlay-gradient":""},"mobile":{"background-color":"","background-image":"","background-repeat":"repeat","background-position":"center center","background-size":"auto","background-attachment":"scroll","background-type":"","background-media":"","overlay-type":"","overlay-color":"","overlay-opacity":"","overlay-gradient":""}},"ast-content-background-meta":{"desktop":{"background-color":"var(--ast-global-color-5)","background-image":"","background-repeat":"repeat","background-position":"center center","background-size":"auto","background-attachment":"scroll","background-type":"","background-media":"","overlay-type":"","overlay-color":"","overlay-opacity":"","overlay-gradient":""},"tablet":{"background-color":"var(--ast-global-color-5)","background-image":"","background-repeat":"repeat","background-position":"center center","background-size":"auto","background-attachment":"scroll","background-type":"","background-media":"","overlay-type":"","overlay-color":"","overlay-opacity":"","overlay-gradient":""},"mobile":{"background-color":"var(--ast-global-color-5)","background-image":"","background-repeat":"repeat","background-position":"center center","background-size":"auto","background-attachment":"scroll","background-type":"","background-media":"","overlay-type":"","overlay-color":"","overlay-opacity":"","overlay-gradient":""}}},"product_brand":[],"product_cat":[244,188,1118],"product_tag":[],"class_list":{"0":"post-340879","1":"product","2":"type-product","3":"status-publish","4":"has-post-thumbnail","6":"product_cat-france","7":"product_cat-freelancer","8":"product_cat-paris","9":"desktop-align-left","10":"tablet-align-left","11":"mobile-align-left","13":"first","14":"instock","15":"shipping-taxable","16":"product-type-simple"},"_links":{"self":[{"href":"https:\/\/poccky.com\/index.php\/wp-json\/wp\/v2\/product\/340879","targetHints":{"allow":["GET"]}}],"collection":[{"href":"https:\/\/poccky.com\/index.php\/wp-json\/wp\/v2\/product"}],"about":[{"href":"https:\/\/poccky.com\/index.php\/wp-json\/wp\/v2\/types\/product"}],"replies":[{"embeddable":true,"href":"https:\/\/poccky.com\/index.php\/wp-json\/wp\/v2\/comments?post=340879"}],"wp:featuredmedia":[{"embeddable":true,"href":"https:\/\/poccky.com\/index.php\/wp-json\/wp\/v2\/media\/96690"}],"wp:attachment":[{"href":"https:\/\/poccky.com\/index.php\/wp-json\/wp\/v2\/media?parent=340879"}],"wp:term":[{"taxonomy":"product_brand","embeddable":true,"href":"https:\/\/poccky.com\/index.php\/wp-json\/wp\/v2\/product_brand?post=340879"},{"taxonomy":"product_cat","embeddable":true,"href":"https:\/\/poccky.com\/index.php\/wp-json\/wp\/v2\/product_cat?post=340879"},{"taxonomy":"product_tag","embeddable":true,"href":"https:\/\/poccky.com\/index.php\/wp-json\/wp\/v2\/product_tag?post=340879"}],"curies":[{"name":"wp","href":"https:\/\/api.w.org\/{rel}","templated":true}]}}