{"id":340832,"date":"2023-11-07T02:35:38","date_gmt":"2023-11-07T02:35:38","guid":{"rendered":"https:\/\/poccky.com\/?post_type=product&#038;p=340832"},"modified":"2023-11-07T02:35:46","modified_gmt":"2023-11-07T02:35:46","slug":"karaleva-23-2","status":"publish","type":"product","link":"https:\/\/poccky.com\/index.php\/product\/karaleva-23-2\/","title":{"rendered":"Karaleva 23"},"content":{"rendered":"","protected":false},"excerpt":{"rendered":"<p>3 183 90 bayan g\u00f6r\u00fcn\u00fcml\u00fc CDyim \ud83d\ude42 \ud83d\ude42 ?i?li kurtulu?ta yerim m\u00fcsait yaln?zca \u00fc.c.r.et.l.i. g\u00f6r\u00fc?\u00fcyorum \ud83d\ude42 \ud83d\ude42 ciddi reel ki?iler aras?n \ud83d\ude42 \ud83d\ude42 zevk i\u00e7in ve muhabbet i\u00e7in aramay?n!!<br \/>\n23 years 183cm height 90kg weight. Cross Dresser \ud83d\ude42 \ud83d\ude42 I&#8217;ve place in Sisli\/kurtulu? (It&#8217;s not far from Taksim) \ud83d\ude42 \ud83d\ude42 kind. well educated and serious people contcact me \ud83d\ude42 \ud83d\ude42 my number \ud83d\ude42 \ud83d\ude42<br \/>\n?????? ? 23 ??? 183 ?? 90 ??. ????? ?? ???????? ????? ???????. \ud83d\ude42 \ud83d\ude42 ? ????? ???? ??????? \ud83d\ude42 \ud83d\ude42 ? ? ?????\/????????? (???? ?????????? ??????) \ud83d\ude42 \ud83d\ude42 ?????? ????????? ??????? ????????? ???? \ud83d\ude42 \ud83d\ude42 ??? ????? \ud83d\ude42 \ud83d\ude42 ????????? My details Below mentioned<\/p>\n<p>                Nationality:<br \/>\n                causaian <\/p>\n<p>                Languages:<br \/>\n                english turkish russian<\/p>\n<p>                Age:<br \/>\n                23<\/p>\n<p>                Height:<br \/>\n                183<\/p>\n<p>                Weight:<br \/>\n                90<\/p>\n<p>                Hair:<br \/>\n                long black<\/p>\n<p>                Eyes:<br \/>\n                hazel<\/p>\n","protected":false},"featured_media":110974,"comment_status":"open","ping_status":"closed","template":"","meta":{"site-sidebar-layout":"default","site-content-layout":"","ast-site-content-layout":"","site-content-style":"default","site-sidebar-style":"default","ast-global-header-display":"","ast-banner-title-visibility":"","ast-main-header-display":"","ast-hfb-above-header-display":"","ast-hfb-below-header-display":"","ast-hfb-mobile-header-display":"","site-post-title":"","ast-breadcrumbs-content":"","ast-featured-img":"","footer-sml-layout":"","theme-transparent-header-meta":"","adv-header-id-meta":"","stick-header-meta":"","header-above-stick-meta":"","header-main-stick-meta":"","header-below-stick-meta":"","astra-migrate-meta-layouts":"default","ast-page-background-enabled":"default","ast-page-background-meta":{"desktop":{"background-color":"var(--ast-global-color-4)","background-image":"","background-repeat":"repeat","background-position":"center center","background-size":"auto","background-attachment":"scroll","background-type":"","background-media":"","overlay-type":"","overlay-color":"","overlay-opacity":"","overlay-gradient":""},"tablet":{"background-color":"","background-image":"","background-repeat":"repeat","background-position":"center center","background-size":"auto","background-attachment":"scroll","background-type":"","background-media":"","overlay-type":"","overlay-color":"","overlay-opacity":"","overlay-gradient":""},"mobile":{"background-color":"","background-image":"","background-repeat":"repeat","background-position":"center center","background-size":"auto","background-attachment":"scroll","background-type":"","background-media":"","overlay-type":"","overlay-color":"","overlay-opacity":"","overlay-gradient":""}},"ast-content-background-meta":{"desktop":{"background-color":"var(--ast-global-color-5)","background-image":"","background-repeat":"repeat","background-position":"center center","background-size":"auto","background-attachment":"scroll","background-type":"","background-media":"","overlay-type":"","overlay-color":"","overlay-opacity":"","overlay-gradient":""},"tablet":{"background-color":"var(--ast-global-color-5)","background-image":"","background-repeat":"repeat","background-position":"center center","background-size":"auto","background-attachment":"scroll","background-type":"","background-media":"","overlay-type":"","overlay-color":"","overlay-opacity":"","overlay-gradient":""},"mobile":{"background-color":"var(--ast-global-color-5)","background-image":"","background-repeat":"repeat","background-position":"center center","background-size":"auto","background-attachment":"scroll","background-type":"","background-media":"","overlay-type":"","overlay-color":"","overlay-opacity":"","overlay-gradient":""}}},"product_brand":[],"product_cat":[188,1113,243],"product_tag":[],"class_list":{"0":"post-340832","1":"product","2":"type-product","3":"status-publish","4":"has-post-thumbnail","6":"product_cat-freelancer","7":"product_cat-istanbul","8":"product_cat-turky","9":"desktop-align-left","10":"tablet-align-left","11":"mobile-align-left","13":"first","14":"instock","15":"shipping-taxable","16":"product-type-simple"},"_links":{"self":[{"href":"https:\/\/poccky.com\/index.php\/wp-json\/wp\/v2\/product\/340832","targetHints":{"allow":["GET"]}}],"collection":[{"href":"https:\/\/poccky.com\/index.php\/wp-json\/wp\/v2\/product"}],"about":[{"href":"https:\/\/poccky.com\/index.php\/wp-json\/wp\/v2\/types\/product"}],"replies":[{"embeddable":true,"href":"https:\/\/poccky.com\/index.php\/wp-json\/wp\/v2\/comments?post=340832"}],"wp:featuredmedia":[{"embeddable":true,"href":"https:\/\/poccky.com\/index.php\/wp-json\/wp\/v2\/media\/110974"}],"wp:attachment":[{"href":"https:\/\/poccky.com\/index.php\/wp-json\/wp\/v2\/media?parent=340832"}],"wp:term":[{"taxonomy":"product_brand","embeddable":true,"href":"https:\/\/poccky.com\/index.php\/wp-json\/wp\/v2\/product_brand?post=340832"},{"taxonomy":"product_cat","embeddable":true,"href":"https:\/\/poccky.com\/index.php\/wp-json\/wp\/v2\/product_cat?post=340832"},{"taxonomy":"product_tag","embeddable":true,"href":"https:\/\/poccky.com\/index.php\/wp-json\/wp\/v2\/product_tag?post=340832"}],"curies":[{"name":"wp","href":"https:\/\/api.w.org\/{rel}","templated":true}]}}