{"id":340479,"date":"2023-11-07T01:37:42","date_gmt":"2023-11-07T01:37:42","guid":{"rendered":"https:\/\/poccky.com\/?post_type=product&#038;p=340479"},"modified":"2023-11-07T01:37:52","modified_gmt":"2023-11-07T01:37:52","slug":"layla-chaude-2","status":"publish","type":"product","link":"https:\/\/poccky.com\/index.php\/product\/layla-chaude-2\/","title":{"rendered":"Layla Chaude"},"content":{"rendered":"","protected":false},"excerpt":{"rendered":"<p>NEW SEXY HOT GIRL LAYLA CHAUDE VERY COQUINE*****DISPONIBLE IN APPARTEMENT PRIVE! Bonjour mes amours. Je suis de passage sur Bordeaux du 04\/11 jusqu&#8217;a 11\/11 Matin. Je suis une jolie blonde vicieuse et libertine.Je suis une magnifique jf toute fra\u00eeche au corps parfait tr\u00e8s sexy et sensuelle.Je m&#8217;appelle Layla Libanaise.Br\u00e9silienne avec 22ans.1m70. 54kg. J&#8217;ai une personnalit\u00e9 charmante tr\u00e8s douce et amante passionn\u00e9e. fougueuse. vraiment tr\u00e8s chaude. je suis une femme raffin\u00e9e et tr\u00e8s coquine!Je suis tr\u00e8s c\u00e2line.Je ne suis pas m\u00e9canique ni presse je aime bien la amour.Pour l \u00e9coute de vos d\u00e9sirs et fanta*es les plus secrets pour les satisfaire pour notre plus grand plaisir.Je serais votre compagne id\u00e9ale pour passer avec vous et pour vous proposer un tr\u00e8s bon moment intense vraiment tr\u00e8s chaude de plaisir \u00e0 partager avec pr\u00e9liminaires.bodybody.la gorge profonde plan de positions et aussi possible la sodo si vous aimes et des massages aux huiles essentielles inoubliables. Si vous recherchez un moment vraiment de tendresse. coquin et chaude d&#8217;\u00e9changes intimes je suis la femme qu&#8217;il vous faut. MES PHOTOS SONT 100% BIEN R\u00c9ELLES!!! EST&#8211;IL POSSIBLE LA DOMINATION SOFT OR HARD. Show lesbienne avec une copine coquine et sexy chez moi dans un appartement Prive tr\u00e8s discret .Je peux \u00e9galement me d\u00e9placer dans les clubs libertins or dans les h\u00f4tels. Je re\u00e7oit de 09HS du matin au 23HS. MY WEB SITE http:\/\/escortgirlbordeauxlayla.escortbook.com . BIG KIS VERY HOT My details Below mentioned<\/p>\n<p>                Nationality:<br \/>\n                Brazilian.Libyan <\/p>\n<p>                Languages:<br \/>\n                English. French. Spanish<\/p>\n<p>                Age:<br \/>\n                22<\/p>\n<p>                Height:<br \/>\n                170cm<\/p>\n<p>                Weight:<br \/>\n                55<\/p>\n<p>                Hair:<br \/>\n                Blonde<\/p>\n<p>                Eyes:<br \/>\n                Marron<\/p>\n<p>                Measurements:<br \/>\n                95-62-98<\/p>\n","protected":false},"featured_media":117390,"comment_status":"open","ping_status":"closed","template":"","meta":{"site-sidebar-layout":"default","site-content-layout":"","ast-site-content-layout":"","site-content-style":"default","site-sidebar-style":"default","ast-global-header-display":"","ast-banner-title-visibility":"","ast-main-header-display":"","ast-hfb-above-header-display":"","ast-hfb-below-header-display":"","ast-hfb-mobile-header-display":"","site-post-title":"","ast-breadcrumbs-content":"","ast-featured-img":"","footer-sml-layout":"","theme-transparent-header-meta":"","adv-header-id-meta":"","stick-header-meta":"","header-above-stick-meta":"","header-main-stick-meta":"","header-below-stick-meta":"","astra-migrate-meta-layouts":"default","ast-page-background-enabled":"default","ast-page-background-meta":{"desktop":{"background-color":"var(--ast-global-color-4)","background-image":"","background-repeat":"repeat","background-position":"center center","background-size":"auto","background-attachment":"scroll","background-type":"","background-media":"","overlay-type":"","overlay-color":"","overlay-opacity":"","overlay-gradient":""},"tablet":{"background-color":"","background-image":"","background-repeat":"repeat","background-position":"center center","background-size":"auto","background-attachment":"scroll","background-type":"","background-media":"","overlay-type":"","overlay-color":"","overlay-opacity":"","overlay-gradient":""},"mobile":{"background-color":"","background-image":"","background-repeat":"repeat","background-position":"center center","background-size":"auto","background-attachment":"scroll","background-type":"","background-media":"","overlay-type":"","overlay-color":"","overlay-opacity":"","overlay-gradient":""}},"ast-content-background-meta":{"desktop":{"background-color":"var(--ast-global-color-5)","background-image":"","background-repeat":"repeat","background-position":"center center","background-size":"auto","background-attachment":"scroll","background-type":"","background-media":"","overlay-type":"","overlay-color":"","overlay-opacity":"","overlay-gradient":""},"tablet":{"background-color":"var(--ast-global-color-5)","background-image":"","background-repeat":"repeat","background-position":"center center","background-size":"auto","background-attachment":"scroll","background-type":"","background-media":"","overlay-type":"","overlay-color":"","overlay-opacity":"","overlay-gradient":""},"mobile":{"background-color":"var(--ast-global-color-5)","background-image":"","background-repeat":"repeat","background-position":"center center","background-size":"auto","background-attachment":"scroll","background-type":"","background-media":"","overlay-type":"","overlay-color":"","overlay-opacity":"","overlay-gradient":""}}},"product_brand":[],"product_cat":[244,188,1118],"product_tag":[],"class_list":{"0":"post-340479","1":"product","2":"type-product","3":"status-publish","4":"has-post-thumbnail","6":"product_cat-france","7":"product_cat-freelancer","8":"product_cat-paris","9":"desktop-align-left","10":"tablet-align-left","11":"mobile-align-left","13":"first","14":"instock","15":"shipping-taxable","16":"product-type-simple"},"_links":{"self":[{"href":"https:\/\/poccky.com\/index.php\/wp-json\/wp\/v2\/product\/340479","targetHints":{"allow":["GET"]}}],"collection":[{"href":"https:\/\/poccky.com\/index.php\/wp-json\/wp\/v2\/product"}],"about":[{"href":"https:\/\/poccky.com\/index.php\/wp-json\/wp\/v2\/types\/product"}],"replies":[{"embeddable":true,"href":"https:\/\/poccky.com\/index.php\/wp-json\/wp\/v2\/comments?post=340479"}],"wp:featuredmedia":[{"embeddable":true,"href":"https:\/\/poccky.com\/index.php\/wp-json\/wp\/v2\/media\/117390"}],"wp:attachment":[{"href":"https:\/\/poccky.com\/index.php\/wp-json\/wp\/v2\/media?parent=340479"}],"wp:term":[{"taxonomy":"product_brand","embeddable":true,"href":"https:\/\/poccky.com\/index.php\/wp-json\/wp\/v2\/product_brand?post=340479"},{"taxonomy":"product_cat","embeddable":true,"href":"https:\/\/poccky.com\/index.php\/wp-json\/wp\/v2\/product_cat?post=340479"},{"taxonomy":"product_tag","embeddable":true,"href":"https:\/\/poccky.com\/index.php\/wp-json\/wp\/v2\/product_tag?post=340479"}],"curies":[{"name":"wp","href":"https:\/\/api.w.org\/{rel}","templated":true}]}}