{"id":340342,"date":"2023-11-07T01:14:37","date_gmt":"2023-11-07T01:14:37","guid":{"rendered":"https:\/\/poccky.com\/?post_type=product&#038;p=340342"},"modified":"2023-11-07T01:14:47","modified_gmt":"2023-11-07T01:14:47","slug":"ana-jolie-transex-2","status":"publish","type":"product","link":"https:\/\/poccky.com\/index.php\/product\/ana-jolie-transex-2\/","title":{"rendered":"Ana Jolie transex"},"content":{"rendered":"","protected":false},"excerpt":{"rendered":"<p>Escort transex Ana Jolie<\/p>\n<p>Glamoureuse . sensuelle . mais aussi passion foudroyante et d\u00e9licieusement coquine. Ana ne g\u00e9n\u00e8re que des qualificatifs \u00e9logieux par ses partenaires la compagnie et les \u00e9treintes chaudes et sensuelles vous combleront et vous conduiront \u00e0 une extase sexuelle totale !!!<\/p>\n<p>belle poitrine. bien membre\u00e9 . est active et passive. ce n&#8217;est que du bonheur !<\/p>\n<p>Venez passer un doux moment. dans un cadre discret et raffin\u00e9. afin de vivre une exp\u00e9rience sensuelle dont moi seule d\u00e9tient le secret.<br \/>\nEtant une trans distuingu\u00e9e. classe. cultiv\u00e9e. sensuelle et coquine. j&#8217;incarne le r\u00eave de tous les hommes. Laissez vous s\u00e9duire par ma douceur. ma plastique et mon \u00e9l\u00e9gance. Discr\u00e8te. rafin\u00e9e et aux d\u00e9licieuses courbes. je mettrai \u00e0 l&#8217;aise les plus timides d&#8217;entre vous. je serai l&#8217;actrice de vos r\u00eaves les plus sensuels &#8230;<\/p>\n<p>PS : Je me r\u00e9serve aux hommes de grande classe et aux gentlemen. Tel My details Below mentioned<\/p>\n<p>                Languages:<br \/>\n                fran\u00e7ais<\/p>\n<p>                Age:<br \/>\n                24<\/p>\n<p>                Height:<br \/>\n                1.73<\/p>\n<p>                Weight:<br \/>\n                66<\/p>\n<p>                Hair:<br \/>\n                brune<\/p>\n<p>                Eyes:<br \/>\n                noir<\/p>\n","protected":false},"featured_media":96492,"comment_status":"open","ping_status":"closed","template":"","meta":{"site-sidebar-layout":"default","site-content-layout":"","ast-site-content-layout":"","site-content-style":"default","site-sidebar-style":"default","ast-global-header-display":"","ast-banner-title-visibility":"","ast-main-header-display":"","ast-hfb-above-header-display":"","ast-hfb-below-header-display":"","ast-hfb-mobile-header-display":"","site-post-title":"","ast-breadcrumbs-content":"","ast-featured-img":"","footer-sml-layout":"","theme-transparent-header-meta":"","adv-header-id-meta":"","stick-header-meta":"","header-above-stick-meta":"","header-main-stick-meta":"","header-below-stick-meta":"","astra-migrate-meta-layouts":"default","ast-page-background-enabled":"default","ast-page-background-meta":{"desktop":{"background-color":"var(--ast-global-color-4)","background-image":"","background-repeat":"repeat","background-position":"center center","background-size":"auto","background-attachment":"scroll","background-type":"","background-media":"","overlay-type":"","overlay-color":"","overlay-opacity":"","overlay-gradient":""},"tablet":{"background-color":"","background-image":"","background-repeat":"repeat","background-position":"center center","background-size":"auto","background-attachment":"scroll","background-type":"","background-media":"","overlay-type":"","overlay-color":"","overlay-opacity":"","overlay-gradient":""},"mobile":{"background-color":"","background-image":"","background-repeat":"repeat","background-position":"center center","background-size":"auto","background-attachment":"scroll","background-type":"","background-media":"","overlay-type":"","overlay-color":"","overlay-opacity":"","overlay-gradient":""}},"ast-content-background-meta":{"desktop":{"background-color":"var(--ast-global-color-5)","background-image":"","background-repeat":"repeat","background-position":"center center","background-size":"auto","background-attachment":"scroll","background-type":"","background-media":"","overlay-type":"","overlay-color":"","overlay-opacity":"","overlay-gradient":""},"tablet":{"background-color":"var(--ast-global-color-5)","background-image":"","background-repeat":"repeat","background-position":"center center","background-size":"auto","background-attachment":"scroll","background-type":"","background-media":"","overlay-type":"","overlay-color":"","overlay-opacity":"","overlay-gradient":""},"mobile":{"background-color":"var(--ast-global-color-5)","background-image":"","background-repeat":"repeat","background-position":"center center","background-size":"auto","background-attachment":"scroll","background-type":"","background-media":"","overlay-type":"","overlay-color":"","overlay-opacity":"","overlay-gradient":""}}},"product_brand":[],"product_cat":[244,188,1118],"product_tag":[],"class_list":{"0":"post-340342","1":"product","2":"type-product","3":"status-publish","4":"has-post-thumbnail","6":"product_cat-france","7":"product_cat-freelancer","8":"product_cat-paris","9":"desktop-align-left","10":"tablet-align-left","11":"mobile-align-left","13":"first","14":"instock","15":"shipping-taxable","16":"product-type-simple"},"_links":{"self":[{"href":"https:\/\/poccky.com\/index.php\/wp-json\/wp\/v2\/product\/340342","targetHints":{"allow":["GET"]}}],"collection":[{"href":"https:\/\/poccky.com\/index.php\/wp-json\/wp\/v2\/product"}],"about":[{"href":"https:\/\/poccky.com\/index.php\/wp-json\/wp\/v2\/types\/product"}],"replies":[{"embeddable":true,"href":"https:\/\/poccky.com\/index.php\/wp-json\/wp\/v2\/comments?post=340342"}],"wp:featuredmedia":[{"embeddable":true,"href":"https:\/\/poccky.com\/index.php\/wp-json\/wp\/v2\/media\/96492"}],"wp:attachment":[{"href":"https:\/\/poccky.com\/index.php\/wp-json\/wp\/v2\/media?parent=340342"}],"wp:term":[{"taxonomy":"product_brand","embeddable":true,"href":"https:\/\/poccky.com\/index.php\/wp-json\/wp\/v2\/product_brand?post=340342"},{"taxonomy":"product_cat","embeddable":true,"href":"https:\/\/poccky.com\/index.php\/wp-json\/wp\/v2\/product_cat?post=340342"},{"taxonomy":"product_tag","embeddable":true,"href":"https:\/\/poccky.com\/index.php\/wp-json\/wp\/v2\/product_tag?post=340342"}],"curies":[{"name":"wp","href":"https:\/\/api.w.org\/{rel}","templated":true}]}}