{"id":340120,"date":"2023-11-07T00:38:03","date_gmt":"2023-11-07T00:38:03","guid":{"rendered":"https:\/\/poccky.com\/?post_type=product&#038;p=340120"},"modified":"2023-11-07T00:38:13","modified_gmt":"2023-11-07T00:38:13","slug":"manon-5","status":"publish","type":"product","link":"https:\/\/poccky.com\/index.php\/product\/manon-5\/","title":{"rendered":"Manon &#8211;"},"content":{"rendered":"","protected":false},"excerpt":{"rendered":"<p>Coucou moi c&#8217;est manon.je suis un joli brun de fille &#8220;fran\u00e7aise&#8221; de 36 ans.<\/p>\n<p>1m65.50k.G85A.taille 34.<\/p>\n<p>J&#8217;ai un tr\u00e8s joli visage aux l\u00e8vres pulpeuses et purpurines.une belle silhouette fine \u00e9l\u00e9gante et tonic.<\/p>\n<p>Je vous propose de me retrouver en toute discr\u00e9tion dans un cadre agr\u00e9able pour un pur moment de plaisirs partag\u00e9s.<\/p>\n<p>Pour vous donner un petit avant gout&#8230;<\/p>\n<p>Je vous prose un doux massage naturiste tantrique body-body.doux french kiss&#8230; et comme je suis une petite gourmande&#8230;j&#8217;adore l\u00e9cher et avaler les c&#8230;de mon partenaire et bien plus encore car je suis &#8220;une magnifique reine de la fellation&#8221;!<\/p>\n<p>J&#8217;aime bien me masturber lascivement devant mon partenaire et si il y a des amateurs je vous invite \u00e0 d\u00e9couvrir mon superbe massage anal et de la prostate et pourquoi ne pas s&#8217;amuser avec mon god \u00e0 des petits jeux coquins et inventifs sur vous&#8230;sur moi&#8230;aux choix.<\/p>\n<p>Bien sur.tout cela avec beaucoup de douceur et dans le respect de chacun.<\/p>\n<p>(Par contre la sodomie c&#8217;est pas mon truc.)<\/p>\n<p>Pour vous messieurs courtois et sans limite d&#8217;age (uniquement de type europ\u00e9ens).<\/p>\n<p>A bient\u00f4t. BisoudouXXX<\/p>\n<p>PS: Je ne r\u00e9ponds pas aux sms. My details Below mentioned<\/p>\n<p>                Nationality:<br \/>\n                Europ\u00e9enne <\/p>\n<p>                Languages:<br \/>\n                Fran\u00e7ais<\/p>\n<p>                Age:<br \/>\n                36<\/p>\n<p>                Height:<br \/>\n                165cm<\/p>\n<p>                Weight:<br \/>\n                50kg<\/p>\n<p>                Hair:<br \/>\n                brun<\/p>\n<p>                Eyes:<br \/>\n                Noisette<\/p>\n","protected":false},"featured_media":118669,"comment_status":"open","ping_status":"closed","template":"","meta":{"site-sidebar-layout":"default","site-content-layout":"","ast-site-content-layout":"","site-content-style":"default","site-sidebar-style":"default","ast-global-header-display":"","ast-banner-title-visibility":"","ast-main-header-display":"","ast-hfb-above-header-display":"","ast-hfb-below-header-display":"","ast-hfb-mobile-header-display":"","site-post-title":"","ast-breadcrumbs-content":"","ast-featured-img":"","footer-sml-layout":"","theme-transparent-header-meta":"","adv-header-id-meta":"","stick-header-meta":"","header-above-stick-meta":"","header-main-stick-meta":"","header-below-stick-meta":"","astra-migrate-meta-layouts":"default","ast-page-background-enabled":"default","ast-page-background-meta":{"desktop":{"background-color":"var(--ast-global-color-4)","background-image":"","background-repeat":"repeat","background-position":"center center","background-size":"auto","background-attachment":"scroll","background-type":"","background-media":"","overlay-type":"","overlay-color":"","overlay-opacity":"","overlay-gradient":""},"tablet":{"background-color":"","background-image":"","background-repeat":"repeat","background-position":"center center","background-size":"auto","background-attachment":"scroll","background-type":"","background-media":"","overlay-type":"","overlay-color":"","overlay-opacity":"","overlay-gradient":""},"mobile":{"background-color":"","background-image":"","background-repeat":"repeat","background-position":"center center","background-size":"auto","background-attachment":"scroll","background-type":"","background-media":"","overlay-type":"","overlay-color":"","overlay-opacity":"","overlay-gradient":""}},"ast-content-background-meta":{"desktop":{"background-color":"var(--ast-global-color-5)","background-image":"","background-repeat":"repeat","background-position":"center center","background-size":"auto","background-attachment":"scroll","background-type":"","background-media":"","overlay-type":"","overlay-color":"","overlay-opacity":"","overlay-gradient":""},"tablet":{"background-color":"var(--ast-global-color-5)","background-image":"","background-repeat":"repeat","background-position":"center center","background-size":"auto","background-attachment":"scroll","background-type":"","background-media":"","overlay-type":"","overlay-color":"","overlay-opacity":"","overlay-gradient":""},"mobile":{"background-color":"var(--ast-global-color-5)","background-image":"","background-repeat":"repeat","background-position":"center center","background-size":"auto","background-attachment":"scroll","background-type":"","background-media":"","overlay-type":"","overlay-color":"","overlay-opacity":"","overlay-gradient":""}}},"product_brand":[],"product_cat":[244,188,1118],"product_tag":[],"class_list":{"0":"post-340120","1":"product","2":"type-product","3":"status-publish","4":"has-post-thumbnail","6":"product_cat-france","7":"product_cat-freelancer","8":"product_cat-paris","9":"desktop-align-left","10":"tablet-align-left","11":"mobile-align-left","13":"first","14":"instock","15":"shipping-taxable","16":"product-type-simple"},"_links":{"self":[{"href":"https:\/\/poccky.com\/index.php\/wp-json\/wp\/v2\/product\/340120","targetHints":{"allow":["GET"]}}],"collection":[{"href":"https:\/\/poccky.com\/index.php\/wp-json\/wp\/v2\/product"}],"about":[{"href":"https:\/\/poccky.com\/index.php\/wp-json\/wp\/v2\/types\/product"}],"replies":[{"embeddable":true,"href":"https:\/\/poccky.com\/index.php\/wp-json\/wp\/v2\/comments?post=340120"}],"wp:featuredmedia":[{"embeddable":true,"href":"https:\/\/poccky.com\/index.php\/wp-json\/wp\/v2\/media\/118669"}],"wp:attachment":[{"href":"https:\/\/poccky.com\/index.php\/wp-json\/wp\/v2\/media?parent=340120"}],"wp:term":[{"taxonomy":"product_brand","embeddable":true,"href":"https:\/\/poccky.com\/index.php\/wp-json\/wp\/v2\/product_brand?post=340120"},{"taxonomy":"product_cat","embeddable":true,"href":"https:\/\/poccky.com\/index.php\/wp-json\/wp\/v2\/product_cat?post=340120"},{"taxonomy":"product_tag","embeddable":true,"href":"https:\/\/poccky.com\/index.php\/wp-json\/wp\/v2\/product_tag?post=340120"}],"curies":[{"name":"wp","href":"https:\/\/api.w.org\/{rel}","templated":true}]}}