{"id":340044,"date":"2023-11-07T00:25:50","date_gmt":"2023-11-07T00:25:50","guid":{"rendered":"https:\/\/poccky.com\/?post_type=product&#038;p=340044"},"modified":"2023-11-07T00:26:00","modified_gmt":"2023-11-07T00:26:00","slug":"lady-gianna-2","status":"publish","type":"product","link":"https:\/\/poccky.com\/index.php\/product\/lady-gianna-2\/","title":{"rendered":"Lady Gianna"},"content":{"rendered":"","protected":false},"excerpt":{"rendered":"<p>Femme brune \u00e0 la peau delicate et bronz\u00e9e. douce et tendre. chaude et coquine. je serais la petite amie. l&#8217;amante que vous avez toujours r\u00e9v\u00e9 d&#8217;avoir. Je vous recevrais \u00e0 mon domicile autour d&#8217;un verre pour faire connaissance et vous faire passer un moment inoubliable en ma charmante et sensuelle compagnie.<\/p>\n<p>Pour votre plaisir je pourrais me transformer selon votre volont\u00e9 en infirmi\u00e8re pour un examen des plus sensuel. en hotesse de l&#8217;air sur ma propre compagnie: charme airways. en polici\u00e8re pour un int\u00e9rrogatoire approfondi. en secr\u00e9taire particuli\u00e8re pour un entretien tr\u00e8s particulier. en soubrette pour un brin de poussi\u00e8re d&#8217;amour. en lingerie tr\u00e8s sexy. ou pour les plus t\u00e9m\u00e9raires en femme dominatrice avec une combinaison en latex pour ceux qui souhaitent des \u00e9motions un peu plus fortes.<\/p>\n<p>FK. DFK. BJ. BBJ. CBJ. COB. GFE. PSE. MSO.G OWO. GS(A). lapdance. full body sensual massage. foot fetish.<\/p>\n<p>Je vous embrasse sensuellement<\/p>\n<p>Your hot Lady My details Below mentioned<\/p>\n<p>                Languages:<br \/>\n                English.  French<\/p>\n<p>                Age:<br \/>\n                33<\/p>\n<p>                Height:<br \/>\n                166<\/p>\n<p>                Weight:<br \/>\n                55<\/p>\n<p>                Hair:<br \/>\n                Long Black<\/p>\n<p>                Eyes:<br \/>\n                Green<\/p>\n<p>                Measurements:<br \/>\n                91-62-92<\/p>\n","protected":false},"featured_media":118633,"comment_status":"open","ping_status":"closed","template":"","meta":{"site-sidebar-layout":"default","site-content-layout":"","ast-site-content-layout":"","site-content-style":"default","site-sidebar-style":"default","ast-global-header-display":"","ast-banner-title-visibility":"","ast-main-header-display":"","ast-hfb-above-header-display":"","ast-hfb-below-header-display":"","ast-hfb-mobile-header-display":"","site-post-title":"","ast-breadcrumbs-content":"","ast-featured-img":"","footer-sml-layout":"","theme-transparent-header-meta":"","adv-header-id-meta":"","stick-header-meta":"","header-above-stick-meta":"","header-main-stick-meta":"","header-below-stick-meta":"","astra-migrate-meta-layouts":"default","ast-page-background-enabled":"default","ast-page-background-meta":{"desktop":{"background-color":"var(--ast-global-color-4)","background-image":"","background-repeat":"repeat","background-position":"center center","background-size":"auto","background-attachment":"scroll","background-type":"","background-media":"","overlay-type":"","overlay-color":"","overlay-opacity":"","overlay-gradient":""},"tablet":{"background-color":"","background-image":"","background-repeat":"repeat","background-position":"center center","background-size":"auto","background-attachment":"scroll","background-type":"","background-media":"","overlay-type":"","overlay-color":"","overlay-opacity":"","overlay-gradient":""},"mobile":{"background-color":"","background-image":"","background-repeat":"repeat","background-position":"center center","background-size":"auto","background-attachment":"scroll","background-type":"","background-media":"","overlay-type":"","overlay-color":"","overlay-opacity":"","overlay-gradient":""}},"ast-content-background-meta":{"desktop":{"background-color":"var(--ast-global-color-5)","background-image":"","background-repeat":"repeat","background-position":"center center","background-size":"auto","background-attachment":"scroll","background-type":"","background-media":"","overlay-type":"","overlay-color":"","overlay-opacity":"","overlay-gradient":""},"tablet":{"background-color":"var(--ast-global-color-5)","background-image":"","background-repeat":"repeat","background-position":"center center","background-size":"auto","background-attachment":"scroll","background-type":"","background-media":"","overlay-type":"","overlay-color":"","overlay-opacity":"","overlay-gradient":""},"mobile":{"background-color":"var(--ast-global-color-5)","background-image":"","background-repeat":"repeat","background-position":"center center","background-size":"auto","background-attachment":"scroll","background-type":"","background-media":"","overlay-type":"","overlay-color":"","overlay-opacity":"","overlay-gradient":""}}},"product_brand":[],"product_cat":[244,188,1118],"product_tag":[],"class_list":{"0":"post-340044","1":"product","2":"type-product","3":"status-publish","4":"has-post-thumbnail","6":"product_cat-france","7":"product_cat-freelancer","8":"product_cat-paris","9":"desktop-align-left","10":"tablet-align-left","11":"mobile-align-left","13":"first","14":"instock","15":"shipping-taxable","16":"product-type-simple"},"_links":{"self":[{"href":"https:\/\/poccky.com\/index.php\/wp-json\/wp\/v2\/product\/340044","targetHints":{"allow":["GET"]}}],"collection":[{"href":"https:\/\/poccky.com\/index.php\/wp-json\/wp\/v2\/product"}],"about":[{"href":"https:\/\/poccky.com\/index.php\/wp-json\/wp\/v2\/types\/product"}],"replies":[{"embeddable":true,"href":"https:\/\/poccky.com\/index.php\/wp-json\/wp\/v2\/comments?post=340044"}],"wp:featuredmedia":[{"embeddable":true,"href":"https:\/\/poccky.com\/index.php\/wp-json\/wp\/v2\/media\/118633"}],"wp:attachment":[{"href":"https:\/\/poccky.com\/index.php\/wp-json\/wp\/v2\/media?parent=340044"}],"wp:term":[{"taxonomy":"product_brand","embeddable":true,"href":"https:\/\/poccky.com\/index.php\/wp-json\/wp\/v2\/product_brand?post=340044"},{"taxonomy":"product_cat","embeddable":true,"href":"https:\/\/poccky.com\/index.php\/wp-json\/wp\/v2\/product_cat?post=340044"},{"taxonomy":"product_tag","embeddable":true,"href":"https:\/\/poccky.com\/index.php\/wp-json\/wp\/v2\/product_tag?post=340044"}],"curies":[{"name":"wp","href":"https:\/\/api.w.org\/{rel}","templated":true}]}}