{"id":340012,"date":"2023-11-07T00:20:24","date_gmt":"2023-11-07T00:20:24","guid":{"rendered":"https:\/\/poccky.com\/?post_type=product&#038;p=340012"},"modified":"2023-11-07T00:20:32","modified_gmt":"2023-11-07T00:20:32","slug":"sabrina-40","status":"publish","type":"product","link":"https:\/\/poccky.com\/index.php\/product\/sabrina-40\/","title":{"rendered":"Sabrina"},"content":{"rendered":"","protected":false},"excerpt":{"rendered":"<p>Wie w\u00e4re es denn mit uns beiden? Ich bin neugierig auf M\u00e4nner. die sich beim ersten Treffen etwas zur\u00fcckhaltend geben. Dann aber wecke ich den Hengst in jedem Mann. Das w\u00fcrde ich auch gern bei Dir tun. Ganz liebevoll oder ganz st\u00fcrmisch. Mit meinem Mund in Deinem Scho\u00df oder mit dem s\u00fc\u00dfen Geheimnis zwischen meinen Beinen auf Deinem Gesicht. So wie Du es m\u00f6chtest. k\u00f6nnen wir es machen. Franz\u00f6sisch. spanisch oder griechisch. Mit Spielzeug oder mit Zauberh\u00e4nden. mit Massage oder mit kratzenden Fingern\u00e4geln. Lass Dir f\u00fcr unser Treffen etwas Tolles einfallen \u2013 ich bin sehr gespannt.<\/p>\n<p>Jetzt bin ich schon selbst ganz erregt. es ist also besser. Du beeilst Dich und kommst schnell zu mir. My details Below mentioned<\/p>\n<p>                Nationality:<br \/>\n                German <\/p>\n<p>                Languages:<br \/>\n                English. German<\/p>\n<p>                Age:<br \/>\n                25<\/p>\n<p>                Height:<br \/>\n                165<\/p>\n<p>                Weight:<br \/>\n                51<\/p>\n<p>                Hair:<br \/>\n                Brown<\/p>\n<p>                Eyes:<br \/>\n                Brown<\/p>\n<p>                Measurements:<br \/>\n                85-61-85phone_android Phone:<br \/>\n          +491746644659<\/p>\n","protected":false},"featured_media":116590,"comment_status":"open","ping_status":"closed","template":"","meta":{"site-sidebar-layout":"default","site-content-layout":"","ast-site-content-layout":"","site-content-style":"default","site-sidebar-style":"default","ast-global-header-display":"","ast-banner-title-visibility":"","ast-main-header-display":"","ast-hfb-above-header-display":"","ast-hfb-below-header-display":"","ast-hfb-mobile-header-display":"","site-post-title":"","ast-breadcrumbs-content":"","ast-featured-img":"","footer-sml-layout":"","theme-transparent-header-meta":"","adv-header-id-meta":"","stick-header-meta":"","header-above-stick-meta":"","header-main-stick-meta":"","header-below-stick-meta":"","astra-migrate-meta-layouts":"default","ast-page-background-enabled":"default","ast-page-background-meta":{"desktop":{"background-color":"var(--ast-global-color-4)","background-image":"","background-repeat":"repeat","background-position":"center center","background-size":"auto","background-attachment":"scroll","background-type":"","background-media":"","overlay-type":"","overlay-color":"","overlay-opacity":"","overlay-gradient":""},"tablet":{"background-color":"","background-image":"","background-repeat":"repeat","background-position":"center center","background-size":"auto","background-attachment":"scroll","background-type":"","background-media":"","overlay-type":"","overlay-color":"","overlay-opacity":"","overlay-gradient":""},"mobile":{"background-color":"","background-image":"","background-repeat":"repeat","background-position":"center center","background-size":"auto","background-attachment":"scroll","background-type":"","background-media":"","overlay-type":"","overlay-color":"","overlay-opacity":"","overlay-gradient":""}},"ast-content-background-meta":{"desktop":{"background-color":"var(--ast-global-color-5)","background-image":"","background-repeat":"repeat","background-position":"center center","background-size":"auto","background-attachment":"scroll","background-type":"","background-media":"","overlay-type":"","overlay-color":"","overlay-opacity":"","overlay-gradient":""},"tablet":{"background-color":"var(--ast-global-color-5)","background-image":"","background-repeat":"repeat","background-position":"center center","background-size":"auto","background-attachment":"scroll","background-type":"","background-media":"","overlay-type":"","overlay-color":"","overlay-opacity":"","overlay-gradient":""},"mobile":{"background-color":"var(--ast-global-color-5)","background-image":"","background-repeat":"repeat","background-position":"center center","background-size":"auto","background-attachment":"scroll","background-type":"","background-media":"","overlay-type":"","overlay-color":"","overlay-opacity":"","overlay-gradient":""}}},"product_brand":[],"product_cat":[996,188,811],"product_tag":[],"class_list":{"0":"post-340012","1":"product","2":"type-product","3":"status-publish","4":"has-post-thumbnail","6":"product_cat-berlin","7":"product_cat-freelancer","8":"product_cat-germany","9":"desktop-align-left","10":"tablet-align-left","11":"mobile-align-left","13":"first","14":"instock","15":"shipping-taxable","16":"product-type-simple"},"_links":{"self":[{"href":"https:\/\/poccky.com\/index.php\/wp-json\/wp\/v2\/product\/340012","targetHints":{"allow":["GET"]}}],"collection":[{"href":"https:\/\/poccky.com\/index.php\/wp-json\/wp\/v2\/product"}],"about":[{"href":"https:\/\/poccky.com\/index.php\/wp-json\/wp\/v2\/types\/product"}],"replies":[{"embeddable":true,"href":"https:\/\/poccky.com\/index.php\/wp-json\/wp\/v2\/comments?post=340012"}],"wp:featuredmedia":[{"embeddable":true,"href":"https:\/\/poccky.com\/index.php\/wp-json\/wp\/v2\/media\/116590"}],"wp:attachment":[{"href":"https:\/\/poccky.com\/index.php\/wp-json\/wp\/v2\/media?parent=340012"}],"wp:term":[{"taxonomy":"product_brand","embeddable":true,"href":"https:\/\/poccky.com\/index.php\/wp-json\/wp\/v2\/product_brand?post=340012"},{"taxonomy":"product_cat","embeddable":true,"href":"https:\/\/poccky.com\/index.php\/wp-json\/wp\/v2\/product_cat?post=340012"},{"taxonomy":"product_tag","embeddable":true,"href":"https:\/\/poccky.com\/index.php\/wp-json\/wp\/v2\/product_tag?post=340012"}],"curies":[{"name":"wp","href":"https:\/\/api.w.org\/{rel}","templated":true}]}}