{"id":339972,"date":"2023-11-07T00:13:33","date_gmt":"2023-11-07T00:13:33","guid":{"rendered":"https:\/\/poccky.com\/?post_type=product&#038;p=339972"},"modified":"2023-11-07T00:13:38","modified_gmt":"2023-11-07T00:13:38","slug":"sarahsexy24-2","status":"publish","type":"product","link":"https:\/\/poccky.com\/index.php\/product\/sarahsexy24-2\/","title":{"rendered":"SarahSexy24"},"content":{"rendered":"","protected":false},"excerpt":{"rendered":"<p>Ich bin neu in Zurich. Nur fur dich . wir can haben so fill spass. in eine shone ambiente . ich bin hubsch und natural . ich liebe sex und bei mir alles is moglich . alles mit ruhig ohne breeziert. ich warte fur dich. Nymphomanin. 24Jahre . habe den Sex vor ein paar Jahren entdeckt und kann nicht genug kriegen!! M\u00f6chtest du mich vernaschen?? Ich werde dich wie einen K\u00f6nig bedienen. Ich kann kaum auf deinen Schwanz warten. 30Min 100 und 60Min 200 Ich bin eine echte Nymphomanin und ich m\u00f6chte immer sexy f\u00fcr dich sein. sexy Unterw\u00e4sche. Str\u00fcmpfe High-heels. Alle meine Fantasien m\u00f6chte ich ausleben! Ich bin tabulos und liebe FRANZ TOTAL!!! M\u00f6chtest du mit mir in allen m\u00f6glichen Stellungen ficken? Oder mich lieber von hinten ficken?? Meine kleinen spitzen Br\u00fcste ber\u00fchren und meine enge. feuchte Muschi lecken. w\u00e4hrend ich deinen harten geilen Schwanz in meinem Mund habe? Ja. das liebe ich auch.. Und dann kannst Du alles auf meinen K\u00f6rper oder ins Gesicht spritzen.. hmmm.. Komm in meine Welt und erlebe mit mir gemeinsam das Sch\u00f6nste aus unseren Tr\u00e4umen!! Ich biete dir vieles.Also komm und fick mich richtig durch. Kiss Kiss deine s\u00fcsse junge aber verdorbene Ruby. PS: Oder willst Du endlich mal mit zwei heissen Girls ausprobieren? Meine blonde geile Kollegin macht gerne mit!! Wir sind echt geil und machen alles mit. was Du willst. Dildoshow. anal. Spermaschlucken &#8211; einfach alles! Und ich gucke Euch zu und masturbiere dazu.. Hmmmm.. Komm doch vorbei und realisiereDeine heimlichen Tr\u00e4ume!<br \/>\nPreise &#8211; keine Zuschl\u00e4ge f\u00fcr Extras<br \/>\nKeine Aufpreise. keine Extras. keine Tricks. keine \u00dcberraschungen. keine T\u00e4uschung durch tiefe Preisangaben. keine Diskussionen oder Nachforderungen w\u00e4hrend oder nach dem Service: Bei uns bezahlst du nie einzelne Leistungen oder \u00abBausteine\u00bb. Deine W\u00fcnsche sollen sich ja auch spontan entwickeln und \u00e4ndern k\u00f6nnen. Deshalb geh\u00f6ren bei uns alle \u00fcblichen Spiele und Praktiken dazu und du bezahlst ausschliesslich die genossene Zeit mit deinem Girl. Informiere dich hier auf der Webseite oder bei unserer Empfangsdame vor Ort. wer welchen Service anbietet. My details Below mentioned<\/p>\n<p>                Nationality:<br \/>\n                Ungarn <\/p>\n<p>                Languages:<br \/>\n                English Spanish Italian<\/p>\n<p>                Age:<br \/>\n                24<\/p>\n<p>                Height:<br \/>\n                173<\/p>\n<p>                Weight:<br \/>\n                55<\/p>\n<p>                Hair:<br \/>\n                long blonde<\/p>\n<p>                Eyes:<br \/>\n                Blue<\/p>\n<p>                Measurements:<br \/>\n                87- 92 &#8211; 89phone_android Phone:<br \/>\n          0779760013<\/p>\n","protected":false},"featured_media":93585,"comment_status":"open","ping_status":"closed","template":"","meta":{"site-sidebar-layout":"default","site-content-layout":"","ast-site-content-layout":"","site-content-style":"default","site-sidebar-style":"default","ast-global-header-display":"","ast-banner-title-visibility":"","ast-main-header-display":"","ast-hfb-above-header-display":"","ast-hfb-below-header-display":"","ast-hfb-mobile-header-display":"","site-post-title":"","ast-breadcrumbs-content":"","ast-featured-img":"","footer-sml-layout":"","theme-transparent-header-meta":"","adv-header-id-meta":"","stick-header-meta":"","header-above-stick-meta":"","header-main-stick-meta":"","header-below-stick-meta":"","astra-migrate-meta-layouts":"default","ast-page-background-enabled":"default","ast-page-background-meta":{"desktop":{"background-color":"var(--ast-global-color-4)","background-image":"","background-repeat":"repeat","background-position":"center center","background-size":"auto","background-attachment":"scroll","background-type":"","background-media":"","overlay-type":"","overlay-color":"","overlay-opacity":"","overlay-gradient":""},"tablet":{"background-color":"","background-image":"","background-repeat":"repeat","background-position":"center center","background-size":"auto","background-attachment":"scroll","background-type":"","background-media":"","overlay-type":"","overlay-color":"","overlay-opacity":"","overlay-gradient":""},"mobile":{"background-color":"","background-image":"","background-repeat":"repeat","background-position":"center center","background-size":"auto","background-attachment":"scroll","background-type":"","background-media":"","overlay-type":"","overlay-color":"","overlay-opacity":"","overlay-gradient":""}},"ast-content-background-meta":{"desktop":{"background-color":"var(--ast-global-color-5)","background-image":"","background-repeat":"repeat","background-position":"center center","background-size":"auto","background-attachment":"scroll","background-type":"","background-media":"","overlay-type":"","overlay-color":"","overlay-opacity":"","overlay-gradient":""},"tablet":{"background-color":"var(--ast-global-color-5)","background-image":"","background-repeat":"repeat","background-position":"center center","background-size":"auto","background-attachment":"scroll","background-type":"","background-media":"","overlay-type":"","overlay-color":"","overlay-opacity":"","overlay-gradient":""},"mobile":{"background-color":"var(--ast-global-color-5)","background-image":"","background-repeat":"repeat","background-position":"center center","background-size":"auto","background-attachment":"scroll","background-type":"","background-media":"","overlay-type":"","overlay-color":"","overlay-opacity":"","overlay-gradient":""}}},"product_brand":[],"product_cat":[188,958,1127],"product_tag":[],"class_list":{"0":"post-339972","1":"product","2":"type-product","3":"status-publish","4":"has-post-thumbnail","6":"product_cat-freelancer","7":"product_cat-switzerland","8":"product_cat-zurich","9":"desktop-align-left","10":"tablet-align-left","11":"mobile-align-left","13":"first","14":"instock","15":"shipping-taxable","16":"product-type-simple"},"_links":{"self":[{"href":"https:\/\/poccky.com\/index.php\/wp-json\/wp\/v2\/product\/339972","targetHints":{"allow":["GET"]}}],"collection":[{"href":"https:\/\/poccky.com\/index.php\/wp-json\/wp\/v2\/product"}],"about":[{"href":"https:\/\/poccky.com\/index.php\/wp-json\/wp\/v2\/types\/product"}],"replies":[{"embeddable":true,"href":"https:\/\/poccky.com\/index.php\/wp-json\/wp\/v2\/comments?post=339972"}],"wp:featuredmedia":[{"embeddable":true,"href":"https:\/\/poccky.com\/index.php\/wp-json\/wp\/v2\/media\/93585"}],"wp:attachment":[{"href":"https:\/\/poccky.com\/index.php\/wp-json\/wp\/v2\/media?parent=339972"}],"wp:term":[{"taxonomy":"product_brand","embeddable":true,"href":"https:\/\/poccky.com\/index.php\/wp-json\/wp\/v2\/product_brand?post=339972"},{"taxonomy":"product_cat","embeddable":true,"href":"https:\/\/poccky.com\/index.php\/wp-json\/wp\/v2\/product_cat?post=339972"},{"taxonomy":"product_tag","embeddable":true,"href":"https:\/\/poccky.com\/index.php\/wp-json\/wp\/v2\/product_tag?post=339972"}],"curies":[{"name":"wp","href":"https:\/\/api.w.org\/{rel}","templated":true}]}}