{"id":339915,"date":"2023-11-07T00:04:08","date_gmt":"2023-11-07T00:04:08","guid":{"rendered":"https:\/\/poccky.com\/?post_type=product&#038;p=339915"},"modified":"2023-11-07T00:04:10","modified_gmt":"2023-11-07T00:04:10","slug":"melissa-43","status":"publish","type":"product","link":"https:\/\/poccky.com\/index.php\/product\/melissa-43\/","title":{"rendered":"Melissa"},"content":{"rendered":"","protected":false},"excerpt":{"rendered":"<p>Hej. h\u00e4r har ni en 32 \u00e5rig mogen kvinna.<br \/>\n\u00c4r du en genuin man som s\u00f6ker det d\u00e4r lilla extra s\u00e5 \u00e4r jag n\u00e5got f\u00f6r dig. Det kan vara allt fr\u00e5n massage. en avkoppling efter en stressig arbetsdag etc. Jag vill po\u00e4ngtera att jag inte \u00e4r n\u00e5gon l\u00f6pande band eskort utan tr\u00e4ffar f\u00e5 noga UTVALDA trevliga m\u00e4n. Jag f\u00f6redrar kvalitet f\u00f6re kvantitet. Jag \u00e4r kvinna och f\u00f6rv\u00e4ntar mig bli behandlad som en lady. S\u00e5 var en gentleman n\u00e4r du ringer. Uppskattar m\u00e4n med stil och klass. I v\u00e5ra tr\u00e4ffar kommer jag var totalt fokuserad p\u00e5 dig.<br \/>\nDu \u00e4r en man av nordiskt ursprung och behandlar kvinnor respektfullt oavsett under vilka f\u00f6ruts\u00e4ttningar man tr\u00e4ffas. Jag skickar inga bilder p\u00e5 mig sj\u00e4lv. Jag hoppas att ni f\u00f6rst\u00e5r det. Ni vill vara anonyma och det vill jag ocks\u00e5. Om du vill att jag kommer till dig f\u00e5r du st\u00e5 f\u00f6r taxi. Jag finns i n\u00e4rheten av Solna.<br \/>\nMelissa My details Below mentioned<\/p>\n<p>                Nationality:<br \/>\n                Swedish <\/p>\n<p>                Languages:<br \/>\n                Swedish<\/p>\n<p>                Age:<br \/>\n                30<\/p>\n<p>                Height:<br \/>\n                170<\/p>\n<p>                Weight:<br \/>\n                63<\/p>\n<p>                Hair:<br \/>\n                Brown<\/p>\n<p>                Eyes:<br \/>\n                Brownphone_android Phone:<br \/>\n          0736869189<\/p>\n","protected":false},"featured_media":118274,"comment_status":"open","ping_status":"closed","template":"","meta":{"site-sidebar-layout":"default","site-content-layout":"","ast-site-content-layout":"","site-content-style":"default","site-sidebar-style":"default","ast-global-header-display":"","ast-banner-title-visibility":"","ast-main-header-display":"","ast-hfb-above-header-display":"","ast-hfb-below-header-display":"","ast-hfb-mobile-header-display":"","site-post-title":"","ast-breadcrumbs-content":"","ast-featured-img":"","footer-sml-layout":"","theme-transparent-header-meta":"","adv-header-id-meta":"","stick-header-meta":"","header-above-stick-meta":"","header-main-stick-meta":"","header-below-stick-meta":"","astra-migrate-meta-layouts":"default","ast-page-background-enabled":"default","ast-page-background-meta":{"desktop":{"background-color":"var(--ast-global-color-4)","background-image":"","background-repeat":"repeat","background-position":"center center","background-size":"auto","background-attachment":"scroll","background-type":"","background-media":"","overlay-type":"","overlay-color":"","overlay-opacity":"","overlay-gradient":""},"tablet":{"background-color":"","background-image":"","background-repeat":"repeat","background-position":"center center","background-size":"auto","background-attachment":"scroll","background-type":"","background-media":"","overlay-type":"","overlay-color":"","overlay-opacity":"","overlay-gradient":""},"mobile":{"background-color":"","background-image":"","background-repeat":"repeat","background-position":"center center","background-size":"auto","background-attachment":"scroll","background-type":"","background-media":"","overlay-type":"","overlay-color":"","overlay-opacity":"","overlay-gradient":""}},"ast-content-background-meta":{"desktop":{"background-color":"var(--ast-global-color-5)","background-image":"","background-repeat":"repeat","background-position":"center center","background-size":"auto","background-attachment":"scroll","background-type":"","background-media":"","overlay-type":"","overlay-color":"","overlay-opacity":"","overlay-gradient":""},"tablet":{"background-color":"var(--ast-global-color-5)","background-image":"","background-repeat":"repeat","background-position":"center center","background-size":"auto","background-attachment":"scroll","background-type":"","background-media":"","overlay-type":"","overlay-color":"","overlay-opacity":"","overlay-gradient":""},"mobile":{"background-color":"var(--ast-global-color-5)","background-image":"","background-repeat":"repeat","background-position":"center center","background-size":"auto","background-attachment":"scroll","background-type":"","background-media":"","overlay-type":"","overlay-color":"","overlay-opacity":"","overlay-gradient":""}}},"product_brand":[],"product_cat":[188,1115,957],"product_tag":[],"class_list":{"0":"post-339915","1":"product","2":"type-product","3":"status-publish","4":"has-post-thumbnail","6":"product_cat-freelancer","7":"product_cat-stockholm","8":"product_cat-sweden","9":"desktop-align-left","10":"tablet-align-left","11":"mobile-align-left","13":"first","14":"instock","15":"shipping-taxable","16":"product-type-simple"},"_links":{"self":[{"href":"https:\/\/poccky.com\/index.php\/wp-json\/wp\/v2\/product\/339915","targetHints":{"allow":["GET"]}}],"collection":[{"href":"https:\/\/poccky.com\/index.php\/wp-json\/wp\/v2\/product"}],"about":[{"href":"https:\/\/poccky.com\/index.php\/wp-json\/wp\/v2\/types\/product"}],"replies":[{"embeddable":true,"href":"https:\/\/poccky.com\/index.php\/wp-json\/wp\/v2\/comments?post=339915"}],"wp:featuredmedia":[{"embeddable":true,"href":"https:\/\/poccky.com\/index.php\/wp-json\/wp\/v2\/media\/118274"}],"wp:attachment":[{"href":"https:\/\/poccky.com\/index.php\/wp-json\/wp\/v2\/media?parent=339915"}],"wp:term":[{"taxonomy":"product_brand","embeddable":true,"href":"https:\/\/poccky.com\/index.php\/wp-json\/wp\/v2\/product_brand?post=339915"},{"taxonomy":"product_cat","embeddable":true,"href":"https:\/\/poccky.com\/index.php\/wp-json\/wp\/v2\/product_cat?post=339915"},{"taxonomy":"product_tag","embeddable":true,"href":"https:\/\/poccky.com\/index.php\/wp-json\/wp\/v2\/product_tag?post=339915"}],"curies":[{"name":"wp","href":"https:\/\/api.w.org\/{rel}","templated":true}]}}