{"id":339776,"date":"2023-11-06T23:40:20","date_gmt":"2023-11-06T23:40:20","guid":{"rendered":"https:\/\/poccky.com\/?post_type=product&#038;p=339776"},"modified":"2023-11-06T23:40:31","modified_gmt":"2023-11-06T23:40:31","slug":"inga-12","status":"publish","type":"product","link":"https:\/\/poccky.com\/index.php\/product\/inga-12\/","title":{"rendered":"Inga"},"content":{"rendered":"","protected":false},"excerpt":{"rendered":"<p>Pour les hommes qui appr\u00e9cient les rencontres de qualit\u00e9s ! Je suis tr\u00e8s facile \u00e0 vivre et adore profiter de rencontrer de nouvelles personnes. J&#8217;appr\u00e9cie les messieurs aimables. confiant et respectueux. Je n&#8217;aime pas l&#8217;agression. les mauvaises mani\u00e8res et le manque d&#8217;hygi\u00e8ne. Je suis une escorte de grande qualit\u00e9 . de sorte que notre temps pass\u00e9 ensemble sera 100% discret et sans pr\u00e9cipitation. Je pr\u00e9f\u00e8re certainement la qualit\u00e9 \u00e0 la quantit\u00e9. si vous \u00eates comment moi Je vous attends ;)))<\/p>\n<p>For gentlemen that appreciate high standards !As a person I am very easy-going and always enjoy meeting new people. I appreciate kind. confident and respectful gentlemen. I do not like aggression. poor manners and poor hygiene. I&#8217;m high class escort girl. so our time spent together will be 100% discreet and unrushed. I most definitely prefer quality versus quantity. if you feel the same I would love to hear from you. My details Below mentioned<\/p>\n<p>                Nationality:<br \/>\n                Belarusian <\/p>\n<p>                Languages:<br \/>\n                English<\/p>\n<p>                Age:<br \/>\n                19<\/p>\n<p>                Height:<br \/>\n                157 cm<\/p>\n<p>                Weight:<br \/>\n                45 kg<\/p>\n<p>                Hair:<br \/>\n                BLOND<\/p>\n<p>                Eyes:<br \/>\n                VERT<\/p>\n<p>                Measurements:<br \/>\n                90-55-85Companionship rates:<\/p>\n<p>                  2 hours rate<br \/>\n                  450 EUR<\/p>\n<p>                  full night rate<br \/>\n                  1200 EUR<\/p>\n","protected":false},"featured_media":93017,"comment_status":"open","ping_status":"closed","template":"","meta":{"site-sidebar-layout":"default","site-content-layout":"","ast-site-content-layout":"","site-content-style":"default","site-sidebar-style":"default","ast-global-header-display":"","ast-banner-title-visibility":"","ast-main-header-display":"","ast-hfb-above-header-display":"","ast-hfb-below-header-display":"","ast-hfb-mobile-header-display":"","site-post-title":"","ast-breadcrumbs-content":"","ast-featured-img":"","footer-sml-layout":"","theme-transparent-header-meta":"","adv-header-id-meta":"","stick-header-meta":"","header-above-stick-meta":"","header-main-stick-meta":"","header-below-stick-meta":"","astra-migrate-meta-layouts":"default","ast-page-background-enabled":"default","ast-page-background-meta":{"desktop":{"background-color":"var(--ast-global-color-4)","background-image":"","background-repeat":"repeat","background-position":"center center","background-size":"auto","background-attachment":"scroll","background-type":"","background-media":"","overlay-type":"","overlay-color":"","overlay-opacity":"","overlay-gradient":""},"tablet":{"background-color":"","background-image":"","background-repeat":"repeat","background-position":"center center","background-size":"auto","background-attachment":"scroll","background-type":"","background-media":"","overlay-type":"","overlay-color":"","overlay-opacity":"","overlay-gradient":""},"mobile":{"background-color":"","background-image":"","background-repeat":"repeat","background-position":"center center","background-size":"auto","background-attachment":"scroll","background-type":"","background-media":"","overlay-type":"","overlay-color":"","overlay-opacity":"","overlay-gradient":""}},"ast-content-background-meta":{"desktop":{"background-color":"var(--ast-global-color-5)","background-image":"","background-repeat":"repeat","background-position":"center center","background-size":"auto","background-attachment":"scroll","background-type":"","background-media":"","overlay-type":"","overlay-color":"","overlay-opacity":"","overlay-gradient":""},"tablet":{"background-color":"var(--ast-global-color-5)","background-image":"","background-repeat":"repeat","background-position":"center center","background-size":"auto","background-attachment":"scroll","background-type":"","background-media":"","overlay-type":"","overlay-color":"","overlay-opacity":"","overlay-gradient":""},"mobile":{"background-color":"var(--ast-global-color-5)","background-image":"","background-repeat":"repeat","background-position":"center center","background-size":"auto","background-attachment":"scroll","background-type":"","background-media":"","overlay-type":"","overlay-color":"","overlay-opacity":"","overlay-gradient":""}}},"product_brand":[],"product_cat":[244,188,1118],"product_tag":[],"class_list":{"0":"post-339776","1":"product","2":"type-product","3":"status-publish","4":"has-post-thumbnail","6":"product_cat-france","7":"product_cat-freelancer","8":"product_cat-paris","9":"desktop-align-left","10":"tablet-align-left","11":"mobile-align-left","13":"first","14":"instock","15":"shipping-taxable","16":"product-type-simple"},"_links":{"self":[{"href":"https:\/\/poccky.com\/index.php\/wp-json\/wp\/v2\/product\/339776","targetHints":{"allow":["GET"]}}],"collection":[{"href":"https:\/\/poccky.com\/index.php\/wp-json\/wp\/v2\/product"}],"about":[{"href":"https:\/\/poccky.com\/index.php\/wp-json\/wp\/v2\/types\/product"}],"replies":[{"embeddable":true,"href":"https:\/\/poccky.com\/index.php\/wp-json\/wp\/v2\/comments?post=339776"}],"wp:featuredmedia":[{"embeddable":true,"href":"https:\/\/poccky.com\/index.php\/wp-json\/wp\/v2\/media\/93017"}],"wp:attachment":[{"href":"https:\/\/poccky.com\/index.php\/wp-json\/wp\/v2\/media?parent=339776"}],"wp:term":[{"taxonomy":"product_brand","embeddable":true,"href":"https:\/\/poccky.com\/index.php\/wp-json\/wp\/v2\/product_brand?post=339776"},{"taxonomy":"product_cat","embeddable":true,"href":"https:\/\/poccky.com\/index.php\/wp-json\/wp\/v2\/product_cat?post=339776"},{"taxonomy":"product_tag","embeddable":true,"href":"https:\/\/poccky.com\/index.php\/wp-json\/wp\/v2\/product_tag?post=339776"}],"curies":[{"name":"wp","href":"https:\/\/api.w.org\/{rel}","templated":true}]}}