{"id":339705,"date":"2023-11-06T23:27:43","date_gmt":"2023-11-06T23:27:43","guid":{"rendered":"https:\/\/poccky.com\/?post_type=product&#038;p=339705"},"modified":"2023-11-06T23:27:49","modified_gmt":"2023-11-06T23:27:49","slug":"helena-26","status":"publish","type":"product","link":"https:\/\/poccky.com\/index.php\/product\/helena-26\/","title":{"rendered":"Helena"},"content":{"rendered":"","protected":false},"excerpt":{"rendered":"<p>Bonjour!<br \/>\nJe me pr\u00e9sente H\u00e9l\u00e9na.<br \/>\nJ&#8217;ai 29 ans. grande blonde. je vous invite pour un moment d\u00e9licieux dans mon compagnie chez moi pr\u00e9s des Champs Elys\u00e9e.Je pratique un massage \u00e9rotique:c&#8217;est la stimulation sensuelle de tout le corps provoqu\u00e9e par un toucher doux et enveloppant.Le but n&#8217;est plus une satisfaction \u00e9ph\u00e9m\u00e8re dans la lib\u00e9ration rapide de l&#8217;\u00e9nergie sexuelle mais. une merveilleuse sensation d\u2019\u00eatre travers\u00e9 par une onde de vie joyeuse et p\u00e9tillante.<br \/>\nMes jambes interminables.mes sains sont naturelles et parfaites .Je porte un beau lingerie et les les talons hauts. le strip-tease envo\u00fbtant et mon regard vous rendront fou de moi! Appelez moi au:.<br \/>\n250 Roses\/ 1h.<br \/>\nA bient\u00f4t!<br \/>\nHELENA<br \/>\nHello. i&#8217;m inviting you for tantric massage. relaxing and sensual 250e for 1hour.<br \/>\nNear Champs Elys\u00e9e.<br \/>\nSee you!<br \/>\nHelena. My details Below mentioned<\/p>\n<p>                Nationality:<br \/>\n                french <\/p>\n<p>                Languages:<br \/>\n                ENGLISH. FRENCH<\/p>\n<p>                Age:<br \/>\n                28<\/p>\n<p>                Height:<br \/>\n                175cm<\/p>\n<p>                Weight:<br \/>\n                61<\/p>\n<p>                Hair:<br \/>\n                Long blonde<\/p>\n<p>                Eyes:<br \/>\n                GREEN<\/p>\n<p>                Measurements:<br \/>\n                85C-63-93<\/p>\n","protected":false},"featured_media":118239,"comment_status":"open","ping_status":"closed","template":"","meta":{"site-sidebar-layout":"default","site-content-layout":"","ast-site-content-layout":"","site-content-style":"default","site-sidebar-style":"default","ast-global-header-display":"","ast-banner-title-visibility":"","ast-main-header-display":"","ast-hfb-above-header-display":"","ast-hfb-below-header-display":"","ast-hfb-mobile-header-display":"","site-post-title":"","ast-breadcrumbs-content":"","ast-featured-img":"","footer-sml-layout":"","theme-transparent-header-meta":"","adv-header-id-meta":"","stick-header-meta":"","header-above-stick-meta":"","header-main-stick-meta":"","header-below-stick-meta":"","astra-migrate-meta-layouts":"default","ast-page-background-enabled":"default","ast-page-background-meta":{"desktop":{"background-color":"var(--ast-global-color-4)","background-image":"","background-repeat":"repeat","background-position":"center center","background-size":"auto","background-attachment":"scroll","background-type":"","background-media":"","overlay-type":"","overlay-color":"","overlay-opacity":"","overlay-gradient":""},"tablet":{"background-color":"","background-image":"","background-repeat":"repeat","background-position":"center center","background-size":"auto","background-attachment":"scroll","background-type":"","background-media":"","overlay-type":"","overlay-color":"","overlay-opacity":"","overlay-gradient":""},"mobile":{"background-color":"","background-image":"","background-repeat":"repeat","background-position":"center center","background-size":"auto","background-attachment":"scroll","background-type":"","background-media":"","overlay-type":"","overlay-color":"","overlay-opacity":"","overlay-gradient":""}},"ast-content-background-meta":{"desktop":{"background-color":"var(--ast-global-color-5)","background-image":"","background-repeat":"repeat","background-position":"center center","background-size":"auto","background-attachment":"scroll","background-type":"","background-media":"","overlay-type":"","overlay-color":"","overlay-opacity":"","overlay-gradient":""},"tablet":{"background-color":"var(--ast-global-color-5)","background-image":"","background-repeat":"repeat","background-position":"center center","background-size":"auto","background-attachment":"scroll","background-type":"","background-media":"","overlay-type":"","overlay-color":"","overlay-opacity":"","overlay-gradient":""},"mobile":{"background-color":"var(--ast-global-color-5)","background-image":"","background-repeat":"repeat","background-position":"center center","background-size":"auto","background-attachment":"scroll","background-type":"","background-media":"","overlay-type":"","overlay-color":"","overlay-opacity":"","overlay-gradient":""}}},"product_brand":[],"product_cat":[244,188,1118],"product_tag":[],"class_list":{"0":"post-339705","1":"product","2":"type-product","3":"status-publish","4":"has-post-thumbnail","6":"product_cat-france","7":"product_cat-freelancer","8":"product_cat-paris","9":"desktop-align-left","10":"tablet-align-left","11":"mobile-align-left","13":"first","14":"instock","15":"shipping-taxable","16":"product-type-simple"},"_links":{"self":[{"href":"https:\/\/poccky.com\/index.php\/wp-json\/wp\/v2\/product\/339705","targetHints":{"allow":["GET"]}}],"collection":[{"href":"https:\/\/poccky.com\/index.php\/wp-json\/wp\/v2\/product"}],"about":[{"href":"https:\/\/poccky.com\/index.php\/wp-json\/wp\/v2\/types\/product"}],"replies":[{"embeddable":true,"href":"https:\/\/poccky.com\/index.php\/wp-json\/wp\/v2\/comments?post=339705"}],"wp:featuredmedia":[{"embeddable":true,"href":"https:\/\/poccky.com\/index.php\/wp-json\/wp\/v2\/media\/118239"}],"wp:attachment":[{"href":"https:\/\/poccky.com\/index.php\/wp-json\/wp\/v2\/media?parent=339705"}],"wp:term":[{"taxonomy":"product_brand","embeddable":true,"href":"https:\/\/poccky.com\/index.php\/wp-json\/wp\/v2\/product_brand?post=339705"},{"taxonomy":"product_cat","embeddable":true,"href":"https:\/\/poccky.com\/index.php\/wp-json\/wp\/v2\/product_cat?post=339705"},{"taxonomy":"product_tag","embeddable":true,"href":"https:\/\/poccky.com\/index.php\/wp-json\/wp\/v2\/product_tag?post=339705"}],"curies":[{"name":"wp","href":"https:\/\/api.w.org\/{rel}","templated":true}]}}