{"id":339461,"date":"2023-11-06T22:46:59","date_gmt":"2023-11-06T22:46:59","guid":{"rendered":"https:\/\/poccky.com\/?post_type=product&#038;p=339461"},"modified":"2023-11-06T22:47:03","modified_gmt":"2023-11-06T22:47:03","slug":"isabella-39","status":"publish","type":"product","link":"https:\/\/poccky.com\/index.php\/product\/isabella-39\/","title":{"rendered":"Isabella"},"content":{"rendered":"","protected":false},"excerpt":{"rendered":"<p>Venez d\u00e9couvrir a Paris une ravissante escort girl blonde ag\u00e9e de 28 ans.<\/p>\n<p>Typiquement parisienne. d\u2019un naturel joyeux. Isabella est une call girl occasionnelle et ind\u00e9pendante qui possede un corps doux et charnel. des cheveux blonds et de ravissants yeux vert tr\u00e9s coquins.<\/p>\n<p>Prete a jouer le jeu de la s\u00e9duction .tr\u00e9s GFE. Isabella est une accompagnatrice de luxe qui peut se d\u00e9placer pour une heure ou pour une soir\u00e9e a votre convenance afin de vous faire partager des moments magiques : d\u00e9couverte du tout &#8220;Paris By Night&#8221; et de ses soir\u00e9es branch\u00e9es a moins que votre d\u00e9sir ne soit de la garder pour un d\u00eener en tete a tete afin de passer des moments de d\u00e9tente et d&#8217;intimit\u00e9.<\/p>\n<p>Isabella peut se deplacer a votre hotel ou votre domicile et vous accompagner lors de vos d\u00e9placements en France et a l&#8217;\u00e9tranger My details Below mentioned<\/p>\n<p>                Nationality:<br \/>\n                fran\u00e7aise <\/p>\n<p>                Languages:<br \/>\n                anglais. fran\u00e7ais<\/p>\n<p>                Age:<br \/>\n                30<\/p>\n<p>                Height:<br \/>\n                172cm<\/p>\n<p>                Weight:<br \/>\n                58kg<\/p>\n<p>                Hair:<br \/>\n                longe blonde<\/p>\n<p>                Eyes:<br \/>\n                green<\/p>\n<p>                Measurements:<br \/>\n                95-62-90<\/p>\n","protected":false},"featured_media":93772,"comment_status":"open","ping_status":"closed","template":"","meta":{"site-sidebar-layout":"default","site-content-layout":"","ast-site-content-layout":"","site-content-style":"default","site-sidebar-style":"default","ast-global-header-display":"","ast-banner-title-visibility":"","ast-main-header-display":"","ast-hfb-above-header-display":"","ast-hfb-below-header-display":"","ast-hfb-mobile-header-display":"","site-post-title":"","ast-breadcrumbs-content":"","ast-featured-img":"","footer-sml-layout":"","theme-transparent-header-meta":"","adv-header-id-meta":"","stick-header-meta":"","header-above-stick-meta":"","header-main-stick-meta":"","header-below-stick-meta":"","astra-migrate-meta-layouts":"default","ast-page-background-enabled":"default","ast-page-background-meta":{"desktop":{"background-color":"var(--ast-global-color-4)","background-image":"","background-repeat":"repeat","background-position":"center center","background-size":"auto","background-attachment":"scroll","background-type":"","background-media":"","overlay-type":"","overlay-color":"","overlay-opacity":"","overlay-gradient":""},"tablet":{"background-color":"","background-image":"","background-repeat":"repeat","background-position":"center center","background-size":"auto","background-attachment":"scroll","background-type":"","background-media":"","overlay-type":"","overlay-color":"","overlay-opacity":"","overlay-gradient":""},"mobile":{"background-color":"","background-image":"","background-repeat":"repeat","background-position":"center center","background-size":"auto","background-attachment":"scroll","background-type":"","background-media":"","overlay-type":"","overlay-color":"","overlay-opacity":"","overlay-gradient":""}},"ast-content-background-meta":{"desktop":{"background-color":"var(--ast-global-color-5)","background-image":"","background-repeat":"repeat","background-position":"center center","background-size":"auto","background-attachment":"scroll","background-type":"","background-media":"","overlay-type":"","overlay-color":"","overlay-opacity":"","overlay-gradient":""},"tablet":{"background-color":"var(--ast-global-color-5)","background-image":"","background-repeat":"repeat","background-position":"center center","background-size":"auto","background-attachment":"scroll","background-type":"","background-media":"","overlay-type":"","overlay-color":"","overlay-opacity":"","overlay-gradient":""},"mobile":{"background-color":"var(--ast-global-color-5)","background-image":"","background-repeat":"repeat","background-position":"center center","background-size":"auto","background-attachment":"scroll","background-type":"","background-media":"","overlay-type":"","overlay-color":"","overlay-opacity":"","overlay-gradient":""}}},"product_brand":[],"product_cat":[244,188,1118],"product_tag":[],"class_list":{"0":"post-339461","1":"product","2":"type-product","3":"status-publish","4":"has-post-thumbnail","6":"product_cat-france","7":"product_cat-freelancer","8":"product_cat-paris","9":"desktop-align-left","10":"tablet-align-left","11":"mobile-align-left","13":"first","14":"instock","15":"shipping-taxable","16":"product-type-simple"},"_links":{"self":[{"href":"https:\/\/poccky.com\/index.php\/wp-json\/wp\/v2\/product\/339461","targetHints":{"allow":["GET"]}}],"collection":[{"href":"https:\/\/poccky.com\/index.php\/wp-json\/wp\/v2\/product"}],"about":[{"href":"https:\/\/poccky.com\/index.php\/wp-json\/wp\/v2\/types\/product"}],"replies":[{"embeddable":true,"href":"https:\/\/poccky.com\/index.php\/wp-json\/wp\/v2\/comments?post=339461"}],"wp:featuredmedia":[{"embeddable":true,"href":"https:\/\/poccky.com\/index.php\/wp-json\/wp\/v2\/media\/93772"}],"wp:attachment":[{"href":"https:\/\/poccky.com\/index.php\/wp-json\/wp\/v2\/media?parent=339461"}],"wp:term":[{"taxonomy":"product_brand","embeddable":true,"href":"https:\/\/poccky.com\/index.php\/wp-json\/wp\/v2\/product_brand?post=339461"},{"taxonomy":"product_cat","embeddable":true,"href":"https:\/\/poccky.com\/index.php\/wp-json\/wp\/v2\/product_cat?post=339461"},{"taxonomy":"product_tag","embeddable":true,"href":"https:\/\/poccky.com\/index.php\/wp-json\/wp\/v2\/product_tag?post=339461"}],"curies":[{"name":"wp","href":"https:\/\/api.w.org\/{rel}","templated":true}]}}