{"id":339352,"date":"2023-11-06T22:27:51","date_gmt":"2023-11-06T22:27:51","guid":{"rendered":"https:\/\/poccky.com\/?post_type=product&#038;p=339352"},"modified":"2023-11-06T22:28:01","modified_gmt":"2023-11-06T22:28:01","slug":"larissa-17","status":"publish","type":"product","link":"https:\/\/poccky.com\/index.php\/product\/larissa-17\/","title":{"rendered":"LARISSA"},"content":{"rendered":"","protected":false},"excerpt":{"rendered":"<p>Ich liebe wilden Sex. meine Leidenschaften. sind bei dir.. Zungeanal. Anal . Zungenk\u00fcsse. Eierlecken Ich bin f\u00fcr alles offen. was deine und meine Fantasie verlangt. Dein Saft in meinem Mund zu sp\u00fcren. Deine Domina zu sein. wilder Sex. wilde Orgasmus. meine Zunge in allen deinen L\u00f6chern zu sp\u00fcren. Mein wilder Sex ist einmalig so das du mich nicht vergesen kannst und Sensucht nach mir hast. Ich bin die neueste Sex Medizin f\u00fcr deine Seele&#8230;<\/p>\n<p>Bei mir kriegst du 3 Massagen in einem. Zuerst sinnliche streicheleinheiten wie du es magst. Dann eine tief entspannende Massage und eine K\u00f6rper\/K\u00f6rper Massage der Superlativen. Auch eine Lingam Massage bei welcher die erotische Energie immer wieder im K\u00f6rper verteilt wird. Ahh welch ein Gef\u00fchl. Als Abschluss wird dein K\u00f6rper und deine Seele harmonisiert und ausgeglichen. Meine Body-Body Tantra Massagen entf\u00fchren Dich in die Welt der Sinnlichkeit. My details Below mentioned<\/p>\n","protected":false},"featured_media":94975,"comment_status":"open","ping_status":"closed","template":"","meta":{"site-sidebar-layout":"default","site-content-layout":"","ast-site-content-layout":"","site-content-style":"default","site-sidebar-style":"default","ast-global-header-display":"","ast-banner-title-visibility":"","ast-main-header-display":"","ast-hfb-above-header-display":"","ast-hfb-below-header-display":"","ast-hfb-mobile-header-display":"","site-post-title":"","ast-breadcrumbs-content":"","ast-featured-img":"","footer-sml-layout":"","theme-transparent-header-meta":"","adv-header-id-meta":"","stick-header-meta":"","header-above-stick-meta":"","header-main-stick-meta":"","header-below-stick-meta":"","astra-migrate-meta-layouts":"default","ast-page-background-enabled":"default","ast-page-background-meta":{"desktop":{"background-color":"var(--ast-global-color-4)","background-image":"","background-repeat":"repeat","background-position":"center center","background-size":"auto","background-attachment":"scroll","background-type":"","background-media":"","overlay-type":"","overlay-color":"","overlay-opacity":"","overlay-gradient":""},"tablet":{"background-color":"","background-image":"","background-repeat":"repeat","background-position":"center center","background-size":"auto","background-attachment":"scroll","background-type":"","background-media":"","overlay-type":"","overlay-color":"","overlay-opacity":"","overlay-gradient":""},"mobile":{"background-color":"","background-image":"","background-repeat":"repeat","background-position":"center center","background-size":"auto","background-attachment":"scroll","background-type":"","background-media":"","overlay-type":"","overlay-color":"","overlay-opacity":"","overlay-gradient":""}},"ast-content-background-meta":{"desktop":{"background-color":"var(--ast-global-color-5)","background-image":"","background-repeat":"repeat","background-position":"center center","background-size":"auto","background-attachment":"scroll","background-type":"","background-media":"","overlay-type":"","overlay-color":"","overlay-opacity":"","overlay-gradient":""},"tablet":{"background-color":"var(--ast-global-color-5)","background-image":"","background-repeat":"repeat","background-position":"center center","background-size":"auto","background-attachment":"scroll","background-type":"","background-media":"","overlay-type":"","overlay-color":"","overlay-opacity":"","overlay-gradient":""},"mobile":{"background-color":"var(--ast-global-color-5)","background-image":"","background-repeat":"repeat","background-position":"center center","background-size":"auto","background-attachment":"scroll","background-type":"","background-media":"","overlay-type":"","overlay-color":"","overlay-opacity":"","overlay-gradient":""}}},"product_brand":[],"product_cat":[188,958,1127],"product_tag":[],"class_list":{"0":"post-339352","1":"product","2":"type-product","3":"status-publish","4":"has-post-thumbnail","6":"product_cat-freelancer","7":"product_cat-switzerland","8":"product_cat-zurich","9":"desktop-align-left","10":"tablet-align-left","11":"mobile-align-left","13":"first","14":"instock","15":"shipping-taxable","16":"product-type-simple"},"_links":{"self":[{"href":"https:\/\/poccky.com\/index.php\/wp-json\/wp\/v2\/product\/339352","targetHints":{"allow":["GET"]}}],"collection":[{"href":"https:\/\/poccky.com\/index.php\/wp-json\/wp\/v2\/product"}],"about":[{"href":"https:\/\/poccky.com\/index.php\/wp-json\/wp\/v2\/types\/product"}],"replies":[{"embeddable":true,"href":"https:\/\/poccky.com\/index.php\/wp-json\/wp\/v2\/comments?post=339352"}],"wp:featuredmedia":[{"embeddable":true,"href":"https:\/\/poccky.com\/index.php\/wp-json\/wp\/v2\/media\/94975"}],"wp:attachment":[{"href":"https:\/\/poccky.com\/index.php\/wp-json\/wp\/v2\/media?parent=339352"}],"wp:term":[{"taxonomy":"product_brand","embeddable":true,"href":"https:\/\/poccky.com\/index.php\/wp-json\/wp\/v2\/product_brand?post=339352"},{"taxonomy":"product_cat","embeddable":true,"href":"https:\/\/poccky.com\/index.php\/wp-json\/wp\/v2\/product_cat?post=339352"},{"taxonomy":"product_tag","embeddable":true,"href":"https:\/\/poccky.com\/index.php\/wp-json\/wp\/v2\/product_tag?post=339352"}],"curies":[{"name":"wp","href":"https:\/\/api.w.org\/{rel}","templated":true}]}}