{"id":338823,"date":"2023-11-06T20:41:10","date_gmt":"2023-11-06T20:41:10","guid":{"rendered":"https:\/\/poccky.com\/?post_type=product&#038;p=338823"},"modified":"2023-11-06T20:41:12","modified_gmt":"2023-11-06T20:41:12","slug":"accompagnatrice-haut-de-gamme-4","status":"publish","type":"product","link":"https:\/\/poccky.com\/index.php\/product\/accompagnatrice-haut-de-gamme-4\/","title":{"rendered":"Accompagnatrice haut de gamme"},"content":{"rendered":"","protected":false},"excerpt":{"rendered":"<p>Accompagnatrice Paris. Distingu\u00e9e par nature. et s\u00fbre de mon raffinement physique et intellectuel. je suis une belle femme de 36 ans. accompagnatrice \u00e0 Paris. cultiv\u00e9e et \u00e9l\u00e9gante. Je suis dispos\u00e9e \u00e0 vous accompagner pour d\u00e9couvrir ensemble les plus belles adresses de Paris et partager des centres d&#8217;int\u00e9r\u00eats communs pour conjuguer \u00e9l\u00e9gance et qualit\u00e9. dans un total respect mutuel.<\/p>\n<p>Parisienne dans l&#8217;\u00e2me. je suis passionn\u00e9e de culture et j&#8217;appr\u00e9cie les \u00e9v\u00e8nements d&#8217;affaires. la gastronomie. les loisirs cr\u00e9atifs. et tous les aspects de l&#8217;Art de Vivre dans une dimension intellectuelle. et la plus parfaite \u00e9ducation.<\/p>\n<p>Mon originalit\u00e9 r\u00e9side dans mes exigences vis-\u00e0 vis de moi m\u00eame autant que de mes interlocuteurs. quand \u00e0 la classe et \u00e0 l&#8217;\u00e9ducation.<\/p>\n<p>Connaisseuse en la mati\u00e8re. je peux vous servir de guide. ou r\u00e9server pour vous des adresses si vous portez \u00e0 ma connaissance vos go\u00fbts musicaux. vos domaines de pr\u00e9dilection. vos pr\u00e9f\u00e9rences de sorties :<\/p>\n<p>Spectacles. expositions.<br \/>\nConcerts. Th\u00e9\u00e2tre<br \/>\nOp\u00e9ras.Vernissages.<br \/>\nActivit\u00e9s sportives ou culturelles.D\u00e9jeuners d&#8217;affaires.<br \/>\nCocktails. Inaugurations.<br \/>\nMeetings.<br \/>\nActivit\u00e9s artistiques. loisirs<br \/>\nLieux \u00e0 visiter<\/p>\n<p>Je saurai m&#8217;adapter \u00e0 toutes les situations qui rentrent dans ce cadre. My details Below mentioned<\/p>\n<p>                Nationality:<br \/>\n                Francaise <\/p>\n<p>                Languages:<br \/>\n                Francaise.  English<\/p>\n<p>                Age:<br \/>\n                36<\/p>\n<p>                Height:<br \/>\n                166<\/p>\n<p>                Weight:<br \/>\n                50<\/p>\n<p>                Hair:<br \/>\n                Brune<\/p>\n<p>                Eyes:<br \/>\n                Marrons<\/p>\n<p>                Measurements:<br \/>\n                85-60-88<\/p>\n","protected":false},"featured_media":104674,"comment_status":"open","ping_status":"closed","template":"","meta":{"site-sidebar-layout":"default","site-content-layout":"","ast-site-content-layout":"","site-content-style":"default","site-sidebar-style":"default","ast-global-header-display":"","ast-banner-title-visibility":"","ast-main-header-display":"","ast-hfb-above-header-display":"","ast-hfb-below-header-display":"","ast-hfb-mobile-header-display":"","site-post-title":"","ast-breadcrumbs-content":"","ast-featured-img":"","footer-sml-layout":"","theme-transparent-header-meta":"","adv-header-id-meta":"","stick-header-meta":"","header-above-stick-meta":"","header-main-stick-meta":"","header-below-stick-meta":"","astra-migrate-meta-layouts":"default","ast-page-background-enabled":"default","ast-page-background-meta":{"desktop":{"background-color":"var(--ast-global-color-4)","background-image":"","background-repeat":"repeat","background-position":"center center","background-size":"auto","background-attachment":"scroll","background-type":"","background-media":"","overlay-type":"","overlay-color":"","overlay-opacity":"","overlay-gradient":""},"tablet":{"background-color":"","background-image":"","background-repeat":"repeat","background-position":"center center","background-size":"auto","background-attachment":"scroll","background-type":"","background-media":"","overlay-type":"","overlay-color":"","overlay-opacity":"","overlay-gradient":""},"mobile":{"background-color":"","background-image":"","background-repeat":"repeat","background-position":"center center","background-size":"auto","background-attachment":"scroll","background-type":"","background-media":"","overlay-type":"","overlay-color":"","overlay-opacity":"","overlay-gradient":""}},"ast-content-background-meta":{"desktop":{"background-color":"var(--ast-global-color-5)","background-image":"","background-repeat":"repeat","background-position":"center center","background-size":"auto","background-attachment":"scroll","background-type":"","background-media":"","overlay-type":"","overlay-color":"","overlay-opacity":"","overlay-gradient":""},"tablet":{"background-color":"var(--ast-global-color-5)","background-image":"","background-repeat":"repeat","background-position":"center center","background-size":"auto","background-attachment":"scroll","background-type":"","background-media":"","overlay-type":"","overlay-color":"","overlay-opacity":"","overlay-gradient":""},"mobile":{"background-color":"var(--ast-global-color-5)","background-image":"","background-repeat":"repeat","background-position":"center center","background-size":"auto","background-attachment":"scroll","background-type":"","background-media":"","overlay-type":"","overlay-color":"","overlay-opacity":"","overlay-gradient":""}}},"product_brand":[],"product_cat":[244,188,1118],"product_tag":[],"class_list":{"0":"post-338823","1":"product","2":"type-product","3":"status-publish","4":"has-post-thumbnail","6":"product_cat-france","7":"product_cat-freelancer","8":"product_cat-paris","9":"desktop-align-left","10":"tablet-align-left","11":"mobile-align-left","13":"first","14":"instock","15":"shipping-taxable","16":"product-type-simple"},"_links":{"self":[{"href":"https:\/\/poccky.com\/index.php\/wp-json\/wp\/v2\/product\/338823","targetHints":{"allow":["GET"]}}],"collection":[{"href":"https:\/\/poccky.com\/index.php\/wp-json\/wp\/v2\/product"}],"about":[{"href":"https:\/\/poccky.com\/index.php\/wp-json\/wp\/v2\/types\/product"}],"replies":[{"embeddable":true,"href":"https:\/\/poccky.com\/index.php\/wp-json\/wp\/v2\/comments?post=338823"}],"wp:featuredmedia":[{"embeddable":true,"href":"https:\/\/poccky.com\/index.php\/wp-json\/wp\/v2\/media\/104674"}],"wp:attachment":[{"href":"https:\/\/poccky.com\/index.php\/wp-json\/wp\/v2\/media?parent=338823"}],"wp:term":[{"taxonomy":"product_brand","embeddable":true,"href":"https:\/\/poccky.com\/index.php\/wp-json\/wp\/v2\/product_brand?post=338823"},{"taxonomy":"product_cat","embeddable":true,"href":"https:\/\/poccky.com\/index.php\/wp-json\/wp\/v2\/product_cat?post=338823"},{"taxonomy":"product_tag","embeddable":true,"href":"https:\/\/poccky.com\/index.php\/wp-json\/wp\/v2\/product_tag?post=338823"}],"curies":[{"name":"wp","href":"https:\/\/api.w.org\/{rel}","templated":true}]}}