{"id":338398,"date":"2023-11-06T14:50:20","date_gmt":"2023-11-06T14:50:20","guid":{"rendered":"https:\/\/poccky.com\/?post_type=product&#038;p=338398"},"modified":"2023-11-06T14:50:26","modified_gmt":"2023-11-06T14:50:26","slug":"sensuella-isabella-2","status":"publish","type":"product","link":"https:\/\/poccky.com\/index.php\/product\/sensuella-isabella-2\/","title":{"rendered":"Sensuella Isabella"},"content":{"rendered":"","protected":false},"excerpt":{"rendered":"<p>Hej!<\/p>\n<p>M\u00f6t en vacker ung svensk brunett med modellutseende. 173 cm. 53 kg.<br \/>\nMin personlighet \u00e4r s\u00f6t. sensuell. varm. social och tillm\u00f6tesg\u00e5ende.<br \/>\nJag s\u00f6ker di.G diskret gentleman f\u00f6r en h\u00e4rlig tr\u00e4ff d\u00e4r vi b\u00e5da f\u00e5r en njutbar stund tillsammans.<\/p>\n<p>Hello.<\/p>\n<p>Meet a beautiful young Swedish brunette with model looks. 173 cm. 53 kg.<br \/>\nMy personality is sweet. sensual. warm. social and accommodating.<br \/>\nI seek you. discreet gentleman for a great meeting where we both get an enjoyable time together.<\/p>\n<p>Din g\u00e5va till mi.G your gift:<\/p>\n<p>30 min: 2500<br \/>\n1 h: 3000<br \/>\n2 h: 6000<\/p>\n<p>Hur\/Var: Endast OUTCALL. du st\u00e5r f\u00f6r resa. f\u00e5r g\u00e4rna h\u00e4mta och l\u00e4mna mig.<\/p>\n<p>How\/Where: Only OUTCALL. you pay for the trip. or you can come and pick me\/leave me.<\/p>\n<p>Ser fram emot ett m\u00f6te tillsammans med dig! Varma kramar. Isabella<\/p>\n<p>Looking forward meeting you! Warm hugs. Isabella My details Below mentioned<\/p>\n<p>                Nationality:<br \/>\n                Swedish <\/p>\n<p>                Languages:<br \/>\n                English.  Swedish<\/p>\n<p>                Age:<br \/>\n                23<\/p>\n<p>                Height:<br \/>\n                173<\/p>\n<p>                Weight:<br \/>\n                53<\/p>\n<p>                Hair:<br \/>\n                brunett<\/p>\n<p>                Eyes:<br \/>\n                lightbrown<\/p>\n<p>                Measurements:<br \/>\n                0760-963525phone_android Phone:<br \/>\n          0760963525<\/p>\n","protected":false},"featured_media":105932,"comment_status":"open","ping_status":"closed","template":"","meta":{"site-sidebar-layout":"default","site-content-layout":"","ast-site-content-layout":"","site-content-style":"default","site-sidebar-style":"default","ast-global-header-display":"","ast-banner-title-visibility":"","ast-main-header-display":"","ast-hfb-above-header-display":"","ast-hfb-below-header-display":"","ast-hfb-mobile-header-display":"","site-post-title":"","ast-breadcrumbs-content":"","ast-featured-img":"","footer-sml-layout":"","theme-transparent-header-meta":"","adv-header-id-meta":"","stick-header-meta":"","header-above-stick-meta":"","header-main-stick-meta":"","header-below-stick-meta":"","astra-migrate-meta-layouts":"default","ast-page-background-enabled":"default","ast-page-background-meta":{"desktop":{"background-color":"var(--ast-global-color-4)","background-image":"","background-repeat":"repeat","background-position":"center center","background-size":"auto","background-attachment":"scroll","background-type":"","background-media":"","overlay-type":"","overlay-color":"","overlay-opacity":"","overlay-gradient":""},"tablet":{"background-color":"","background-image":"","background-repeat":"repeat","background-position":"center center","background-size":"auto","background-attachment":"scroll","background-type":"","background-media":"","overlay-type":"","overlay-color":"","overlay-opacity":"","overlay-gradient":""},"mobile":{"background-color":"","background-image":"","background-repeat":"repeat","background-position":"center center","background-size":"auto","background-attachment":"scroll","background-type":"","background-media":"","overlay-type":"","overlay-color":"","overlay-opacity":"","overlay-gradient":""}},"ast-content-background-meta":{"desktop":{"background-color":"var(--ast-global-color-5)","background-image":"","background-repeat":"repeat","background-position":"center center","background-size":"auto","background-attachment":"scroll","background-type":"","background-media":"","overlay-type":"","overlay-color":"","overlay-opacity":"","overlay-gradient":""},"tablet":{"background-color":"var(--ast-global-color-5)","background-image":"","background-repeat":"repeat","background-position":"center center","background-size":"auto","background-attachment":"scroll","background-type":"","background-media":"","overlay-type":"","overlay-color":"","overlay-opacity":"","overlay-gradient":""},"mobile":{"background-color":"var(--ast-global-color-5)","background-image":"","background-repeat":"repeat","background-position":"center center","background-size":"auto","background-attachment":"scroll","background-type":"","background-media":"","overlay-type":"","overlay-color":"","overlay-opacity":"","overlay-gradient":""}}},"product_brand":[],"product_cat":[188,1115,957],"product_tag":[],"class_list":{"0":"post-338398","1":"product","2":"type-product","3":"status-publish","4":"has-post-thumbnail","6":"product_cat-freelancer","7":"product_cat-stockholm","8":"product_cat-sweden","9":"desktop-align-left","10":"tablet-align-left","11":"mobile-align-left","13":"first","14":"instock","15":"shipping-taxable","16":"product-type-simple"},"_links":{"self":[{"href":"https:\/\/poccky.com\/index.php\/wp-json\/wp\/v2\/product\/338398","targetHints":{"allow":["GET"]}}],"collection":[{"href":"https:\/\/poccky.com\/index.php\/wp-json\/wp\/v2\/product"}],"about":[{"href":"https:\/\/poccky.com\/index.php\/wp-json\/wp\/v2\/types\/product"}],"replies":[{"embeddable":true,"href":"https:\/\/poccky.com\/index.php\/wp-json\/wp\/v2\/comments?post=338398"}],"wp:featuredmedia":[{"embeddable":true,"href":"https:\/\/poccky.com\/index.php\/wp-json\/wp\/v2\/media\/105932"}],"wp:attachment":[{"href":"https:\/\/poccky.com\/index.php\/wp-json\/wp\/v2\/media?parent=338398"}],"wp:term":[{"taxonomy":"product_brand","embeddable":true,"href":"https:\/\/poccky.com\/index.php\/wp-json\/wp\/v2\/product_brand?post=338398"},{"taxonomy":"product_cat","embeddable":true,"href":"https:\/\/poccky.com\/index.php\/wp-json\/wp\/v2\/product_cat?post=338398"},{"taxonomy":"product_tag","embeddable":true,"href":"https:\/\/poccky.com\/index.php\/wp-json\/wp\/v2\/product_tag?post=338398"}],"curies":[{"name":"wp","href":"https:\/\/api.w.org\/{rel}","templated":true}]}}