{"id":338380,"date":"2023-11-06T14:46:47","date_gmt":"2023-11-06T14:46:47","guid":{"rendered":"https:\/\/poccky.com\/?post_type=product&#038;p=338380"},"modified":"2023-11-06T14:46:56","modified_gmt":"2023-11-06T14:46:56","slug":"pamela-rus-2","status":"publish","type":"product","link":"https:\/\/poccky.com\/index.php\/product\/pamela-rus-2\/","title":{"rendered":"Pamela Rus"},"content":{"rendered":"","protected":false},"excerpt":{"rendered":"<p>Bonjour. Je suis PAMELA.Jolie femme RUSSE de 1.75 pour 57kg tr\u00e8s douce qui adore les massages.je suis disponible a Paris . je saurais vous offrir un agr\u00e9able moment de d\u00e9tente sans aucune prise de t\u00eate et vous faire oublier votre quotidien qui se veut parfois ennuyeux. Pour un rdv vous pouvez me joindre par t\u00e9l\u00e9phone \u00e0 toutes heures de la journ\u00e9e les rendez vous se prennent 1h avant.. Afin que nous puissions convenir d&#8217;un commun accord .des conditions de notre rencontre. Laissez Vous Tenter Vous ne Serez pas D\u00e9\u00e7u!!! A bient\u00f4t.bisous My details Below mentioned<\/p>\n<p>                Nationality:<br \/>\n                Russian <\/p>\n<p>                Languages:<br \/>\n                English. french<\/p>\n<p>                Age:<br \/>\n                25<\/p>\n<p>                Height:<br \/>\n                175<\/p>\n<p>                Weight:<br \/>\n                55<\/p>\n<p>                Hair:<br \/>\n                Long blonde<\/p>\n<p>                Eyes:<br \/>\n                Green<\/p>\n<p>                Measurements:<br \/>\n                90-60-92<\/p>\n","protected":false},"featured_media":104567,"comment_status":"open","ping_status":"closed","template":"","meta":{"site-sidebar-layout":"default","site-content-layout":"","ast-site-content-layout":"","site-content-style":"default","site-sidebar-style":"default","ast-global-header-display":"","ast-banner-title-visibility":"","ast-main-header-display":"","ast-hfb-above-header-display":"","ast-hfb-below-header-display":"","ast-hfb-mobile-header-display":"","site-post-title":"","ast-breadcrumbs-content":"","ast-featured-img":"","footer-sml-layout":"","theme-transparent-header-meta":"","adv-header-id-meta":"","stick-header-meta":"","header-above-stick-meta":"","header-main-stick-meta":"","header-below-stick-meta":"","astra-migrate-meta-layouts":"default","ast-page-background-enabled":"default","ast-page-background-meta":{"desktop":{"background-color":"var(--ast-global-color-4)","background-image":"","background-repeat":"repeat","background-position":"center center","background-size":"auto","background-attachment":"scroll","background-type":"","background-media":"","overlay-type":"","overlay-color":"","overlay-opacity":"","overlay-gradient":""},"tablet":{"background-color":"","background-image":"","background-repeat":"repeat","background-position":"center center","background-size":"auto","background-attachment":"scroll","background-type":"","background-media":"","overlay-type":"","overlay-color":"","overlay-opacity":"","overlay-gradient":""},"mobile":{"background-color":"","background-image":"","background-repeat":"repeat","background-position":"center center","background-size":"auto","background-attachment":"scroll","background-type":"","background-media":"","overlay-type":"","overlay-color":"","overlay-opacity":"","overlay-gradient":""}},"ast-content-background-meta":{"desktop":{"background-color":"var(--ast-global-color-5)","background-image":"","background-repeat":"repeat","background-position":"center center","background-size":"auto","background-attachment":"scroll","background-type":"","background-media":"","overlay-type":"","overlay-color":"","overlay-opacity":"","overlay-gradient":""},"tablet":{"background-color":"var(--ast-global-color-5)","background-image":"","background-repeat":"repeat","background-position":"center center","background-size":"auto","background-attachment":"scroll","background-type":"","background-media":"","overlay-type":"","overlay-color":"","overlay-opacity":"","overlay-gradient":""},"mobile":{"background-color":"var(--ast-global-color-5)","background-image":"","background-repeat":"repeat","background-position":"center center","background-size":"auto","background-attachment":"scroll","background-type":"","background-media":"","overlay-type":"","overlay-color":"","overlay-opacity":"","overlay-gradient":""}}},"product_brand":[],"product_cat":[244,188,1118],"product_tag":[],"class_list":{"0":"post-338380","1":"product","2":"type-product","3":"status-publish","4":"has-post-thumbnail","6":"product_cat-france","7":"product_cat-freelancer","8":"product_cat-paris","9":"desktop-align-left","10":"tablet-align-left","11":"mobile-align-left","13":"first","14":"instock","15":"shipping-taxable","16":"product-type-simple"},"_links":{"self":[{"href":"https:\/\/poccky.com\/index.php\/wp-json\/wp\/v2\/product\/338380","targetHints":{"allow":["GET"]}}],"collection":[{"href":"https:\/\/poccky.com\/index.php\/wp-json\/wp\/v2\/product"}],"about":[{"href":"https:\/\/poccky.com\/index.php\/wp-json\/wp\/v2\/types\/product"}],"replies":[{"embeddable":true,"href":"https:\/\/poccky.com\/index.php\/wp-json\/wp\/v2\/comments?post=338380"}],"wp:featuredmedia":[{"embeddable":true,"href":"https:\/\/poccky.com\/index.php\/wp-json\/wp\/v2\/media\/104567"}],"wp:attachment":[{"href":"https:\/\/poccky.com\/index.php\/wp-json\/wp\/v2\/media?parent=338380"}],"wp:term":[{"taxonomy":"product_brand","embeddable":true,"href":"https:\/\/poccky.com\/index.php\/wp-json\/wp\/v2\/product_brand?post=338380"},{"taxonomy":"product_cat","embeddable":true,"href":"https:\/\/poccky.com\/index.php\/wp-json\/wp\/v2\/product_cat?post=338380"},{"taxonomy":"product_tag","embeddable":true,"href":"https:\/\/poccky.com\/index.php\/wp-json\/wp\/v2\/product_tag?post=338380"}],"curies":[{"name":"wp","href":"https:\/\/api.w.org\/{rel}","templated":true}]}}