{"id":337904,"date":"2023-11-06T13:02:16","date_gmt":"2023-11-06T13:02:16","guid":{"rendered":"https:\/\/poccky.com\/?post_type=product&#038;p=337904"},"modified":"2023-11-06T13:02:28","modified_gmt":"2023-11-06T13:02:28","slug":"simone-7","status":"publish","type":"product","link":"https:\/\/poccky.com\/index.php\/product\/simone-7\/","title":{"rendered":"Simone"},"content":{"rendered":"","protected":false},"excerpt":{"rendered":"<p>Hei. Jeg er en jente p\u00e5 23 \u00e5r fra ESTLAND Jeg er utdannet sykepleier og kan ta vare p\u00e5 deg p\u00e5 alle m\u00e5ter jeg er blond og naturlig har fine og faste former. Tilbyr deg en kjempe oplevelse og en sikker tid sammen med meg. Ikke v\u00c3\u00a6r redd for \u00e5 ringe til meg. Det er ikke noe som kommer i veien mellom oss. Hilsen&#8230;&#8230;.. Gutter. klemm<\/p>\n<p>Hey. I am a girl of 23 years from ESTONIA I am a trained nurse and take care of you in every way I am naturally blonde and has nice and solid forms.<br \/>\nOffering you a huge oplevelse and safe time with me.<br \/>\n\u00c2 Do not be afraid to call me.<br \/>\n\u00c2 It&#8217;s not something that gets in the way between us.<br \/>\nYours &#8230;&#8230;.. Boys. Clips My details Below mentioned<\/p>\n<p>                Nationality:<br \/>\n                ESTONIA <\/p>\n<p>                Languages:<br \/>\n                ENGLISH<\/p>\n<p>                Age:<br \/>\n                26<\/p>\n<p>                Height:<br \/>\n                163<\/p>\n<p>                Weight:<br \/>\n                49<\/p>\n<p>                Hair:<br \/>\n                brown<\/p>\n<p>                Eyes:<br \/>\n                BLUEphone_android Phone:<br \/>\n          48671898<\/p>\n","protected":false},"featured_media":106642,"comment_status":"open","ping_status":"closed","template":"","meta":{"site-sidebar-layout":"default","site-content-layout":"","ast-site-content-layout":"","site-content-style":"default","site-sidebar-style":"default","ast-global-header-display":"","ast-banner-title-visibility":"","ast-main-header-display":"","ast-hfb-above-header-display":"","ast-hfb-below-header-display":"","ast-hfb-mobile-header-display":"","site-post-title":"","ast-breadcrumbs-content":"","ast-featured-img":"","footer-sml-layout":"","theme-transparent-header-meta":"","adv-header-id-meta":"","stick-header-meta":"","header-above-stick-meta":"","header-main-stick-meta":"","header-below-stick-meta":"","astra-migrate-meta-layouts":"default","ast-page-background-enabled":"default","ast-page-background-meta":{"desktop":{"background-color":"var(--ast-global-color-4)","background-image":"","background-repeat":"repeat","background-position":"center center","background-size":"auto","background-attachment":"scroll","background-type":"","background-media":"","overlay-type":"","overlay-color":"","overlay-opacity":"","overlay-gradient":""},"tablet":{"background-color":"","background-image":"","background-repeat":"repeat","background-position":"center center","background-size":"auto","background-attachment":"scroll","background-type":"","background-media":"","overlay-type":"","overlay-color":"","overlay-opacity":"","overlay-gradient":""},"mobile":{"background-color":"","background-image":"","background-repeat":"repeat","background-position":"center center","background-size":"auto","background-attachment":"scroll","background-type":"","background-media":"","overlay-type":"","overlay-color":"","overlay-opacity":"","overlay-gradient":""}},"ast-content-background-meta":{"desktop":{"background-color":"var(--ast-global-color-5)","background-image":"","background-repeat":"repeat","background-position":"center center","background-size":"auto","background-attachment":"scroll","background-type":"","background-media":"","overlay-type":"","overlay-color":"","overlay-opacity":"","overlay-gradient":""},"tablet":{"background-color":"var(--ast-global-color-5)","background-image":"","background-repeat":"repeat","background-position":"center center","background-size":"auto","background-attachment":"scroll","background-type":"","background-media":"","overlay-type":"","overlay-color":"","overlay-opacity":"","overlay-gradient":""},"mobile":{"background-color":"var(--ast-global-color-5)","background-image":"","background-repeat":"repeat","background-position":"center center","background-size":"auto","background-attachment":"scroll","background-type":"","background-media":"","overlay-type":"","overlay-color":"","overlay-opacity":"","overlay-gradient":""}}},"product_brand":[],"product_cat":[188,803,804],"product_tag":[],"class_list":{"0":"post-337904","1":"product","2":"type-product","3":"status-publish","4":"has-post-thumbnail","6":"product_cat-freelancer","7":"product_cat-norway","8":"product_cat-oslo","9":"desktop-align-left","10":"tablet-align-left","11":"mobile-align-left","13":"first","14":"instock","15":"shipping-taxable","16":"product-type-simple"},"_links":{"self":[{"href":"https:\/\/poccky.com\/index.php\/wp-json\/wp\/v2\/product\/337904","targetHints":{"allow":["GET"]}}],"collection":[{"href":"https:\/\/poccky.com\/index.php\/wp-json\/wp\/v2\/product"}],"about":[{"href":"https:\/\/poccky.com\/index.php\/wp-json\/wp\/v2\/types\/product"}],"replies":[{"embeddable":true,"href":"https:\/\/poccky.com\/index.php\/wp-json\/wp\/v2\/comments?post=337904"}],"wp:featuredmedia":[{"embeddable":true,"href":"https:\/\/poccky.com\/index.php\/wp-json\/wp\/v2\/media\/106642"}],"wp:attachment":[{"href":"https:\/\/poccky.com\/index.php\/wp-json\/wp\/v2\/media?parent=337904"}],"wp:term":[{"taxonomy":"product_brand","embeddable":true,"href":"https:\/\/poccky.com\/index.php\/wp-json\/wp\/v2\/product_brand?post=337904"},{"taxonomy":"product_cat","embeddable":true,"href":"https:\/\/poccky.com\/index.php\/wp-json\/wp\/v2\/product_cat?post=337904"},{"taxonomy":"product_tag","embeddable":true,"href":"https:\/\/poccky.com\/index.php\/wp-json\/wp\/v2\/product_tag?post=337904"}],"curies":[{"name":"wp","href":"https:\/\/api.w.org\/{rel}","templated":true}]}}