{"id":337762,"date":"2023-11-06T12:33:13","date_gmt":"2023-11-06T12:33:13","guid":{"rendered":"https:\/\/poccky.com\/?post_type=product&#038;p=337762"},"modified":"2023-11-06T12:33:17","modified_gmt":"2023-11-06T12:33:17","slug":"sweat_love-2","status":"publish","type":"product","link":"https:\/\/poccky.com\/index.php\/product\/sweat_love-2\/","title":{"rendered":"Sweat_love"},"content":{"rendered":"","protected":false},"excerpt":{"rendered":"<p>Hej&#8230; min slav. V\u00e4lkommen till PARADIS!!!<br \/>\nAvsugning? Snabbis enkelt het och h\u00e4rligt! Sensuell massage med H-E!<br \/>\nTjej s\u00f6t.smal.sexy.slimbody. cute face. bruna\u00f6gon. svarta h\u00e5r. Tr\u00e4nar dagligen. trevlig och superhot!!!<br \/>\n\u00c5r:34\u00e5r<br \/>\nL\u00e4ngd:145cm<br \/>\nBr\u00f6st:75A<\/p>\n<p>Jag kan passa in b\u00e5de i s\u00e4ngen som \u00e4lskarinna f\u00f6r trevlig underbar stund. Passa in med f\u00f6r dina aff\u00e4rslunchen om du \u00e4r ensam men beh\u00f6ver s\u00e4llskap. Har h\u00f6g social IQ. Kan underh\u00e5lla i n\u00e4stan alla \u00e4mne. Kan perfekt engelska. svenska.<br \/>\nKommer till dig ren och fr\u00e4sch. Tr\u00e4ffar som du bli inte besviken av. Allt \u00e4r enligt \u00d6K!<br \/>\nM\u00f6te hemma hos dig eller hotell som du st\u00e5r f\u00f6r.Diskretion 100 % \u00e4r sj\u00e4lvklart!Allt med kondom!<br \/>\nVill du bli omh\u00e4ndertagen som en Kung\/slav! Ring-kom f\u00f6rbi! Svarar till bara seri\u00f6sa nordiska kunder! Svarar inte p\u00e5 dolda. priv nummer.<br \/>\nTillg\u00e4ngligt10am-00pm.Outcalls efter 6pm. Helger flex. Norr om STHLM.<br \/>\nSupersexy erotiska massage ingen analt<br \/>\nSnabbis1000 kr<br \/>\n30min 1500 kr<br \/>\n1timma 2500kr<br \/>\nKv\u00e4ll med Mig 4000 kr\/max 4 h<\/p>\n<p>Duska bli 35+Ej falskbokare Inte invandrare Trevlig k\u00e5t och social som mig<br \/>\nRin.GSkicka sms. skriva epost med telefon s\u00e5 jag kan kontakta dig.<br \/>\nhttps:\/\/sweatdiamond.squarespace.com<br \/>\nTel:0762505562 sweaty_love.hotmail.se My details Below mentioned<\/p>\n<p>                Nationality:<br \/>\n                Swedish <\/p>\n<p>                Languages:<br \/>\n                swedish. english<\/p>\n<p>                Age:<br \/>\n                35<\/p>\n<p>                Height:<br \/>\n                145<\/p>\n<p>                Weight:<br \/>\n                46<\/p>\n<p>                Hair:<br \/>\n                black<\/p>\n<p>                Eyes:<br \/>\n                brown<\/p>\n<p>                Measurements:<br \/>\n                95-150-95phone_android Phone:<br \/>\n          0762505562<\/p>\n","protected":false},"featured_media":109697,"comment_status":"open","ping_status":"closed","template":"","meta":{"site-sidebar-layout":"default","site-content-layout":"","ast-site-content-layout":"","site-content-style":"default","site-sidebar-style":"default","ast-global-header-display":"","ast-banner-title-visibility":"","ast-main-header-display":"","ast-hfb-above-header-display":"","ast-hfb-below-header-display":"","ast-hfb-mobile-header-display":"","site-post-title":"","ast-breadcrumbs-content":"","ast-featured-img":"","footer-sml-layout":"","theme-transparent-header-meta":"","adv-header-id-meta":"","stick-header-meta":"","header-above-stick-meta":"","header-main-stick-meta":"","header-below-stick-meta":"","astra-migrate-meta-layouts":"default","ast-page-background-enabled":"default","ast-page-background-meta":{"desktop":{"background-color":"var(--ast-global-color-4)","background-image":"","background-repeat":"repeat","background-position":"center center","background-size":"auto","background-attachment":"scroll","background-type":"","background-media":"","overlay-type":"","overlay-color":"","overlay-opacity":"","overlay-gradient":""},"tablet":{"background-color":"","background-image":"","background-repeat":"repeat","background-position":"center center","background-size":"auto","background-attachment":"scroll","background-type":"","background-media":"","overlay-type":"","overlay-color":"","overlay-opacity":"","overlay-gradient":""},"mobile":{"background-color":"","background-image":"","background-repeat":"repeat","background-position":"center center","background-size":"auto","background-attachment":"scroll","background-type":"","background-media":"","overlay-type":"","overlay-color":"","overlay-opacity":"","overlay-gradient":""}},"ast-content-background-meta":{"desktop":{"background-color":"var(--ast-global-color-5)","background-image":"","background-repeat":"repeat","background-position":"center center","background-size":"auto","background-attachment":"scroll","background-type":"","background-media":"","overlay-type":"","overlay-color":"","overlay-opacity":"","overlay-gradient":""},"tablet":{"background-color":"var(--ast-global-color-5)","background-image":"","background-repeat":"repeat","background-position":"center center","background-size":"auto","background-attachment":"scroll","background-type":"","background-media":"","overlay-type":"","overlay-color":"","overlay-opacity":"","overlay-gradient":""},"mobile":{"background-color":"var(--ast-global-color-5)","background-image":"","background-repeat":"repeat","background-position":"center center","background-size":"auto","background-attachment":"scroll","background-type":"","background-media":"","overlay-type":"","overlay-color":"","overlay-opacity":"","overlay-gradient":""}}},"product_brand":[],"product_cat":[188,1115,957],"product_tag":[],"class_list":{"0":"post-337762","1":"product","2":"type-product","3":"status-publish","4":"has-post-thumbnail","6":"product_cat-freelancer","7":"product_cat-stockholm","8":"product_cat-sweden","9":"desktop-align-left","10":"tablet-align-left","11":"mobile-align-left","13":"first","14":"instock","15":"shipping-taxable","16":"product-type-simple"},"_links":{"self":[{"href":"https:\/\/poccky.com\/index.php\/wp-json\/wp\/v2\/product\/337762","targetHints":{"allow":["GET"]}}],"collection":[{"href":"https:\/\/poccky.com\/index.php\/wp-json\/wp\/v2\/product"}],"about":[{"href":"https:\/\/poccky.com\/index.php\/wp-json\/wp\/v2\/types\/product"}],"replies":[{"embeddable":true,"href":"https:\/\/poccky.com\/index.php\/wp-json\/wp\/v2\/comments?post=337762"}],"wp:featuredmedia":[{"embeddable":true,"href":"https:\/\/poccky.com\/index.php\/wp-json\/wp\/v2\/media\/109697"}],"wp:attachment":[{"href":"https:\/\/poccky.com\/index.php\/wp-json\/wp\/v2\/media?parent=337762"}],"wp:term":[{"taxonomy":"product_brand","embeddable":true,"href":"https:\/\/poccky.com\/index.php\/wp-json\/wp\/v2\/product_brand?post=337762"},{"taxonomy":"product_cat","embeddable":true,"href":"https:\/\/poccky.com\/index.php\/wp-json\/wp\/v2\/product_cat?post=337762"},{"taxonomy":"product_tag","embeddable":true,"href":"https:\/\/poccky.com\/index.php\/wp-json\/wp\/v2\/product_tag?post=337762"}],"curies":[{"name":"wp","href":"https:\/\/api.w.org\/{rel}","templated":true}]}}