{"id":337761,"date":"2023-11-06T12:32:57","date_gmt":"2023-11-06T12:32:57","guid":{"rendered":"https:\/\/poccky.com\/?post_type=product&#038;p=337761"},"modified":"2023-11-06T12:33:10","modified_gmt":"2023-11-06T12:33:10","slug":"kathy75010-2","status":"publish","type":"product","link":"https:\/\/poccky.com\/index.php\/product\/kathy75010-2\/","title":{"rendered":"Kathy75010"},"content":{"rendered":"","protected":false},"excerpt":{"rendered":"<p>???Paris Gare du nord ???Bonjour Monsieur.Belle j.femme black coquine. sensuelle et ouverte d&#8217;esprit propose aux hommes m\u00fbrs courtois massage et relaxation;Je vous re\u00e7ois \u00e0 Paris 10\u00e8me dans mon studio en toute discr\u00e9tion.150m m\u00e9tro (pr\u00eate \u00e0 avaler votre banane et \u00e0 manger vos boules et pour vider tout votre jus) dans la bonne humeur.Fellation Nature (CIM) ou Prot\u00e9ger 70 Rose.avec piercing sur la langue. je n avale pas.<br \/>\n&#8212;&#8212;&#8211;COME IN MOUTH.PR\u00c9LIMINAIRE. 69.FRENCH-KISS. ANALINGUS.ANAL FINGER.CARESSES.CUNNI. FK.LEVRETTE.EXTRA-BALL.GFE&#8230;(GOLDEN SHOWER-GIVE) Sodo.<br \/>\nPas s\u00e9rieux s&#8217;abstenir.prix non n\u00e9gociable:in door (lieu) ??- 30 mins 120 roses ?? ??200 roses pour 1h chez moi?? ??Sodo 100 roses en plus<br \/>\n??250 roses pour 1h en deplacement?? ??soir\u00e9e 3\/4 heures 1000 roses?? ??Nuit 6 heures1700roses?? d\u00e9placement ??30 mins 200 roses?? ??soir\u00e9e (3 heures) 1000 roses?? ??Nuit (6 heures) 2500 roses??. je rencontre avec plaisir des hommes.de pr\u00e9f\u00e9rences. d&#8217;origine ou de type Occidental. M\u00e9ridional. Nordique. d&#8217;Europe de l&#8217;Est. Indien. M\u00e9tis. ag\u00e9s entre 25 et 85 . NE R\u00c9POND PAS AUX APPELS MASQUES.SMS.NI MAILS.150m m\u00e9tro gare du nord\/Soisy sous montmorency. SVP appel 30mins\/1h en avance pour RDV. Merci. A tr\u00e8s bient\u00f4t&#8230;bise.PLUS D&#8217; INFOS SUR Google : ??? kathy-escort-paris ???<\/p>\n<p>Hello Gentleman are you alone looking for someone to have Fun and shair a goodtime ? I can be your best choise.Just pick up your phone and call now ! I will be in your Hotel place in 30\/45mins or you can come to my place.Is discret and safe.Thanks.see you soon.big Kiss &#8230;<br \/>\nPS-MY PHOTOS ARE 100% REAL ??? My details Below mentioned<\/p>\n<p>                Nationality:<br \/>\n                French <\/p>\n<p>                Languages:<br \/>\n                English. French<\/p>\n<p>                Age:<br \/>\n                25<\/p>\n<p>                Height:<br \/>\n                1.65<\/p>\n<p>                Weight:<br \/>\n                62<\/p>\n<p>                Hair:<br \/>\n                noir<\/p>\n<p>                Eyes:<br \/>\n                BROWN<\/p>\n<p>                Measurements:<br \/>\n                90-65-105Companionship rates:<\/p>\n<p>                  1 hour rate<br \/>\n                  250 EUR<\/p>\n","protected":false},"featured_media":105649,"comment_status":"open","ping_status":"closed","template":"","meta":{"site-sidebar-layout":"default","site-content-layout":"","ast-site-content-layout":"","site-content-style":"default","site-sidebar-style":"default","ast-global-header-display":"","ast-banner-title-visibility":"","ast-main-header-display":"","ast-hfb-above-header-display":"","ast-hfb-below-header-display":"","ast-hfb-mobile-header-display":"","site-post-title":"","ast-breadcrumbs-content":"","ast-featured-img":"","footer-sml-layout":"","theme-transparent-header-meta":"","adv-header-id-meta":"","stick-header-meta":"","header-above-stick-meta":"","header-main-stick-meta":"","header-below-stick-meta":"","astra-migrate-meta-layouts":"default","ast-page-background-enabled":"default","ast-page-background-meta":{"desktop":{"background-color":"var(--ast-global-color-4)","background-image":"","background-repeat":"repeat","background-position":"center center","background-size":"auto","background-attachment":"scroll","background-type":"","background-media":"","overlay-type":"","overlay-color":"","overlay-opacity":"","overlay-gradient":""},"tablet":{"background-color":"","background-image":"","background-repeat":"repeat","background-position":"center center","background-size":"auto","background-attachment":"scroll","background-type":"","background-media":"","overlay-type":"","overlay-color":"","overlay-opacity":"","overlay-gradient":""},"mobile":{"background-color":"","background-image":"","background-repeat":"repeat","background-position":"center center","background-size":"auto","background-attachment":"scroll","background-type":"","background-media":"","overlay-type":"","overlay-color":"","overlay-opacity":"","overlay-gradient":""}},"ast-content-background-meta":{"desktop":{"background-color":"var(--ast-global-color-5)","background-image":"","background-repeat":"repeat","background-position":"center center","background-size":"auto","background-attachment":"scroll","background-type":"","background-media":"","overlay-type":"","overlay-color":"","overlay-opacity":"","overlay-gradient":""},"tablet":{"background-color":"var(--ast-global-color-5)","background-image":"","background-repeat":"repeat","background-position":"center center","background-size":"auto","background-attachment":"scroll","background-type":"","background-media":"","overlay-type":"","overlay-color":"","overlay-opacity":"","overlay-gradient":""},"mobile":{"background-color":"var(--ast-global-color-5)","background-image":"","background-repeat":"repeat","background-position":"center center","background-size":"auto","background-attachment":"scroll","background-type":"","background-media":"","overlay-type":"","overlay-color":"","overlay-opacity":"","overlay-gradient":""}}},"product_brand":[],"product_cat":[244,188,1118],"product_tag":[],"class_list":{"0":"post-337761","1":"product","2":"type-product","3":"status-publish","4":"has-post-thumbnail","6":"product_cat-france","7":"product_cat-freelancer","8":"product_cat-paris","9":"desktop-align-left","10":"tablet-align-left","11":"mobile-align-left","13":"first","14":"instock","15":"shipping-taxable","16":"product-type-simple"},"_links":{"self":[{"href":"https:\/\/poccky.com\/index.php\/wp-json\/wp\/v2\/product\/337761","targetHints":{"allow":["GET"]}}],"collection":[{"href":"https:\/\/poccky.com\/index.php\/wp-json\/wp\/v2\/product"}],"about":[{"href":"https:\/\/poccky.com\/index.php\/wp-json\/wp\/v2\/types\/product"}],"replies":[{"embeddable":true,"href":"https:\/\/poccky.com\/index.php\/wp-json\/wp\/v2\/comments?post=337761"}],"wp:featuredmedia":[{"embeddable":true,"href":"https:\/\/poccky.com\/index.php\/wp-json\/wp\/v2\/media\/105649"}],"wp:attachment":[{"href":"https:\/\/poccky.com\/index.php\/wp-json\/wp\/v2\/media?parent=337761"}],"wp:term":[{"taxonomy":"product_brand","embeddable":true,"href":"https:\/\/poccky.com\/index.php\/wp-json\/wp\/v2\/product_brand?post=337761"},{"taxonomy":"product_cat","embeddable":true,"href":"https:\/\/poccky.com\/index.php\/wp-json\/wp\/v2\/product_cat?post=337761"},{"taxonomy":"product_tag","embeddable":true,"href":"https:\/\/poccky.com\/index.php\/wp-json\/wp\/v2\/product_tag?post=337761"}],"curies":[{"name":"wp","href":"https:\/\/api.w.org\/{rel}","templated":true}]}}