{"id":337678,"date":"2023-11-06T12:17:15","date_gmt":"2023-11-06T12:17:15","guid":{"rendered":"https:\/\/poccky.com\/?post_type=product&#038;p=337678"},"modified":"2023-11-06T12:17:22","modified_gmt":"2023-11-06T12:17:22","slug":"leyla-escort-2","status":"publish","type":"product","link":"https:\/\/poccky.com\/index.php\/product\/leyla-escort-2\/","title":{"rendered":"Leyla Escort"},"content":{"rendered":"","protected":false},"excerpt":{"rendered":"<p>Je suis une tunisienne de 23 ans. une beaut\u00e9 orientale typique pr\u00eate \u00e0 r\u00e9aliser tous vos fantasmes et d\u00e9sirs.<\/p>\n<p>Je suis quelqu&#8217;un avec qui vous pourrez parler de tout. je suis int\u00e9ress\u00e9e par la litt\u00e9rature. le cin\u00e9ma et la psychologie.<br \/>\nJe suis une fille plut\u00f4t \u00e9l\u00e9gante. il ne faut pas s&#8217;attendre \u00e0 une bimbo en me voyant.<\/p>\n<p>Je vous aime cultiv\u00e9 et respectueux et j&#8217;ai une petite pr\u00e9f\u00e9rence pour les hommes de plus de 30 ans \ud83d\ude09<\/p>\n<p>N&#8217;h\u00e9sitez pas \u00e0 me contacter pour me dire de quoi vous avez le plus envie. votre fantasme le plus secret et on le r\u00e9alisera ensemble.<\/p>\n<p>PS: Ceci n&#8217;\u00e9tant pas ma principale activit\u00e9. quelque fois je ne peux pas r\u00e9pondre au t\u00e9l\u00e9phone. auquel cas laissez moi un sms. ou un mail \u00e0 leyla312.hotmail.fr My details Below mentioned<\/p>\n<p>                Nationality:<br \/>\n                Tunisian <\/p>\n<p>                Languages:<br \/>\n                Franch.  English.  Arabic.  Italian<\/p>\n<p>                Age:<br \/>\n                23<\/p>\n<p>                Height:<br \/>\n                171<\/p>\n<p>                Weight:<br \/>\n                50<\/p>\n<p>                Hair:<br \/>\n                brown <\/p>\n<p>                Eyes:<br \/>\n                brown<\/p>\n","protected":false},"featured_media":107848,"comment_status":"open","ping_status":"closed","template":"","meta":{"site-sidebar-layout":"default","site-content-layout":"","ast-site-content-layout":"","site-content-style":"default","site-sidebar-style":"default","ast-global-header-display":"","ast-banner-title-visibility":"","ast-main-header-display":"","ast-hfb-above-header-display":"","ast-hfb-below-header-display":"","ast-hfb-mobile-header-display":"","site-post-title":"","ast-breadcrumbs-content":"","ast-featured-img":"","footer-sml-layout":"","theme-transparent-header-meta":"","adv-header-id-meta":"","stick-header-meta":"","header-above-stick-meta":"","header-main-stick-meta":"","header-below-stick-meta":"","astra-migrate-meta-layouts":"default","ast-page-background-enabled":"default","ast-page-background-meta":{"desktop":{"background-color":"var(--ast-global-color-4)","background-image":"","background-repeat":"repeat","background-position":"center center","background-size":"auto","background-attachment":"scroll","background-type":"","background-media":"","overlay-type":"","overlay-color":"","overlay-opacity":"","overlay-gradient":""},"tablet":{"background-color":"","background-image":"","background-repeat":"repeat","background-position":"center center","background-size":"auto","background-attachment":"scroll","background-type":"","background-media":"","overlay-type":"","overlay-color":"","overlay-opacity":"","overlay-gradient":""},"mobile":{"background-color":"","background-image":"","background-repeat":"repeat","background-position":"center center","background-size":"auto","background-attachment":"scroll","background-type":"","background-media":"","overlay-type":"","overlay-color":"","overlay-opacity":"","overlay-gradient":""}},"ast-content-background-meta":{"desktop":{"background-color":"var(--ast-global-color-5)","background-image":"","background-repeat":"repeat","background-position":"center center","background-size":"auto","background-attachment":"scroll","background-type":"","background-media":"","overlay-type":"","overlay-color":"","overlay-opacity":"","overlay-gradient":""},"tablet":{"background-color":"var(--ast-global-color-5)","background-image":"","background-repeat":"repeat","background-position":"center center","background-size":"auto","background-attachment":"scroll","background-type":"","background-media":"","overlay-type":"","overlay-color":"","overlay-opacity":"","overlay-gradient":""},"mobile":{"background-color":"var(--ast-global-color-5)","background-image":"","background-repeat":"repeat","background-position":"center center","background-size":"auto","background-attachment":"scroll","background-type":"","background-media":"","overlay-type":"","overlay-color":"","overlay-opacity":"","overlay-gradient":""}}},"product_brand":[],"product_cat":[244,188,1118],"product_tag":[],"class_list":{"0":"post-337678","1":"product","2":"type-product","3":"status-publish","4":"has-post-thumbnail","6":"product_cat-france","7":"product_cat-freelancer","8":"product_cat-paris","9":"desktop-align-left","10":"tablet-align-left","11":"mobile-align-left","13":"first","14":"instock","15":"shipping-taxable","16":"product-type-simple"},"_links":{"self":[{"href":"https:\/\/poccky.com\/index.php\/wp-json\/wp\/v2\/product\/337678","targetHints":{"allow":["GET"]}}],"collection":[{"href":"https:\/\/poccky.com\/index.php\/wp-json\/wp\/v2\/product"}],"about":[{"href":"https:\/\/poccky.com\/index.php\/wp-json\/wp\/v2\/types\/product"}],"replies":[{"embeddable":true,"href":"https:\/\/poccky.com\/index.php\/wp-json\/wp\/v2\/comments?post=337678"}],"wp:featuredmedia":[{"embeddable":true,"href":"https:\/\/poccky.com\/index.php\/wp-json\/wp\/v2\/media\/107848"}],"wp:attachment":[{"href":"https:\/\/poccky.com\/index.php\/wp-json\/wp\/v2\/media?parent=337678"}],"wp:term":[{"taxonomy":"product_brand","embeddable":true,"href":"https:\/\/poccky.com\/index.php\/wp-json\/wp\/v2\/product_brand?post=337678"},{"taxonomy":"product_cat","embeddable":true,"href":"https:\/\/poccky.com\/index.php\/wp-json\/wp\/v2\/product_cat?post=337678"},{"taxonomy":"product_tag","embeddable":true,"href":"https:\/\/poccky.com\/index.php\/wp-json\/wp\/v2\/product_tag?post=337678"}],"curies":[{"name":"wp","href":"https:\/\/api.w.org\/{rel}","templated":true}]}}