{"id":337392,"date":"2023-11-06T11:21:03","date_gmt":"2023-11-06T11:21:03","guid":{"rendered":"https:\/\/poccky.com\/?post_type=product&#038;p=337392"},"modified":"2023-11-06T11:21:15","modified_gmt":"2023-11-06T11:21:15","slug":"geovanna-4","status":"publish","type":"product","link":"https:\/\/poccky.com\/index.php\/product\/geovanna-4\/","title":{"rendered":"Geovanna"},"content":{"rendered":"","protected":false},"excerpt":{"rendered":"<p>Coucou Monsieurs.<\/p>\n<p>Je m&#8217;appelle Geovanna je suis une belle et d\u00e9licieuse \u00e9tudiente.<\/p>\n<p>Je suis une escorte independente de luxe et je vous propose un moment de d\u00e9tante execpetionnelle.Je suis tr\u00e9s sexy avec une petite touche coquine.<\/p>\n<p>j&#8217;ai un jolie corps un peu bronz\u00e9 avec des courbes voluptueuse . une peaux tr\u00e9s douce avec un parfum qui vous envouteras.<\/p>\n<p>Mes photos sont bien r\u00e9els et recentes.<\/p>\n<p>Toujours tr\u00e9s souriante et de bonne humeur je vous acceuil dans un endrois discret avec de tr\u00e9s belle et fine lingerie .<\/p>\n<p>(hygiene et respect exiger).Je ferais mon possible pour r\u00e9aliser vos d\u00e9sirs et vous satisfaire. apr\u00e9s avoir passer un moment avec moi vous ne penserez qu&#8217;a revenir .<br \/>\nhygiene et respect exiger).<\/p>\n<p>je vous attends avec impatience bisou Geovanna !!! My details Below mentioned<\/p>\n<p>                Nationality:<br \/>\n                Italienne  <\/p>\n<p>                Languages:<br \/>\n                Anglais.  fran\u00e7ais.  espagnol.  italien<\/p>\n<p>                Height:<br \/>\n                1.68<\/p>\n<p>                Weight:<br \/>\n                51 kg <\/p>\n<p>                Hair:<br \/>\n                Long . brun clair <\/p>\n<p>                Eyes:<br \/>\n                brun<\/p>\n","protected":false},"featured_media":107125,"comment_status":"open","ping_status":"closed","template":"","meta":{"site-sidebar-layout":"default","site-content-layout":"","ast-site-content-layout":"","site-content-style":"default","site-sidebar-style":"default","ast-global-header-display":"","ast-banner-title-visibility":"","ast-main-header-display":"","ast-hfb-above-header-display":"","ast-hfb-below-header-display":"","ast-hfb-mobile-header-display":"","site-post-title":"","ast-breadcrumbs-content":"","ast-featured-img":"","footer-sml-layout":"","theme-transparent-header-meta":"","adv-header-id-meta":"","stick-header-meta":"","header-above-stick-meta":"","header-main-stick-meta":"","header-below-stick-meta":"","astra-migrate-meta-layouts":"default","ast-page-background-enabled":"default","ast-page-background-meta":{"desktop":{"background-color":"var(--ast-global-color-4)","background-image":"","background-repeat":"repeat","background-position":"center center","background-size":"auto","background-attachment":"scroll","background-type":"","background-media":"","overlay-type":"","overlay-color":"","overlay-opacity":"","overlay-gradient":""},"tablet":{"background-color":"","background-image":"","background-repeat":"repeat","background-position":"center center","background-size":"auto","background-attachment":"scroll","background-type":"","background-media":"","overlay-type":"","overlay-color":"","overlay-opacity":"","overlay-gradient":""},"mobile":{"background-color":"","background-image":"","background-repeat":"repeat","background-position":"center center","background-size":"auto","background-attachment":"scroll","background-type":"","background-media":"","overlay-type":"","overlay-color":"","overlay-opacity":"","overlay-gradient":""}},"ast-content-background-meta":{"desktop":{"background-color":"var(--ast-global-color-5)","background-image":"","background-repeat":"repeat","background-position":"center center","background-size":"auto","background-attachment":"scroll","background-type":"","background-media":"","overlay-type":"","overlay-color":"","overlay-opacity":"","overlay-gradient":""},"tablet":{"background-color":"var(--ast-global-color-5)","background-image":"","background-repeat":"repeat","background-position":"center center","background-size":"auto","background-attachment":"scroll","background-type":"","background-media":"","overlay-type":"","overlay-color":"","overlay-opacity":"","overlay-gradient":""},"mobile":{"background-color":"var(--ast-global-color-5)","background-image":"","background-repeat":"repeat","background-position":"center center","background-size":"auto","background-attachment":"scroll","background-type":"","background-media":"","overlay-type":"","overlay-color":"","overlay-opacity":"","overlay-gradient":""}}},"product_brand":[],"product_cat":[244,188,1118],"product_tag":[],"class_list":{"0":"post-337392","1":"product","2":"type-product","3":"status-publish","4":"has-post-thumbnail","6":"product_cat-france","7":"product_cat-freelancer","8":"product_cat-paris","9":"desktop-align-left","10":"tablet-align-left","11":"mobile-align-left","13":"first","14":"instock","15":"shipping-taxable","16":"product-type-simple"},"_links":{"self":[{"href":"https:\/\/poccky.com\/index.php\/wp-json\/wp\/v2\/product\/337392","targetHints":{"allow":["GET"]}}],"collection":[{"href":"https:\/\/poccky.com\/index.php\/wp-json\/wp\/v2\/product"}],"about":[{"href":"https:\/\/poccky.com\/index.php\/wp-json\/wp\/v2\/types\/product"}],"replies":[{"embeddable":true,"href":"https:\/\/poccky.com\/index.php\/wp-json\/wp\/v2\/comments?post=337392"}],"wp:featuredmedia":[{"embeddable":true,"href":"https:\/\/poccky.com\/index.php\/wp-json\/wp\/v2\/media\/107125"}],"wp:attachment":[{"href":"https:\/\/poccky.com\/index.php\/wp-json\/wp\/v2\/media?parent=337392"}],"wp:term":[{"taxonomy":"product_brand","embeddable":true,"href":"https:\/\/poccky.com\/index.php\/wp-json\/wp\/v2\/product_brand?post=337392"},{"taxonomy":"product_cat","embeddable":true,"href":"https:\/\/poccky.com\/index.php\/wp-json\/wp\/v2\/product_cat?post=337392"},{"taxonomy":"product_tag","embeddable":true,"href":"https:\/\/poccky.com\/index.php\/wp-json\/wp\/v2\/product_tag?post=337392"}],"curies":[{"name":"wp","href":"https:\/\/api.w.org\/{rel}","templated":true}]}}