{"id":337080,"date":"2023-11-06T10:21:09","date_gmt":"2023-11-06T10:21:09","guid":{"rendered":"https:\/\/poccky.com\/?post_type=product&#038;p=337080"},"modified":"2023-11-06T10:21:15","modified_gmt":"2023-11-06T10:21:15","slug":"morgana-2","status":"publish","type":"product","link":"https:\/\/poccky.com\/index.php\/product\/morgana-2\/","title":{"rendered":"Morgana"},"content":{"rendered":"","protected":false},"excerpt":{"rendered":"<p>Bonjour messieurs.<\/p>\n<p>Je suis une jolie fran\u00e7aise rousse. piquante. aux traits fins et aux formes harmonieuses (et naturelles). que j&#8217;aime habiller de tenues \u00e9l\u00e9gantes et s\u00e9duisantes. sans vulgarit\u00e9. J&#8217;aime la belle lingerie. en particulier la dentelle. le satin. la soie&#8230;<\/p>\n<p>J&#8217;aime la beaut\u00e9 sous toutes ses formes. l&#8217;art (en particulier la musique classique et le th\u00e9\u00e2tre). et&#8230; rire.<\/p>\n<p>Escort occacionnelle. j&#8217;ai d&#8217;autres activit\u00e9s qui occupent mes journ\u00e9es. je suis donc selective car ayant peu de temps. je privil\u00e9gie les rencontres de qualit\u00e9. au cours desquelles la spontan\u00e9it\u00e9. la sinc\u00e9rit\u00e9 et la complicit\u00e9 sont de mise. Ces conditions sont pour moi garantes d&#8217;un moment de plaisir partag\u00e9.<\/p>\n<p>J&#8217;attends d&#8217;un homme qu&#8217;il soit attentionn\u00e9. \u00e9l\u00e9gant. cultiv\u00e9. respectueux. et qu&#8217;il poss\u00e8de un sens de l&#8217;humour certain.<\/p>\n<p>Je me ferai une joie de vous accompagner pour un d\u00eener. une sortie (je suis ferrue d&#8217;op\u00e9ra&#8230;). ou toute autre occasion que vous souhateriez \u00e9gayer de ma chaleureuse compagnie. Je peux \u00e9galement vous rejoindre \u00e0 votre h\u00f4tel (ou chez vous. mais seulement apr\u00e8s que nous ayons appris \u00e0 nous conna\u00eetre). pour un moment d\u00e9tente. massage et bien-\u00eatre tout en sensualit\u00e9.<\/p>\n<p>Contact par mail uniquement dans un premier temps. contenant la date et l&#8217;heure du rendez-vous souhait\u00e9. une petite pr\u00e9sentation de vous et de vos attentes. ainsi qu&#8217;une photo r\u00e9cente de vous s&#8217;il-vous-plait. J&#8217;aime pouvoir mettre un visage sur une correspondance. je r\u00e9ponds tr\u00e8s rapidement et syst\u00e9matiquement. sauf mail discourtois.<\/p>\n<p>Je me r\u00e9serve le droit de ne pas donner suite \u00e0 nos correspondance si vous ne correspondiez pas \u00e0 mes attentes. \u00e0 savoir. respect. courtoisie. \u00e9ducation. ou tout simplement si je me sens dans l&#8217;impossibilit\u00e9 de correspondre \u00e0 vos d\u00e9sirs.<\/p>\n<p>Au plaisir de vous rencontrer&#8230; My details Below mentioned<\/p>\n<p>                Nationality:<br \/>\n                fran\u00e7aise <\/p>\n<p>                Languages:<br \/>\n                anglais.  fran\u00e7ais<\/p>\n<p>                Age:<br \/>\n                23<\/p>\n<p>                Height:<br \/>\n                164 cm<\/p>\n<p>                Weight:<br \/>\n                57 kg<\/p>\n<p>                Hair:<br \/>\n                Roux<\/p>\n<p>                Eyes:<br \/>\n                verts<\/p>\n<p>                Measurements:<br \/>\n                90-62-95<\/p>\n","protected":false},"featured_media":102253,"comment_status":"open","ping_status":"closed","template":"","meta":{"site-sidebar-layout":"default","site-content-layout":"","ast-site-content-layout":"","site-content-style":"default","site-sidebar-style":"default","ast-global-header-display":"","ast-banner-title-visibility":"","ast-main-header-display":"","ast-hfb-above-header-display":"","ast-hfb-below-header-display":"","ast-hfb-mobile-header-display":"","site-post-title":"","ast-breadcrumbs-content":"","ast-featured-img":"","footer-sml-layout":"","theme-transparent-header-meta":"","adv-header-id-meta":"","stick-header-meta":"","header-above-stick-meta":"","header-main-stick-meta":"","header-below-stick-meta":"","astra-migrate-meta-layouts":"default","ast-page-background-enabled":"default","ast-page-background-meta":{"desktop":{"background-color":"var(--ast-global-color-4)","background-image":"","background-repeat":"repeat","background-position":"center center","background-size":"auto","background-attachment":"scroll","background-type":"","background-media":"","overlay-type":"","overlay-color":"","overlay-opacity":"","overlay-gradient":""},"tablet":{"background-color":"","background-image":"","background-repeat":"repeat","background-position":"center center","background-size":"auto","background-attachment":"scroll","background-type":"","background-media":"","overlay-type":"","overlay-color":"","overlay-opacity":"","overlay-gradient":""},"mobile":{"background-color":"","background-image":"","background-repeat":"repeat","background-position":"center center","background-size":"auto","background-attachment":"scroll","background-type":"","background-media":"","overlay-type":"","overlay-color":"","overlay-opacity":"","overlay-gradient":""}},"ast-content-background-meta":{"desktop":{"background-color":"var(--ast-global-color-5)","background-image":"","background-repeat":"repeat","background-position":"center center","background-size":"auto","background-attachment":"scroll","background-type":"","background-media":"","overlay-type":"","overlay-color":"","overlay-opacity":"","overlay-gradient":""},"tablet":{"background-color":"var(--ast-global-color-5)","background-image":"","background-repeat":"repeat","background-position":"center center","background-size":"auto","background-attachment":"scroll","background-type":"","background-media":"","overlay-type":"","overlay-color":"","overlay-opacity":"","overlay-gradient":""},"mobile":{"background-color":"var(--ast-global-color-5)","background-image":"","background-repeat":"repeat","background-position":"center center","background-size":"auto","background-attachment":"scroll","background-type":"","background-media":"","overlay-type":"","overlay-color":"","overlay-opacity":"","overlay-gradient":""}}},"product_brand":[],"product_cat":[244,188,1118],"product_tag":[],"class_list":{"0":"post-337080","1":"product","2":"type-product","3":"status-publish","4":"has-post-thumbnail","6":"product_cat-france","7":"product_cat-freelancer","8":"product_cat-paris","9":"desktop-align-left","10":"tablet-align-left","11":"mobile-align-left","13":"first","14":"instock","15":"shipping-taxable","16":"product-type-simple"},"_links":{"self":[{"href":"https:\/\/poccky.com\/index.php\/wp-json\/wp\/v2\/product\/337080","targetHints":{"allow":["GET"]}}],"collection":[{"href":"https:\/\/poccky.com\/index.php\/wp-json\/wp\/v2\/product"}],"about":[{"href":"https:\/\/poccky.com\/index.php\/wp-json\/wp\/v2\/types\/product"}],"replies":[{"embeddable":true,"href":"https:\/\/poccky.com\/index.php\/wp-json\/wp\/v2\/comments?post=337080"}],"wp:featuredmedia":[{"embeddable":true,"href":"https:\/\/poccky.com\/index.php\/wp-json\/wp\/v2\/media\/102253"}],"wp:attachment":[{"href":"https:\/\/poccky.com\/index.php\/wp-json\/wp\/v2\/media?parent=337080"}],"wp:term":[{"taxonomy":"product_brand","embeddable":true,"href":"https:\/\/poccky.com\/index.php\/wp-json\/wp\/v2\/product_brand?post=337080"},{"taxonomy":"product_cat","embeddable":true,"href":"https:\/\/poccky.com\/index.php\/wp-json\/wp\/v2\/product_cat?post=337080"},{"taxonomy":"product_tag","embeddable":true,"href":"https:\/\/poccky.com\/index.php\/wp-json\/wp\/v2\/product_tag?post=337080"}],"curies":[{"name":"wp","href":"https:\/\/api.w.org\/{rel}","templated":true}]}}