{"id":337045,"date":"2023-11-06T10:14:10","date_gmt":"2023-11-06T10:14:10","guid":{"rendered":"https:\/\/poccky.com\/?post_type=product&#038;p=337045"},"modified":"2023-11-06T10:14:22","modified_gmt":"2023-11-06T10:14:22","slug":"weda-2","status":"publish","type":"product","link":"https:\/\/poccky.com\/index.php\/product\/weda-2\/","title":{"rendered":"Weda"},"content":{"rendered":"","protected":false},"excerpt":{"rendered":"<p>Hello there :-))<\/p>\n<p>My name is Weda. I am a student at this time and time to time I work as an escort girl in Berlin. Bur for me it&#8217;s not a real work. just a way to spend good time with gentlmen&#8230; I like men so much&#8230; \ud83d\ude42<br \/>\nCurrently I can&#8217;t receive but I&#8217;d be glad to visit u in your hotel or home. in Berlin &#038; around.<\/p>\n<p>Ich bin die Weda. ich studiere zurzeit und gelegentlich arbeite ich als Escort in Berlin. Aber f\u00fcr mich ist dies nicht wirklich ne Arbeit. nur ein sch\u00f6ner We.G Spa\u00df mit Gentlemen zu haben&#8230; Ich liebe M\u00e4nnern&#8230; \ud83d\ude42<br \/>\nIch bin momentan nicht besuchbar. denn mache ich nur Hotelbesuche und Hausbesuche. in Berlin &#038; Umgebung.<\/p>\n<p>Je m&#8217;appelle Weda. je suis actuellement \u00e9tudiante et parfois il m&#8217;arrive de travailler en tant qu&#8217;escort sur Berlin. Mais pour moi il ne s&#8217;agit pas un v\u00e9ritable travail. simplement une fa\u00e7on agr\u00e9able de passer du bon temps avec des Gentlemen&#8230; J&#8217;aime tellement les hommes&#8230; \ud83d\ude42<br \/>\nJe ne peux actuellement pas recevoir chez moi. mais je serais ravie de vous rendre visite \u00e0 votre h\u00f4tel ou chez vous. sur Berlin &#038; banlieue.<\/p>\n<p>&#8212;&#8212;&#8211;<br \/>\nMORE INFOS ON MY WEBSITE My details Below mentioned<\/p>\n<p>                Nationality:<br \/>\n                Swiss <\/p>\n<p>                Languages:<br \/>\n                German. French. Portuguese (fluent) &#8211; English. Spanish converational<\/p>\n<p>                Age:<br \/>\n                19<\/p>\n<p>                Height:<br \/>\n                168 cm<\/p>\n<p>                Weight:<br \/>\n                49<\/p>\n<p>                Hair:<br \/>\n                brunette<\/p>\n<p>                Eyes:<br \/>\n                green-brown<\/p>\n<p>                Measurements:<br \/>\n                80-60-80phone_android Phone:<br \/>\n          +491628593692<\/p>\n","protected":false},"featured_media":87981,"comment_status":"open","ping_status":"closed","template":"","meta":{"site-sidebar-layout":"default","site-content-layout":"","ast-site-content-layout":"","site-content-style":"default","site-sidebar-style":"default","ast-global-header-display":"","ast-banner-title-visibility":"","ast-main-header-display":"","ast-hfb-above-header-display":"","ast-hfb-below-header-display":"","ast-hfb-mobile-header-display":"","site-post-title":"","ast-breadcrumbs-content":"","ast-featured-img":"","footer-sml-layout":"","theme-transparent-header-meta":"","adv-header-id-meta":"","stick-header-meta":"","header-above-stick-meta":"","header-main-stick-meta":"","header-below-stick-meta":"","astra-migrate-meta-layouts":"default","ast-page-background-enabled":"default","ast-page-background-meta":{"desktop":{"background-color":"var(--ast-global-color-4)","background-image":"","background-repeat":"repeat","background-position":"center center","background-size":"auto","background-attachment":"scroll","background-type":"","background-media":"","overlay-type":"","overlay-color":"","overlay-opacity":"","overlay-gradient":""},"tablet":{"background-color":"","background-image":"","background-repeat":"repeat","background-position":"center center","background-size":"auto","background-attachment":"scroll","background-type":"","background-media":"","overlay-type":"","overlay-color":"","overlay-opacity":"","overlay-gradient":""},"mobile":{"background-color":"","background-image":"","background-repeat":"repeat","background-position":"center center","background-size":"auto","background-attachment":"scroll","background-type":"","background-media":"","overlay-type":"","overlay-color":"","overlay-opacity":"","overlay-gradient":""}},"ast-content-background-meta":{"desktop":{"background-color":"var(--ast-global-color-5)","background-image":"","background-repeat":"repeat","background-position":"center center","background-size":"auto","background-attachment":"scroll","background-type":"","background-media":"","overlay-type":"","overlay-color":"","overlay-opacity":"","overlay-gradient":""},"tablet":{"background-color":"var(--ast-global-color-5)","background-image":"","background-repeat":"repeat","background-position":"center center","background-size":"auto","background-attachment":"scroll","background-type":"","background-media":"","overlay-type":"","overlay-color":"","overlay-opacity":"","overlay-gradient":""},"mobile":{"background-color":"var(--ast-global-color-5)","background-image":"","background-repeat":"repeat","background-position":"center center","background-size":"auto","background-attachment":"scroll","background-type":"","background-media":"","overlay-type":"","overlay-color":"","overlay-opacity":"","overlay-gradient":""}}},"product_brand":[],"product_cat":[996,188,811],"product_tag":[],"class_list":{"0":"post-337045","1":"product","2":"type-product","3":"status-publish","4":"has-post-thumbnail","6":"product_cat-berlin","7":"product_cat-freelancer","8":"product_cat-germany","9":"desktop-align-left","10":"tablet-align-left","11":"mobile-align-left","13":"first","14":"instock","15":"shipping-taxable","16":"product-type-simple"},"_links":{"self":[{"href":"https:\/\/poccky.com\/index.php\/wp-json\/wp\/v2\/product\/337045","targetHints":{"allow":["GET"]}}],"collection":[{"href":"https:\/\/poccky.com\/index.php\/wp-json\/wp\/v2\/product"}],"about":[{"href":"https:\/\/poccky.com\/index.php\/wp-json\/wp\/v2\/types\/product"}],"replies":[{"embeddable":true,"href":"https:\/\/poccky.com\/index.php\/wp-json\/wp\/v2\/comments?post=337045"}],"wp:featuredmedia":[{"embeddable":true,"href":"https:\/\/poccky.com\/index.php\/wp-json\/wp\/v2\/media\/87981"}],"wp:attachment":[{"href":"https:\/\/poccky.com\/index.php\/wp-json\/wp\/v2\/media?parent=337045"}],"wp:term":[{"taxonomy":"product_brand","embeddable":true,"href":"https:\/\/poccky.com\/index.php\/wp-json\/wp\/v2\/product_brand?post=337045"},{"taxonomy":"product_cat","embeddable":true,"href":"https:\/\/poccky.com\/index.php\/wp-json\/wp\/v2\/product_cat?post=337045"},{"taxonomy":"product_tag","embeddable":true,"href":"https:\/\/poccky.com\/index.php\/wp-json\/wp\/v2\/product_tag?post=337045"}],"curies":[{"name":"wp","href":"https:\/\/api.w.org\/{rel}","templated":true}]}}