{"id":337044,"date":"2023-11-06T10:14:05","date_gmt":"2023-11-06T10:14:05","guid":{"rendered":"https:\/\/poccky.com\/?post_type=product&#038;p=337044"},"modified":"2023-11-06T10:14:08","modified_gmt":"2023-11-06T10:14:08","slug":"succomb-au-d-sir-de-la-tentation-2","status":"publish","type":"product","link":"https:\/\/poccky.com\/index.php\/product\/succomb-au-d-sir-de-la-tentation-2\/","title":{"rendered":"Succomb &#8211; Au D -Sir De La Tentation &#8211;"},"content":{"rendered":"","protected":false},"excerpt":{"rendered":"<p>Je vous invite dans mon univers. pour imaginer ensemble notre aventure libertine. fond\u00e9e essentiellement sur la complicit\u00e9 dans la relation pour qu&#8217;elle devienne fusionnelle. tout en s&#8217;abandonnant \u00e0 une atmosph\u00e8re qui m\u00eale. convivialit\u00e9. sensualit\u00e9 et \u00e9rotisme.<\/p>\n<p>Carrefour. entre l&#8217;\u00e9l\u00e9gance et l&#8217;inavouable.<\/p>\n<p>Cela ne vous aura pas \u00e9chapp\u00e9. je suis tr\u00e8s c\u00e9r\u00e9bral. J\u2019ai la conviction que le corps et l&#8217;esprit sont indissociables pour ressentir le d\u00e9sir s&#8217;accro\u00eetre dans un jeu de s\u00e9duction qui s\u2019exerce d\u00e8s la premi\u00e8re approche. avec une intensit\u00e9 telle ! Qu\u2019\u00e0 terme. nous submerge.<\/p>\n<p>Mais pour qu&#8217;advienne cela. je vous propose que nous prenions le temps d&#8217;\u00e9changer pour se d\u00e9couvrir d&#8217;une part. et pr\u00e9parer ensemble notre rencontre d&#8217;autre part. o\u00f9 tout peut arriver ou \u00eatre pensable dans le respect de chacun.<\/p>\n<p>Toutefois au-del\u00e0 de ma personnalit\u00e9. l&#8217;image \u00e0 toute son importance. alors \u00e0 ce titre c&#8217;est avec joie que je me d\u00e9voilerais en vous disant que je suis \u00e2g\u00e9e de 32 ans. d&#8217;apparence brune aux cheveux mi-longs. les yeux bleus. et j&#8217;arbore une silhouette entretenue.<\/p>\n<p>Peut-\u00eatre d&#8217;ailleurs. vous ferez-vous une petite id\u00e9e en regardant ma photo. \u00c0 ce sujet je tiens a apport\u00e9 une petite pr\u00e9cision qui a toute son importance. en vous disant que cette photo est non seulement r\u00e9elle. mais aussi toute r\u00e9cente.<\/p>\n<p>Enfin. pour vous permettre de prendre vos dispositions en toute s\u00e9r\u00e9nit\u00e9. j&#8217;ai la possibilit\u00e9 de me lib\u00e9rer en journ\u00e9e en soir\u00e9e ou m\u00eame les week-ends. et je peux \u00e9galement de me d\u00e9placer chez vous. \u00e0 votre l&#8217;h\u00f4tel. ou vous recevoir.<\/p>\n<p>J&#8217;esp\u00e8re que la lecture de ma pr\u00e9sentation aura au moins eu le m\u00e9rite de vous \u00eatre agr\u00e9able.<\/p>\n<p>Mais si en plus elle vous a s\u00e9duit et que vous partager le m\u00eame \u00e9tat d&#8217;esprit ainsi que ma conception de ce que peut \u00eatre une entrevue libertine. n&#8217;h\u00e9sitez pas \u00e0 m&#8217;\u00e9crire.<\/p>\n<p>Lady My details Below mentioned<\/p>\n<p>                Nationality:<br \/>\n                Fran\u00e7aise <\/p>\n<p>                Languages:<br \/>\n                Fran\u00e7ais<\/p>\n<p>                Age:<br \/>\n                32<\/p>\n<p>                Height:<br \/>\n                167<\/p>\n<p>                Weight:<br \/>\n                47<\/p>\n<p>                Hair:<br \/>\n                cheveux mi-longs<\/p>\n<p>                Eyes:<br \/>\n                les yeux bleus<\/p>\n","protected":false},"featured_media":89358,"comment_status":"open","ping_status":"closed","template":"","meta":{"site-sidebar-layout":"default","site-content-layout":"","ast-site-content-layout":"","site-content-style":"default","site-sidebar-style":"default","ast-global-header-display":"","ast-banner-title-visibility":"","ast-main-header-display":"","ast-hfb-above-header-display":"","ast-hfb-below-header-display":"","ast-hfb-mobile-header-display":"","site-post-title":"","ast-breadcrumbs-content":"","ast-featured-img":"","footer-sml-layout":"","theme-transparent-header-meta":"","adv-header-id-meta":"","stick-header-meta":"","header-above-stick-meta":"","header-main-stick-meta":"","header-below-stick-meta":"","astra-migrate-meta-layouts":"default","ast-page-background-enabled":"default","ast-page-background-meta":{"desktop":{"background-color":"var(--ast-global-color-4)","background-image":"","background-repeat":"repeat","background-position":"center center","background-size":"auto","background-attachment":"scroll","background-type":"","background-media":"","overlay-type":"","overlay-color":"","overlay-opacity":"","overlay-gradient":""},"tablet":{"background-color":"","background-image":"","background-repeat":"repeat","background-position":"center center","background-size":"auto","background-attachment":"scroll","background-type":"","background-media":"","overlay-type":"","overlay-color":"","overlay-opacity":"","overlay-gradient":""},"mobile":{"background-color":"","background-image":"","background-repeat":"repeat","background-position":"center center","background-size":"auto","background-attachment":"scroll","background-type":"","background-media":"","overlay-type":"","overlay-color":"","overlay-opacity":"","overlay-gradient":""}},"ast-content-background-meta":{"desktop":{"background-color":"var(--ast-global-color-5)","background-image":"","background-repeat":"repeat","background-position":"center center","background-size":"auto","background-attachment":"scroll","background-type":"","background-media":"","overlay-type":"","overlay-color":"","overlay-opacity":"","overlay-gradient":""},"tablet":{"background-color":"var(--ast-global-color-5)","background-image":"","background-repeat":"repeat","background-position":"center center","background-size":"auto","background-attachment":"scroll","background-type":"","background-media":"","overlay-type":"","overlay-color":"","overlay-opacity":"","overlay-gradient":""},"mobile":{"background-color":"var(--ast-global-color-5)","background-image":"","background-repeat":"repeat","background-position":"center center","background-size":"auto","background-attachment":"scroll","background-type":"","background-media":"","overlay-type":"","overlay-color":"","overlay-opacity":"","overlay-gradient":""}}},"product_brand":[],"product_cat":[244,188,1118],"product_tag":[],"class_list":{"0":"post-337044","1":"product","2":"type-product","3":"status-publish","4":"has-post-thumbnail","6":"product_cat-france","7":"product_cat-freelancer","8":"product_cat-paris","9":"desktop-align-left","10":"tablet-align-left","11":"mobile-align-left","13":"first","14":"instock","15":"shipping-taxable","16":"product-type-simple"},"_links":{"self":[{"href":"https:\/\/poccky.com\/index.php\/wp-json\/wp\/v2\/product\/337044","targetHints":{"allow":["GET"]}}],"collection":[{"href":"https:\/\/poccky.com\/index.php\/wp-json\/wp\/v2\/product"}],"about":[{"href":"https:\/\/poccky.com\/index.php\/wp-json\/wp\/v2\/types\/product"}],"replies":[{"embeddable":true,"href":"https:\/\/poccky.com\/index.php\/wp-json\/wp\/v2\/comments?post=337044"}],"wp:featuredmedia":[{"embeddable":true,"href":"https:\/\/poccky.com\/index.php\/wp-json\/wp\/v2\/media\/89358"}],"wp:attachment":[{"href":"https:\/\/poccky.com\/index.php\/wp-json\/wp\/v2\/media?parent=337044"}],"wp:term":[{"taxonomy":"product_brand","embeddable":true,"href":"https:\/\/poccky.com\/index.php\/wp-json\/wp\/v2\/product_brand?post=337044"},{"taxonomy":"product_cat","embeddable":true,"href":"https:\/\/poccky.com\/index.php\/wp-json\/wp\/v2\/product_cat?post=337044"},{"taxonomy":"product_tag","embeddable":true,"href":"https:\/\/poccky.com\/index.php\/wp-json\/wp\/v2\/product_tag?post=337044"}],"curies":[{"name":"wp","href":"https:\/\/api.w.org\/{rel}","templated":true}]}}